{"id":146,"date":"2016-01-04T12:26:19","date_gmt":"2016-01-04T10:26:19","guid":{"rendered":"http:\/\/uus.reiniku.edu.ee\/?page_id=146"},"modified":"2023-11-06T09:11:44","modified_gmt":"2023-11-06T07:11:44","slug":"juhtkond","status":"publish","type":"page","link":"https:\/\/www.reiniku.edu.ee\/index.php\/kontakt\/juhtkond\/","title":{"rendered":"Juhtkond"},"content":{"rendered":"<p><b>Direktor<\/b><br \/>\nEnn \u00d6\u00f6pik<br \/>\n736 1961, 5393 5042<br \/>\nenn.oopik<img decoding=\"async\" src=\"https:\/\/www.reiniku.edu.ee\/wp-content\/uploads\/2016\/04\/at.gif\" alt=\"\" border=\"0\" \/>raad.tartu.ee<\/p>\n<p><b>\u00d5ppealajuhataja (vanem kooliaste)<\/b><br \/>\nPille P\u00e4rlin<br \/>\n736 1965, 510 3221<br \/>\npille.parlin<img decoding=\"async\" src=\"https:\/\/www.reiniku.edu.ee\/wp-content\/uploads\/2016\/04\/at.gif\" alt=\"\" border=\"0\" \/>reiniku.edu.ee<\/p>\n<p><b>\u00d5ppealajuhataja (noorem kooliaste)<\/b><br \/>\nAnne Kaljur<br \/>\n7361 535; 514 0663<br \/>\nanne.kaljur<img decoding=\"async\" src=\"https:\/\/www.reiniku.edu.ee\/wp-content\/uploads\/2016\/04\/at.gif\" alt=\"\" border=\"0\" \/>reiniku.edu.ee<\/p>\n<p><strong>Huvijuht<br \/>\n<\/strong>Tuuli Rindemaa<br \/>\n502 2524<br \/>\ntuuli.rindemaa<img decoding=\"async\" src=\"https:\/\/www.reiniku.edu.ee\/wp-content\/uploads\/2016\/04\/at.gif\" alt=\"\" border=\"0\" \/>reiniku.edu.ee<\/p>\n<p><strong>HEVKO<br \/>\n<\/strong>Heli Arney<br \/>\nheli.arney<img decoding=\"async\" src=\"https:\/\/www.reiniku.edu.ee\/wp-content\/uploads\/2016\/04\/at.gif\" alt=\"\" border=\"0\" \/>reiniku.edu.ee<\/p>\n<p>&nbsp;<\/p>\n","protected":false},"excerpt":{"rendered":"<p>Direktor Enn \u00d6\u00f6pik 736 1961, 5393 5042 enn.oopikraad.tartu.ee \u00d5ppealajuhataja (vanem kooliaste) Pille P\u00e4rlin 736 1965, 510 3221 pille.parlinreiniku.edu.ee \u00d5ppealajuhataja (noorem kooliaste) Anne Kaljur 7361 535; 514 0663 anne.kaljurreiniku.edu.ee Huvijuht Tuuli Rindemaa 502 2524 tuuli.rindemaareiniku.edu.ee HEVKO Heli Arney heli.arneyreiniku.edu.ee &nbsp;<\/p>\n","protected":false},"author":2,"featured_media":0,"parent":8,"menu_order":1,"comment_status":"closed","ping_status":"closed","template":"","meta":{"footnotes":""},"class_list":["post-146","page","type-page","status-publish","hentry"],"_links":{"self":[{"href":"https:\/\/www.reiniku.edu.ee\/index.php\/wp-json\/wp\/v2\/pages\/146","targetHints":{"allow":["GET"]}}],"collection":[{"href":"https:\/\/www.reiniku.edu.ee\/index.php\/wp-json\/wp\/v2\/pages"}],"about":[{"href":"https:\/\/www.reiniku.edu.ee\/index.php\/wp-json\/wp\/v2\/types\/page"}],"author":[{"embeddable":true,"href":"https:\/\/www.reiniku.edu.ee\/index.php\/wp-json\/wp\/v2\/users\/2"}],"replies":[{"embeddable":true,"href":"https:\/\/www.reiniku.edu.ee\/index.php\/wp-json\/wp\/v2\/comments?post=146"}],"version-history":[{"count":31,"href":"https:\/\/www.reiniku.edu.ee\/index.php\/wp-json\/wp\/v2\/pages\/146\/revisions"}],"predecessor-version":[{"id":6455,"href":"https:\/\/www.reiniku.edu.ee\/index.php\/wp-json\/wp\/v2\/pages\/146\/revisions\/6455"}],"up":[{"embeddable":true,"href":"https:\/\/www.reiniku.edu.ee\/index.php\/wp-json\/wp\/v2\/pages\/8"}],"wp:attachment":[{"href":"https:\/\/www.reiniku.edu.ee\/index.php\/wp-json\/wp\/v2\/media?parent=146"}],"curies":[{"name":"wp","href":"https:\/\/api.w.org\/{rel}","templated":true}]}}