{"id":15,"date":"2015-11-13T10:52:13","date_gmt":"2015-11-13T08:52:13","guid":{"rendered":"http:\/\/uus.reiniku.edu.ee\/?page_id=15"},"modified":"2025-09-24T14:40:05","modified_gmt":"2025-09-24T11:40:05","slug":"opilasesindus","status":"publish","type":"page","link":"https:\/\/www.reiniku.edu.ee\/index.php\/opilasesindus\/","title":{"rendered":"\u00d5pilasesindus"},"content":{"rendered":"<p><a href=\"https:\/\/www.reiniku.edu.ee\/wp-content\/uploads\/2025\/09\/Tartu-Mart-Reiniku-Kooli-opilasesinduse-pohimaarus.pdf\" target=\"_blank\" rel=\"noopener noreferrer\">\u00d5pilasesinduse p\u00f5him\u00e4\u00e4rus<\/a><\/p>\n<p><b>\u00d5pilasesindus<\/b> 2025\/2026 \u00f5ppeaastal:<\/p>\n<p><strong>JUHATUS<\/strong><\/p>\n<p>JUHT<br \/>\nElina Marie Leppsoo<\/p>\n<p>JUHIABI<br \/>\nKarita Lumiste<\/p>\n<p>JUHIABI<br \/>\nAnete-Marleen Luik<\/p>\n<p>&nbsp;<\/p>\n","protected":false},"excerpt":{"rendered":"<p>\u00d5pilasesinduse p\u00f5him\u00e4\u00e4rus \u00d5pilasesindus 2025\/2026 \u00f5ppeaastal: JUHATUS JUHT Elina Marie Leppsoo JUHIABI Karita Lumiste JUHIABI Anete-Marleen Luik &nbsp;<\/p>\n","protected":false},"author":1,"featured_media":0,"parent":0,"menu_order":2,"comment_status":"closed","ping_status":"closed","template":"","meta":{"footnotes":""},"class_list":["post-15","page","type-page","status-publish","hentry"],"_links":{"self":[{"href":"https:\/\/www.reiniku.edu.ee\/index.php\/wp-json\/wp\/v2\/pages\/15","targetHints":{"allow":["GET"]}}],"collection":[{"href":"https:\/\/www.reiniku.edu.ee\/index.php\/wp-json\/wp\/v2\/pages"}],"about":[{"href":"https:\/\/www.reiniku.edu.ee\/index.php\/wp-json\/wp\/v2\/types\/page"}],"author":[{"embeddable":true,"href":"https:\/\/www.reiniku.edu.ee\/index.php\/wp-json\/wp\/v2\/users\/1"}],"replies":[{"embeddable":true,"href":"https:\/\/www.reiniku.edu.ee\/index.php\/wp-json\/wp\/v2\/comments?post=15"}],"version-history":[{"count":52,"href":"https:\/\/www.reiniku.edu.ee\/index.php\/wp-json\/wp\/v2\/pages\/15\/revisions"}],"predecessor-version":[{"id":7649,"href":"https:\/\/www.reiniku.edu.ee\/index.php\/wp-json\/wp\/v2\/pages\/15\/revisions\/7649"}],"wp:attachment":[{"href":"https:\/\/www.reiniku.edu.ee\/index.php\/wp-json\/wp\/v2\/media?parent=15"}],"curies":[{"name":"wp","href":"https:\/\/api.w.org\/{rel}","templated":true}]}}