{"id":151,"date":"2016-01-04T12:29:38","date_gmt":"2016-01-04T10:29:38","guid":{"rendered":"http:\/\/uus.reiniku.edu.ee\/?page_id=151"},"modified":"2026-03-06T08:10:21","modified_gmt":"2026-03-06T06:10:21","slug":"opetajad","status":"publish","type":"page","link":"https:\/\/www.reiniku.edu.ee\/index.php\/opetajad\/","title":{"rendered":"\u00d5petajad"},"content":{"rendered":"<table width=\"770\">\n<tbody>\n<tr>\n<td width=\"180\"><strong>Nimi<\/strong><\/td>\n<td width=\"180\"><strong>\u00d5ppeaine<\/strong><\/td>\n<td width=\"120\"><strong>Klassijuhatamine<\/strong><\/td>\n<td width=\"70\"><strong>Kabinet<\/strong><\/td>\n<td width=\"220\"><strong>E-post<\/strong><\/td>\n<\/tr>\n<tr>\n<td width=\"180\">Aasm\u00e4e, Hille<\/td>\n<td width=\"180\">k\u00e4sit\u00f6\u00f6 ja kodundus<\/td>\n<td width=\"120\">\u00a09.B<\/td>\n<td width=\"70\">\u00a063<\/td>\n<td width=\"220\">hille.aasmae<img decoding=\"async\" src=\"https:\/\/www.reiniku.edu.ee\/wp-content\/uploads\/2016\/04\/at.gif\" alt=\"\" border=\"0\" \/>reiniku.edu.ee<\/td>\n<\/tr>\n<tr>\n<td width=\"180\">Allik, Ulvi<\/td>\n<td width=\"180\">alg\u00f5petus<\/td>\n<td width=\"120\">\u00a01.C<\/td>\n<td width=\"70\">\u00a0304<\/td>\n<td width=\"220\">ulvi.allik<img decoding=\"async\" src=\"https:\/\/www.reiniku.edu.ee\/wp-content\/uploads\/2016\/04\/at.gif\" alt=\"\" border=\"0\" \/>reiniku.edu.ee<\/td>\n<\/tr>\n<tr>\n<td width=\"180\">Antons, Karolina<\/td>\n<td width=\"180\">ajalugu, \u00fchiskonna\u00f5petus<\/td>\n<td width=\"120\">\u00a05.B<\/td>\n<td width=\"70\">\u00a022<\/td>\n<td width=\"220\">karolina.antons<img decoding=\"async\" src=\"https:\/\/www.reiniku.edu.ee\/wp-content\/uploads\/2016\/04\/at.gif\" alt=\"\" border=\"0\" \/>reiniku.edu.ee<\/td>\n<\/tr>\n<tr>\n<td width=\"180\">Arum\u00e4e, Kaisa<\/td>\n<td width=\"180\">ajalugu, \u00fchiskonna\u00f5petus<\/td>\n<td width=\"120\"><\/td>\n<td width=\"70\">\u00a021<\/td>\n<td width=\"220\">kaisa.arumae<img decoding=\"async\" src=\"https:\/\/www.reiniku.edu.ee\/wp-content\/uploads\/2016\/04\/at.gif\" alt=\"\" border=\"0\" \/>reiniku.edu.ee<\/td>\n<\/tr>\n<tr>\n<td width=\"180\">Bernhardt, Krista<\/td>\n<td width=\"180\">alg\u00f5petus<\/td>\n<td width=\"120\">\u00a02.C<\/td>\n<td width=\"70\">\u00a0309<\/td>\n<td width=\"220\">krista.bernhardt<img decoding=\"async\" src=\"https:\/\/www.reiniku.edu.ee\/wp-content\/uploads\/2016\/04\/at.gif\" alt=\"\" border=\"0\" \/>reiniku.edu.ee<\/td>\n<\/tr>\n<tr>\n<td width=\"180\">G\u00fcsson, Kairi<\/td>\n<td width=\"180\">hispaania keel<\/td>\n<td width=\"120\"><\/td>\n<td width=\"70\"><\/td>\n<td width=\"220\">kairi.gusson<img decoding=\"async\" src=\"https:\/\/www.reiniku.edu.ee\/wp-content\/uploads\/2016\/04\/at.gif\" alt=\"\" border=\"0\" \/>reiniku.edu.ee<\/td>\n<\/tr>\n<tr>\n<td width=\"180\">Hang, Tiina<\/td>\n<td width=\"180\">alg\u00f5petus<\/td>\n<td width=\"120\">\u00a04.B<\/td>\n<td width=\"70\">\u00a0108<\/td>\n<td width=\"220\">tiina.hang<img decoding=\"async\" src=\"https:\/\/www.reiniku.edu.ee\/wp-content\/uploads\/2016\/04\/at.gif\" alt=\"\" border=\"0\" \/>reiniku.edu.ee<\/td>\n<\/tr>\n<tr>\n<td width=\"180\">Hein, Urmas<\/td>\n<td width=\"180\">kehaline kasvatus, tehnoloogia\u00f5petus<\/td>\n<td width=\"120\">\u00a07.A<\/td>\n<td width=\"70\"><\/td>\n<td width=\"220\">urmas.hein<img decoding=\"async\" src=\"https:\/\/www.reiniku.edu.ee\/wp-content\/uploads\/2016\/04\/at.gif\" alt=\"\" border=\"0\" \/>reiniku.edu.ee<\/td>\n<\/tr>\n<tr>\n<td width=\"180\">Heinsalu, Tiiu<\/td>\n<td width=\"180\">eesti keel, kirjandus<\/td>\n<td width=\"120\">\u00a08.D<\/td>\n<td width=\"70\">\u00a033<\/td>\n<td width=\"220\">tiiu.heinsalu<img decoding=\"async\" src=\"https:\/\/www.reiniku.edu.ee\/wp-content\/uploads\/2016\/04\/at.gif\" alt=\"\" border=\"0\" \/>reiniku.edu.ee<\/td>\n<\/tr>\n<tr>\n<td width=\"180\">Hellat, Liina<\/td>\n<td width=\"180\">vene keel<\/td>\n<td width=\"120\"><\/td>\n<td width=\"70\">\u00a012<\/td>\n<td width=\"220\">liina.hellat<img decoding=\"async\" src=\"https:\/\/www.reiniku.edu.ee\/wp-content\/uploads\/2016\/04\/at.gif\" alt=\"\" border=\"0\" \/>reiniku.edu.ee<\/td>\n<\/tr>\n<tr>\n<td width=\"180\">J\u00e4rvsoo, Katrin<\/td>\n<td width=\"180\">alg\u00f5petus<\/td>\n<td width=\"120\">\u00a02.B<\/td>\n<td width=\"70\">\u00a0205<\/td>\n<td width=\"220\">katrin.jarvsoo<img decoding=\"async\" src=\"https:\/\/www.reiniku.edu.ee\/wp-content\/uploads\/2016\/04\/at.gif\" alt=\"\" border=\"0\" \/>reiniku.edu.ee<\/td>\n<\/tr>\n<tr>\n<td width=\"180\">J\u00e4\u00e4ger, Merike<\/td>\n<td width=\"180\">alg\u00f5petus, eripedagoog<\/td>\n<td width=\"120\">\u00a02.A<\/td>\n<td width=\"70\">\u00a0107<\/td>\n<td width=\"220\">merike.jaager<img decoding=\"async\" src=\"https:\/\/www.reiniku.edu.ee\/wp-content\/uploads\/2016\/04\/at.gif\" alt=\"\" border=\"0\" \/>reiniku.edu.ee<\/td>\n<\/tr>\n<tr>\n<td width=\"180\">Hunt, Merle<\/td>\n<td width=\"180\">inimese\u00f5petus<\/td>\n<td width=\"120\"><\/td>\n<td width=\"70\"><\/td>\n<td width=\"220\">merle.hunt<img decoding=\"async\" src=\"https:\/\/www.reiniku.edu.ee\/wp-content\/uploads\/2016\/04\/at.gif\" alt=\"\" border=\"0\" \/>reiniku.edu.ee<\/td>\n<\/tr>\n<tr>\n<td width=\"180\">Kalberg, Tiia<\/td>\n<td width=\"180\">vene keel, inglise keel<\/td>\n<td width=\"120\"><\/td>\n<td width=\"70\">\u00a011<\/td>\n<td width=\"220\">tiia.kalberg<img decoding=\"async\" src=\"https:\/\/www.reiniku.edu.ee\/wp-content\/uploads\/2016\/04\/at.gif\" alt=\"\" border=\"0\" \/>reiniku.edu.ee<\/td>\n<\/tr>\n<tr>\n<td width=\"180\">Kalda, Lea<\/td>\n<td width=\"180\">klaveri\u00f5petaja<\/td>\n<td width=\"120\"><\/td>\n<td width=\"70\"><\/td>\n<td width=\"220\">lea.kalda<img decoding=\"async\" src=\"https:\/\/www.reiniku.edu.ee\/wp-content\/uploads\/2016\/04\/at.gif\" alt=\"\" border=\"0\" \/>reiniku.edu.ee<\/td>\n<\/tr>\n<tr>\n<td width=\"180\">Kasemaa, Marina<\/td>\n<td width=\"180\">klaveri\u00f5petus<\/td>\n<td width=\"120\"><\/td>\n<td width=\"70\"><\/td>\n<td width=\"220\">marina.kasemaa<img decoding=\"async\" src=\"https:\/\/www.reiniku.edu.ee\/wp-content\/uploads\/2016\/04\/at.gif\" alt=\"\" border=\"0\" \/>reiniku.edu.ee<\/td>\n<\/tr>\n<tr>\n<td width=\"180\">Kikas, Anu<\/td>\n<td width=\"180\">matemaatika<\/td>\n<td width=\"120\">\u00a08.C<\/td>\n<td width=\"70\">\u00a034<\/td>\n<td width=\"220\">anu.kikas<img decoding=\"async\" src=\"https:\/\/www.reiniku.edu.ee\/wp-content\/uploads\/2016\/04\/at.gif\" alt=\"\" border=\"0\" \/>reiniku.edu.ee<\/td>\n<\/tr>\n<tr>\n<td width=\"180\">Kiudorf, Gea<\/td>\n<td width=\"180\">keemia, loodus\u00f5petus, bioloogia<\/td>\n<td width=\"120\">\u00a06.A<\/td>\n<td width=\"70\">\u00a043<\/td>\n<td width=\"220\">gea.kiudorf<img decoding=\"async\" src=\"https:\/\/www.reiniku.edu.ee\/wp-content\/uploads\/2016\/04\/at.gif\" alt=\"\" border=\"0\" \/>reiniku.edu.ee<\/td>\n<\/tr>\n<tr>\n<td width=\"180\">Kivi, Lea<\/td>\n<td width=\"180\">alg\u00f5petus, eripedagoog<\/td>\n<td width=\"120\">\u00a04.D<\/td>\n<td width=\"70\">\u00a0207<\/td>\n<td width=\"220\">lea.kivi<img decoding=\"async\" src=\"https:\/\/www.reiniku.edu.ee\/wp-content\/uploads\/2016\/04\/at.gif\" alt=\"\" border=\"0\" \/>reiniku.edu.ee<\/td>\n<\/tr>\n<tr>\n<td width=\"180\">Klimu\u0161ev, Georg<\/td>\n<td width=\"180\">ajalugu, \u00fchiskonna\u00f5petus<\/td>\n<td width=\"120\">\u00a07.D<\/td>\n<td width=\"70\"><\/td>\n<td width=\"220\">georg.klimushev<img decoding=\"async\" src=\"https:\/\/www.reiniku.edu.ee\/wp-content\/uploads\/2016\/04\/at.gif\" alt=\"\" border=\"0\" \/>reiniku.edu.ee<\/td>\n<\/tr>\n<tr>\n<td width=\"180\">Kriipsalu, Kadri<\/td>\n<td width=\"180\">inglise keel<\/td>\n<td width=\"120\">\u00a06.C<\/td>\n<td width=\"70\">\u00a072<\/td>\n<td width=\"220\">kadri.kriipsalu<img decoding=\"async\" src=\"https:\/\/www.reiniku.edu.ee\/wp-content\/uploads\/2016\/04\/at.gif\" alt=\"\" border=\"0\" \/>reiniku.edu.ee<\/td>\n<\/tr>\n<tr>\n<td width=\"180\">K\u00e4\u00e4rik, Aive<\/td>\n<td width=\"180\">alg\u00f5petus<\/td>\n<td width=\"120\">\u00a04.C<\/td>\n<td width=\"70\">\u00a0201<\/td>\n<td width=\"220\">aive.kaarik<img decoding=\"async\" src=\"https:\/\/www.reiniku.edu.ee\/wp-content\/uploads\/2016\/04\/at.gif\" alt=\"\" border=\"0\" \/>reiniku.edu.ee<\/td>\n<\/tr>\n<tr>\n<td width=\"180\">K\u00e4\u00e4rik, Terje<\/td>\n<td width=\"180\">alg\u00f5petus<\/td>\n<td width=\"120\">\u00a03.A<\/td>\n<td width=\"70\">\u00a0203<\/td>\n<td width=\"220\">terje.kaarik<img decoding=\"async\" src=\"https:\/\/www.reiniku.edu.ee\/wp-content\/uploads\/2016\/04\/at.gif\" alt=\"\" border=\"0\" \/>reiniku.edu.ee<\/td>\n<\/tr>\n<tr>\n<td width=\"180\">K\u00f6\u00f6bi, Margit<\/td>\n<td width=\"180\">kehaline kasvatus<\/td>\n<td width=\"120\"><\/td>\n<td width=\"70\"><\/td>\n<td width=\"220\">margit.koobi<img decoding=\"async\" src=\"https:\/\/www.reiniku.edu.ee\/wp-content\/uploads\/2016\/04\/at.gif\" alt=\"\" border=\"0\" \/>reiniku.edu.ee<\/td>\n<\/tr>\n<tr>\n<td width=\"180\">Leemet, Mari<\/td>\n<td width=\"180\">alg\u00f5petus<\/td>\n<td width=\"120\">\u00a03.D<\/td>\n<td width=\"70\">\u00a0303<\/td>\n<td width=\"220\">mari.leemet<img decoding=\"async\" src=\"https:\/\/www.reiniku.edu.ee\/wp-content\/uploads\/2016\/04\/at.gif\" alt=\"\" border=\"0\" \/>reiniku.edu.ee<\/td>\n<\/tr>\n<tr>\n<td width=\"180\">Loite, Tiiu<\/td>\n<td width=\"180\">muusika<\/td>\n<td width=\"120\"><\/td>\n<td width=\"70\">\u00a052<\/td>\n<td width=\"220\">tiiu.loite<img decoding=\"async\" src=\"https:\/\/www.reiniku.edu.ee\/wp-content\/uploads\/2016\/04\/at.gif\" alt=\"\" border=\"0\" \/>reiniku.edu.ee<\/td>\n<\/tr>\n<tr>\n<td width=\"180\">Lokk, Silja<\/td>\n<td width=\"180\">saksa keel<\/td>\n<td width=\"120\"><\/td>\n<td width=\"70\">\u00a0111<\/td>\n<td width=\"220\">silja.lokk<img decoding=\"async\" src=\"https:\/\/www.reiniku.edu.ee\/wp-content\/uploads\/2016\/04\/at.gif\" alt=\"\" border=\"0\" \/>reiniku.edu.ee<\/td>\n<\/tr>\n<tr>\n<td width=\"180\">Loot, Kersti<\/td>\n<td width=\"180\">inglise keel<\/td>\n<td width=\"120\"><\/td>\n<td width=\"70\">\u00a071<\/td>\n<td width=\"220\">kersti.loot<img decoding=\"async\" src=\"https:\/\/www.reiniku.edu.ee\/wp-content\/uploads\/2016\/04\/at.gif\" alt=\"\" border=\"0\" \/>reiniku.edu.ee<\/td>\n<\/tr>\n<tr>\n<td width=\"180\">L\u00e4\u00e4nemets, Meili<\/td>\n<td width=\"180\">inglise keel<\/td>\n<td width=\"120\">\u00a09.K<\/td>\n<td width=\"70\">\u00a0206<\/td>\n<td width=\"220\">meili.laanemets<img decoding=\"async\" src=\"https:\/\/www.reiniku.edu.ee\/wp-content\/uploads\/2016\/04\/at.gif\" alt=\"\" border=\"0\" \/>reiniku.edu.ee<\/td>\n<\/tr>\n<tr>\n<td width=\"180\">Martinson, Getter<\/td>\n<td width=\"180\">alg\u00f5petus<\/td>\n<td width=\"120\">\u00a02\/3.E<\/td>\n<td width=\"70\">\u00a0306<\/td>\n<td width=\"220\">getter.martinson<img decoding=\"async\" src=\"https:\/\/www.reiniku.edu.ee\/wp-content\/uploads\/2016\/04\/at.gif\" alt=\"\" border=\"0\" \/>reiniku.edu.ee<\/td>\n<\/tr>\n<tr>\n<td width=\"180\">Morozova, Sirle<\/td>\n<td width=\"180\">f\u00fc\u00fcsika, matemaatika<\/td>\n<td width=\"120\">\u00a07.B<\/td>\n<td width=\"70\">\u00a042<\/td>\n<td width=\"220\">sirle.morozova<img decoding=\"async\" src=\"https:\/\/www.reiniku.edu.ee\/wp-content\/uploads\/2016\/04\/at.gif\" alt=\"\" border=\"0\" \/>reiniku.edu.ee<\/td>\n<\/tr>\n<tr>\n<td width=\"180\">Niinem\u00e4gi, Samantha<\/td>\n<td width=\"180\">alg\u00f5petus<\/td>\n<td width=\"120\">\u00a02.D<\/td>\n<td width=\"70\">101<\/td>\n<td width=\"220\">samantha.niinemagi<img decoding=\"async\" src=\"https:\/\/www.reiniku.edu.ee\/wp-content\/uploads\/2016\/04\/at.gif\" alt=\"\" border=\"0\" \/>reiniku.edu.ee<\/td>\n<\/tr>\n<tr>\n<td width=\"180\">Nukka, Merit<\/td>\n<td width=\"180\">eripedagoog<\/td>\n<td width=\"120\">\u00a05.D<\/td>\n<td width=\"70\"><\/td>\n<td width=\"220\">merit.nukka<img decoding=\"async\" src=\"https:\/\/www.reiniku.edu.ee\/wp-content\/uploads\/2016\/04\/at.gif\" alt=\"\" border=\"0\" \/>reiniku.edu.ee<\/td>\n<\/tr>\n<tr>\n<td width=\"180\">Oja, Maire<\/td>\n<td width=\"180\">matemaatika<\/td>\n<td width=\"120\"><\/td>\n<td width=\"70\">\u00a024<\/td>\n<td width=\"220\">maire.oja<img decoding=\"async\" src=\"https:\/\/www.reiniku.edu.ee\/wp-content\/uploads\/2016\/04\/at.gif\" alt=\"\" border=\"0\" \/>reiniku.edu.ee<\/td>\n<\/tr>\n<tr>\n<td width=\"180\">Oja, Mart<\/td>\n<td width=\"180\">matemaatika<\/td>\n<td width=\"120\"><\/td>\n<td width=\"70\">\u00a035<\/td>\n<td width=\"220\">mart.oja<img decoding=\"async\" src=\"https:\/\/www.reiniku.edu.ee\/wp-content\/uploads\/2016\/04\/at.gif\" alt=\"\" border=\"0\" \/>reiniku.edu.ee<\/td>\n<\/tr>\n<tr>\n<td width=\"180\">Paide, Aveli<br \/>\n(lapsehoolduspuhkusel)<\/td>\n<td width=\"180\">puhkpilli\u00f5petus<\/td>\n<td width=\"120\"><\/td>\n<td width=\"70\"><\/td>\n<td width=\"220\">aveli.paide<img decoding=\"async\" src=\"https:\/\/www.reiniku.edu.ee\/wp-content\/uploads\/2016\/04\/at.gif\" alt=\"\" border=\"0\" \/>reiniku.edu.ee<\/td>\n<\/tr>\n<tr>\n<td width=\"180\">Pallo, Sirje<\/td>\n<td width=\"180\">kehaline kasvatus<\/td>\n<td width=\"120\">\u00a07.C<\/td>\n<td width=\"70\"><\/td>\n<td width=\"220\">sirje.pallo<img decoding=\"async\" src=\"https:\/\/www.reiniku.edu.ee\/wp-content\/uploads\/2016\/04\/at.gif\" alt=\"\" border=\"0\" \/>reiniku.edu.ee<\/td>\n<\/tr>\n<tr>\n<td width=\"180\">Parv, Merle<\/td>\n<td width=\"180\">alg\u00f5petus<\/td>\n<td width=\"120\">\u00a04.A<\/td>\n<td width=\"70\">\u00a0202<\/td>\n<td width=\"220\">merle.parv<img decoding=\"async\" src=\"https:\/\/www.reiniku.edu.ee\/wp-content\/uploads\/2016\/04\/at.gif\" alt=\"\" border=\"0\" \/>reiniku.edu.ee<\/td>\n<\/tr>\n<tr>\n<td width=\"180\">Peterson, Pilletriin<\/td>\n<td width=\"180\">hispaania keel<\/td>\n<td width=\"120\"><\/td>\n<td width=\"70\"><\/td>\n<td width=\"220\">pilletriin.peterson<img decoding=\"async\" src=\"https:\/\/www.reiniku.edu.ee\/wp-content\/uploads\/2016\/04\/at.gif\" alt=\"\" border=\"0\" \/>reiniku.edu.ee<\/td>\n<\/tr>\n<tr>\n<td width=\"180\">P\u00e4rli, Siret<\/td>\n<td width=\"180\">alg\u00f5petus, inglise keel<\/td>\n<td width=\"120\">\u00a01.A<\/td>\n<td width=\"70\">\u00a0305<\/td>\n<td width=\"220\">siret.parli<img decoding=\"async\" src=\"https:\/\/www.reiniku.edu.ee\/wp-content\/uploads\/2016\/04\/at.gif\" alt=\"\" border=\"0\" \/>reiniku.edu.ee<\/td>\n<\/tr>\n<tr>\n<td width=\"180\">P\u00e4rlin, Triin<\/td>\n<td width=\"180\">alg\u00f5petus-abi\u00f5petaja, pikap\u00e4evar\u00fchm<\/td>\n<td width=\"120\"><\/td>\n<td width=\"70\">204<\/td>\n<td width=\"220\">triin.parlin<img decoding=\"async\" src=\"https:\/\/www.reiniku.edu.ee\/wp-content\/uploads\/2016\/04\/at.gif\" alt=\"\" border=\"0\" \/>reiniku.edu.ee<\/td>\n<\/tr>\n<tr>\n<td width=\"180\">P\u00e4rtelpoeg, Imbi<\/td>\n<td width=\"180\">muusika<\/td>\n<td width=\"120\">\u00a09.A<\/td>\n<td width=\"70\">\u00a052<\/td>\n<td width=\"220\">imbi.partelpoeg<img decoding=\"async\" src=\"https:\/\/www.reiniku.edu.ee\/wp-content\/uploads\/2016\/04\/at.gif\" alt=\"\" border=\"0\" \/>reiniku.edu.ee<\/td>\n<\/tr>\n<tr>\n<td width=\"180\">Rae, Rahel<\/td>\n<td width=\"180\">geograafia<\/td>\n<td width=\"120\">\u00a08.B<\/td>\n<td width=\"70\"><\/td>\n<td width=\"220\">rahel.rae<img decoding=\"async\" src=\"https:\/\/www.reiniku.edu.ee\/wp-content\/uploads\/2016\/04\/at.gif\" alt=\"\" border=\"0\" \/>reiniku.edu.ee<\/td>\n<\/tr>\n<tr>\n<td width=\"180\">Reimus, Rita<\/td>\n<td width=\"180\">alg\u00f5petus<\/td>\n<td width=\"120\">\u00a01.D<\/td>\n<td width=\"70\">\u00a0205<\/td>\n<td width=\"220\">rita.reimus<img decoding=\"async\" src=\"https:\/\/www.reiniku.edu.ee\/wp-content\/uploads\/2016\/04\/at.gif\" alt=\"\" border=\"0\" \/>reiniku.edu.ee<\/td>\n<\/tr>\n<tr>\n<td width=\"180\">Reinhold, Riina<\/td>\n<td width=\"180\">inglise keel<\/td>\n<td width=\"120\">\u00a08.A<\/td>\n<td width=\"70\">\u00a013<\/td>\n<td width=\"220\">riina.reinhold<img decoding=\"async\" src=\"https:\/\/www.reiniku.edu.ee\/wp-content\/uploads\/2016\/04\/at.gif\" alt=\"\" border=\"0\" \/>reiniku.edu.ee<\/td>\n<\/tr>\n<tr>\n<td width=\"180\">Russak, Silja<\/td>\n<td width=\"180\">eesti keel, kirjandus<\/td>\n<td width=\"120\"><\/td>\n<td width=\"70\">\u00a061<\/td>\n<td width=\"220\">silja.russak<img decoding=\"async\" src=\"https:\/\/www.reiniku.edu.ee\/wp-content\/uploads\/2016\/04\/at.gif\" alt=\"\" border=\"0\" \/>reiniku.edu.ee<\/td>\n<\/tr>\n<tr>\n<td width=\"180\">Ruul, Kaire<\/td>\n<td width=\"180\">matemaatika, arvuti\u00f5petus<\/td>\n<td width=\"120\"><\/td>\n<td width=\"70\">\u00a025<\/td>\n<td width=\"220\">kaire.ruul<img decoding=\"async\" src=\"https:\/\/www.reiniku.edu.ee\/wp-content\/uploads\/2016\/04\/at.gif\" alt=\"\" border=\"0\" \/>reiniku.edu.ee<\/td>\n<\/tr>\n<tr>\n<td width=\"180\">R\u00fc\u00fcson, Ave<\/td>\n<td width=\"180\">matemaatika<\/td>\n<td width=\"120\">\u00a06.B<\/td>\n<td width=\"70\">\u00a023<\/td>\n<td width=\"220\">ave.ruuson<img decoding=\"async\" src=\"https:\/\/www.reiniku.edu.ee\/wp-content\/uploads\/2016\/04\/at.gif\" alt=\"\" border=\"0\" \/>reiniku.edu.ee<\/td>\n<\/tr>\n<tr>\n<td width=\"180\">Saaren, Triinu (lapsehoolduspuhkusel)<\/td>\n<td width=\"180\">ajalugu<\/td>\n<td width=\"120\"><\/td>\n<td width=\"70\"><\/td>\n<td width=\"220\">triinu.saaren<img decoding=\"async\" src=\"https:\/\/www.reiniku.edu.ee\/wp-content\/uploads\/2016\/04\/at.gif\" alt=\"\" border=\"0\" \/>reiniku.edu.ee<\/td>\n<\/tr>\n<tr>\n<td width=\"180\">Saariste, Triin<\/td>\n<td width=\"180\">muusika<\/td>\n<td width=\"120\"><\/td>\n<td width=\"70\">204<\/td>\n<td width=\"220\">triin.saariste<img decoding=\"async\" src=\"https:\/\/www.reiniku.edu.ee\/wp-content\/uploads\/2016\/04\/at.gif\" alt=\"\" border=\"0\" \/>reiniku.edu.ee<\/td>\n<\/tr>\n<tr>\n<td width=\"180\">Sarapuu, Aivar<\/td>\n<td width=\"180\">tehnoloogia\u00f5petus<\/td>\n<td width=\"120\">\u00a09.C<\/td>\n<td width=\"70\">\u00a034<\/td>\n<td width=\"220\">aivar.sarapuu<img decoding=\"async\" src=\"https:\/\/www.reiniku.edu.ee\/wp-content\/uploads\/2016\/04\/at.gif\" alt=\"\" border=\"0\" \/>reiniku.edu.ee<\/td>\n<\/tr>\n<tr>\n<td width=\"180\">Sarapuu, Kristi<\/td>\n<td width=\"180\">inglise keel<\/td>\n<td width=\"120\"><\/td>\n<td width=\"70\">\u00a073<\/td>\n<td width=\"220\">kristi.sarapuu<img decoding=\"async\" src=\"https:\/\/www.reiniku.edu.ee\/wp-content\/uploads\/2016\/04\/at.gif\" alt=\"\" border=\"0\" \/>reiniku.edu.ee<\/td>\n<\/tr>\n<tr>\n<td width=\"180\">Saue, Helle<\/td>\n<td width=\"180\">kunst<\/td>\n<td width=\"120\"><\/td>\n<td width=\"70\">\u00a064<\/td>\n<td width=\"220\">helle.saue<img decoding=\"async\" src=\"https:\/\/www.reiniku.edu.ee\/wp-content\/uploads\/2016\/04\/at.gif\" alt=\"\" border=\"0\" \/>reiniku.edu.ee<\/td>\n<\/tr>\n<tr>\n<td width=\"180\">Savolainen, Rauno<\/td>\n<td width=\"180\">bioloogia<\/td>\n<td width=\"120\"><\/td>\n<td width=\"70\"><\/td>\n<td width=\"220\">rauno.savolainen<img decoding=\"async\" src=\"https:\/\/www.reiniku.edu.ee\/wp-content\/uploads\/2016\/04\/at.gif\" alt=\"\" border=\"0\" \/>reiniku.edu.ee<\/td>\n<\/tr>\n<tr>\n<td width=\"180\">Schasmin, Hiiele<\/td>\n<td width=\"180\">muusika<\/td>\n<td width=\"120\"><\/td>\n<td width=\"70\">V48-53, R25-307<\/td>\n<td width=\"220\">hiiele.schasmin<img decoding=\"async\" src=\"https:\/\/www.reiniku.edu.ee\/wp-content\/uploads\/2016\/04\/at.gif\" alt=\"\" border=\"0\" \/>reiniku.edu.ee<\/td>\n<\/tr>\n<tr>\n<td width=\"180\">Salmistu-Vaas, Esta<\/td>\n<td width=\"180\">eesti keel, kirjandus<\/td>\n<td width=\"120\"><\/td>\n<td width=\"70\">\u00a062<\/td>\n<td width=\"220\">esta.salmistu-vaas<img decoding=\"async\" src=\"https:\/\/www.reiniku.edu.ee\/wp-content\/uploads\/2016\/04\/at.gif\" alt=\"\" border=\"0\" \/>reiniku.edu.ee<\/td>\n<\/tr>\n<tr>\n<td width=\"180\">Sepma, Piret (lapsehoolduspuhkusel)<\/td>\n<td width=\"180\">keemia, geograafia<\/td>\n<td width=\"120\"><\/td>\n<td width=\"70\"><\/td>\n<td width=\"220\">piret.sepma<img decoding=\"async\" src=\"https:\/\/www.reiniku.edu.ee\/wp-content\/uploads\/2016\/04\/at.gif\" alt=\"\" border=\"0\" \/>reiniku.edu.ee<\/td>\n<\/tr>\n<tr>\n<td width=\"180\">Seppa, Annika<\/td>\n<td width=\"180\">kehaline kasvatus<\/td>\n<td width=\"120\">\u00a09.E<\/td>\n<td width=\"70\"><\/td>\n<td width=\"220\">annika.seppa<img decoding=\"async\" src=\"https:\/\/www.reiniku.edu.ee\/wp-content\/uploads\/2016\/04\/at.gif\" alt=\"\" border=\"0\" \/>reiniku.edu.ee<\/td>\n<\/tr>\n<tr>\n<td width=\"180\">Soo, Maire<\/td>\n<td width=\"180\">vene keel<\/td>\n<td width=\"120\"><\/td>\n<td width=\"70\"><\/td>\n<td width=\"220\">maire.soo<img decoding=\"async\" src=\"https:\/\/www.reiniku.edu.ee\/wp-content\/uploads\/2016\/04\/at.gif\" alt=\"\" border=\"0\" \/>reiniku.edu.ee<\/td>\n<\/tr>\n<tr>\n<td width=\"180\">Siidra, Geidi (lapsehoolduspuhkusel)<\/td>\n<td width=\"180\">bioloogia<\/td>\n<td width=\"120\">\u00a09.D<\/td>\n<td width=\"70\">\u00a032<\/td>\n<td width=\"220\">geidi.siidra<img decoding=\"async\" src=\"https:\/\/www.reiniku.edu.ee\/wp-content\/uploads\/2016\/04\/at.gif\" alt=\"\" border=\"0\" \/>reiniku.edu.ee<\/td>\n<\/tr>\n<tr>\n<td width=\"180\">Soer, Kaire<\/td>\n<td width=\"180\">keemia, geograafia, loodus\u00f5petus<\/td>\n<td width=\"120\">\u00a05.A<\/td>\n<td width=\"70\">\u00a041<\/td>\n<td width=\"220\">kaire.soer<img decoding=\"async\" src=\"https:\/\/www.reiniku.edu.ee\/wp-content\/uploads\/2016\/04\/at.gif\" alt=\"\" border=\"0\" \/>reiniku.edu.ee<\/td>\n<\/tr>\n<tr>\n<td width=\"180\">Songi, Merili<\/td>\n<td width=\"180\">inimese\u00f5petus<\/td>\n<td width=\"120\">\u00a05.C<\/td>\n<td width=\"70\">\u00a043<\/td>\n<td>merili.songi<img decoding=\"async\" src=\"https:\/\/www.reiniku.edu.ee\/wp-content\/uploads\/2016\/04\/at.gif\" alt=\"\" border=\"0\" \/>reiniku.edu.ee<\/td>\n<\/tr>\n<tr>\n<td width=\"180\">Sula, Kaspar<\/td>\n<td width=\"180\">kehaline kasvatus<\/td>\n<td width=\"120\"><\/td>\n<td width=\"70\"><\/td>\n<td width=\"220\">kaspar.sula<img decoding=\"async\" src=\"https:\/\/www.reiniku.edu.ee\/wp-content\/uploads\/2016\/04\/at.gif\" alt=\"\" border=\"0\" \/>reiniku.edu.ee<\/td>\n<\/tr>\n<tr>\n<td width=\"180\">Tein, Marika<\/td>\n<td width=\"180\">alg\u00f5petus<\/td>\n<td width=\"120\">\u00a03.B<\/td>\n<td width=\"70\">\u00a0302<\/td>\n<td width=\"220\">marika.tein<img decoding=\"async\" src=\"https:\/\/www.reiniku.edu.ee\/wp-content\/uploads\/2016\/04\/at.gif\" alt=\"\" border=\"0\" \/>reiniku.edu.ee<\/td>\n<\/tr>\n<tr>\n<td width=\"180\">Tilgar, Jaan<\/td>\n<td width=\"180\">puhkpilli\u00f5petus<\/td>\n<td width=\"120\"><\/td>\n<td width=\"70\">\u00a036<\/td>\n<td width=\"220\">jaan.tilgar<img decoding=\"async\" src=\"https:\/\/www.reiniku.edu.ee\/wp-content\/uploads\/2016\/04\/at.gif\" alt=\"\" border=\"0\" \/>reiniku.edu.ee<\/td>\n<\/tr>\n<tr>\n<td width=\"180\">Toomsalu, Taavi<\/td>\n<td width=\"180\">puhkpilli\u00f5petus<\/td>\n<td width=\"120\"><\/td>\n<td width=\"70\"><\/td>\n<td width=\"220\">taavi.toomsalu<img decoding=\"async\" src=\"https:\/\/www.reiniku.edu.ee\/wp-content\/uploads\/2016\/04\/at.gif\" alt=\"\" border=\"0\" \/>reiniku.edu.ee<\/td>\n<\/tr>\n<tr>\n<td width=\"180\">Tuhkur, Kaia<\/td>\n<td width=\"180\">alg\u00f5petus<\/td>\n<td width=\"120\">\u00a01.B<\/td>\n<td width=\"70\">\u00a0301<\/td>\n<td width=\"220\">kaia.tuhkur<img decoding=\"async\" src=\"https:\/\/www.reiniku.edu.ee\/wp-content\/uploads\/2016\/04\/at.gif\" alt=\"\" border=\"0\" \/>reiniku.edu.ee<\/td>\n<\/tr>\n<tr>\n<td width=\"180\">Tuhkur, Tiina<\/td>\n<td width=\"180\">ringijuht<\/td>\n<td width=\"120\"><\/td>\n<td width=\"70\"><\/td>\n<td width=\"220\">tiina.tuhkur<img decoding=\"async\" src=\"https:\/\/www.reiniku.edu.ee\/wp-content\/uploads\/2016\/04\/at.gif\" alt=\"\" border=\"0\" \/>reiniku.edu.ee<\/td>\n<\/tr>\n<tr>\n<td width=\"180\">Vahtrik, Heigo<\/td>\n<td width=\"180\">kehaline kasvatus, tehnoloogia\u00f5petus<\/td>\n<td width=\"120\"><\/td>\n<td width=\"70\"><\/td>\n<td width=\"220\">heigo.vahtrik<img decoding=\"async\" src=\"https:\/\/www.reiniku.edu.ee\/wp-content\/uploads\/2016\/04\/at.gif\" alt=\"\" border=\"0\" \/>reiniku.edu.ee<\/td>\n<\/tr>\n<tr>\n<td width=\"180\">Vaigla, Kaisa<\/td>\n<td width=\"180\">eesti keel, kirjandus<\/td>\n<td width=\"120\"><\/td>\n<td width=\"70\">\u00a054<\/td>\n<td width=\"220\">kaisa.vaigla<img decoding=\"async\" src=\"https:\/\/www.reiniku.edu.ee\/wp-content\/uploads\/2016\/04\/at.gif\" alt=\"\" border=\"0\" \/>reiniku.edu.ee<\/td>\n<\/tr>\n<tr>\n<td width=\"180\">Varep, Leili<\/td>\n<td width=\"180\">abi\u00f5petaja<\/td>\n<td width=\"120\"><\/td>\n<td width=\"70\"><\/td>\n<td width=\"220\">leili.varep@reiniku.edu.ee<\/td>\n<\/tr>\n<tr>\n<td width=\"180\">Viileberg, Sirje<\/td>\n<td width=\"180\">saksa keel<\/td>\n<td width=\"120\"><\/td>\n<td width=\"70\">\u00a076<\/td>\n<td width=\"220\">sirje.viileberg<img decoding=\"async\" src=\"https:\/\/www.reiniku.edu.ee\/wp-content\/uploads\/2016\/04\/at.gif\" alt=\"\" border=\"0\" \/>reiniku.edu.ee<\/td>\n<\/tr>\n<tr>\n<td width=\"180\">V\u00e4hi, Evi<\/td>\n<td width=\"180\">alg\u00f5petus<\/td>\n<td width=\"120\">\u00a03.C<\/td>\n<td width=\"70\">\u00a0104<\/td>\n<td width=\"220\">evi.vahi<img decoding=\"async\" src=\"https:\/\/www.reiniku.edu.ee\/wp-content\/uploads\/2016\/04\/at.gif\" alt=\"\" border=\"0\" \/>reiniku.edu.ee<\/td>\n<\/tr>\n<\/tbody>\n<\/table>\n","protected":false},"excerpt":{"rendered":"<p>Nimi \u00d5ppeaine Klassijuhatamine Kabinet E-post Aasm\u00e4e, Hille k\u00e4sit\u00f6\u00f6 ja kodundus \u00a09.B \u00a063 hille.aasmaereiniku.edu.ee Allik, Ulvi alg\u00f5petus \u00a01.C \u00a0304 ulvi.allikreiniku.edu.ee Antons, Karolina ajalugu, \u00fchiskonna\u00f5petus \u00a05.B \u00a022 karolina.antonsreiniku.edu.ee Arum\u00e4e, Kaisa ajalugu, \u00fchiskonna\u00f5petus \u00a021 kaisa.arumaereiniku.edu.ee Bernhardt, Krista alg\u00f5petus \u00a02.C \u00a0309 krista.bernhardtreiniku.edu.ee G\u00fcsson, Kairi hispaania keel kairi.gussonreiniku.edu.ee Hang, Tiina alg\u00f5petus \u00a04.B \u00a0108 tiina.hangreiniku.edu.ee Hein, Urmas kehaline kasvatus, tehnoloogia\u00f5petus \u00a07.A [&hellip;]<\/p>\n","protected":false},"author":2,"featured_media":0,"parent":0,"menu_order":0,"comment_status":"closed","ping_status":"closed","template":"","meta":{"footnotes":""},"class_list":["post-151","page","type-page","status-publish","hentry"],"_links":{"self":[{"href":"https:\/\/www.reiniku.edu.ee\/index.php\/wp-json\/wp\/v2\/pages\/151","targetHints":{"allow":["GET"]}}],"collection":[{"href":"https:\/\/www.reiniku.edu.ee\/index.php\/wp-json\/wp\/v2\/pages"}],"about":[{"href":"https:\/\/www.reiniku.edu.ee\/index.php\/wp-json\/wp\/v2\/types\/page"}],"author":[{"embeddable":true,"href":"https:\/\/www.reiniku.edu.ee\/index.php\/wp-json\/wp\/v2\/users\/2"}],"replies":[{"embeddable":true,"href":"https:\/\/www.reiniku.edu.ee\/index.php\/wp-json\/wp\/v2\/comments?post=151"}],"version-history":[{"count":181,"href":"https:\/\/www.reiniku.edu.ee\/index.php\/wp-json\/wp\/v2\/pages\/151\/revisions"}],"predecessor-version":[{"id":8002,"href":"https:\/\/www.reiniku.edu.ee\/index.php\/wp-json\/wp\/v2\/pages\/151\/revisions\/8002"}],"wp:attachment":[{"href":"https:\/\/www.reiniku.edu.ee\/index.php\/wp-json\/wp\/v2\/media?parent=151"}],"curies":[{"name":"wp","href":"https:\/\/api.w.org\/{rel}","templated":true}]}}