{"id":154,"date":"2016-01-04T12:58:19","date_gmt":"2016-01-04T10:58:19","guid":{"rendered":"http:\/\/uus.reiniku.edu.ee\/?page_id=154"},"modified":"2026-04-01T12:28:58","modified_gmt":"2026-04-01T09:28:58","slug":"tootajad","status":"publish","type":"page","link":"https:\/\/www.reiniku.edu.ee\/index.php\/tootajad\/","title":{"rendered":"T\u00f6\u00f6tajad"},"content":{"rendered":"<p>&nbsp;<\/p>\n<table style=\"font-size: 14px\" width=\"614\">\n<tbody>\n<tr>\n<td width=\"196\">Enn \u00d6\u00f6pik<\/td>\n<td width=\"189\">direktor<\/td>\n<td width=\"229\">enn.oopik<img decoding=\"async\" src=\"https:\/\/www.reiniku.edu.ee\/wp-content\/uploads\/2016\/04\/at.gif\" alt=\"\" border=\"0\" \/>raad.tartu.ee<\/td>\n<\/tr>\n<tr>\n<td width=\"196\">Anne Kaljur<\/td>\n<td width=\"189\">\u00f5ppealajuhataja<\/td>\n<td width=\"229\">anne.kaljur<img decoding=\"async\" src=\"https:\/\/www.reiniku.edu.ee\/wp-content\/uploads\/2016\/04\/at.gif\" alt=\"\" border=\"0\" \/>reiniku.edu.ee<\/td>\n<\/tr>\n<tr>\n<td width=\"196\">Pille P\u00e4rlin<\/td>\n<td width=\"189\">\u00f5ppealajuhataja<\/td>\n<td width=\"229\">pille.parlin<img decoding=\"async\" src=\"https:\/\/www.reiniku.edu.ee\/wp-content\/uploads\/2016\/04\/at.gif\" alt=\"\" border=\"0\" \/>reiniku.edu.ee<\/td>\n<\/tr>\n<tr>\n<td width=\"196\">Tuuli Rindemaa<\/td>\n<td width=\"189\">huvijuht<\/td>\n<td width=\"229\">tuuli.rindemaa<img decoding=\"async\" src=\"https:\/\/www.reiniku.edu.ee\/wp-content\/uploads\/2016\/04\/at.gif\" alt=\"\" border=\"0\" \/>reiniku.edu.ee<\/td>\n<\/tr>\n<tr>\n<td width=\"196\">Lisanne Tamsalu<\/td>\n<td width=\"189\">sekret\u00e4r-juhiabi<\/td>\n<td width=\"229\">lisanne.tamsalu<img decoding=\"async\" src=\"https:\/\/www.reiniku.edu.ee\/wp-content\/uploads\/2016\/04\/at.gif\" alt=\"\" border=\"0\" \/>reiniku.edu.ee<\/td>\n<\/tr>\n<tr>\n<td>C\u00e4tlin Tuuling<\/td>\n<td>ps\u00fchholoog<br \/>\nVanemuise 48 (lapsehoolduspuhkusel)<\/td>\n<td>catlin.tuuling<img decoding=\"async\" src=\"https:\/\/www.reiniku.edu.ee\/wp-content\/uploads\/2016\/04\/at.gif\" alt=\"\" border=\"0\" \/>reiniku.edu.ee<\/td>\n<\/tr>\n<tr>\n<td>Liisa Johanna P\u00e4rnam\u00e4gi<\/td>\n<td>ps\u00fchholoog<br \/>\nVanemuise 48<\/td>\n<td>liisajohanna.parnamagi<img decoding=\"async\" src=\"https:\/\/www.reiniku.edu.ee\/wp-content\/uploads\/2016\/04\/at.gif\" alt=\"\" border=\"0\" \/>reiniku.edu.ee<\/td>\n<\/tr>\n<tr>\n<td>Irmeli Kokmann<\/td>\n<td>ps\u00fchholoog<br \/>\nRiia 25<\/td>\n<td>irmeli.kokmann<img decoding=\"async\" src=\"https:\/\/www.reiniku.edu.ee\/wp-content\/uploads\/2016\/04\/at.gif\" alt=\"\" border=\"0\" \/>reiniku.edu.ee<\/td>\n<\/tr>\n<tr>\n<td width=\"196\">Lagle Prei<\/td>\n<td width=\"189\">sotsiaalpedagoog<br \/>\nVanemuise 48<\/td>\n<td width=\"229\">lagle.prei<img decoding=\"async\" src=\"https:\/\/www.reiniku.edu.ee\/wp-content\/uploads\/2016\/04\/at.gif\" alt=\"\" border=\"0\" \/>reiniku.edu.ee<\/td>\n<\/tr>\n<tr>\n<td>Heli Arney<\/td>\n<td>HEV koordinaator<br \/>\nVanemuise 48<\/td>\n<td>heli.arney<img decoding=\"async\" src=\"https:\/\/www.reiniku.edu.ee\/wp-content\/uploads\/2016\/04\/at.gif\" alt=\"\" border=\"0\" \/>reiniku.edu.ee<\/td>\n<\/tr>\n<tr>\n<td width=\"196\">Triinu S\u00e4\u00e4lik<\/td>\n<td width=\"189\">sotsiaalpedagoog<br \/>\nRiia 25<\/td>\n<td width=\"229\">triinu.saalik<img decoding=\"async\" src=\"https:\/\/www.reiniku.edu.ee\/wp-content\/uploads\/2016\/04\/at.gif\" alt=\"\" border=\"0\" \/>reiniku.edu.ee<\/td>\n<\/tr>\n<tr>\n<td width=\"196\">Laura Kivilo<\/td>\n<td width=\"189\">HEV koordinaator<br \/>\n(lapsehoolduspuhkusel)<\/td>\n<td width=\"229\">laura.kivilo<img decoding=\"async\" src=\"https:\/\/www.reiniku.edu.ee\/wp-content\/uploads\/2016\/04\/at.gif\" alt=\"\" border=\"0\" \/>reiniku.edu.ee<\/td>\n<\/tr>\n<tr>\n<td width=\"196\">Eliise Kalda<\/td>\n<td width=\"189\">eripedagoog<br \/>\nRiia 25<\/td>\n<td width=\"229\">eliise.kalda<img decoding=\"async\" src=\"https:\/\/www.reiniku.edu.ee\/wp-content\/uploads\/2016\/04\/at.gif\" alt=\"\" border=\"0\" \/>reiniku.edu.ee<\/td>\n<\/tr>\n<tr>\n<td><\/td>\n<td><\/td>\n<td><\/td>\n<\/tr>\n<tr>\n<td width=\"196\">Kaidi Kilter<\/td>\n<td width=\"189\">sekret\u00e4r-juhiabi (lapsehoolduspuhkusel)<\/td>\n<td width=\"229\">kaidi.kilter<img decoding=\"async\" src=\"https:\/\/www.reiniku.edu.ee\/wp-content\/uploads\/2016\/04\/at.gif\" alt=\"\" border=\"0\" \/>reiniku.edu.ee<\/td>\n<\/tr>\n<tr>\n<td width=\"196\">Merle Persidski<\/td>\n<td width=\"189\">raamatukogu juhataja<br \/>\nVanemuise 48<\/td>\n<td width=\"229\">merle.persidski<img decoding=\"async\" src=\"https:\/\/www.reiniku.edu.ee\/wp-content\/uploads\/2016\/04\/at.gif\" alt=\"\" border=\"0\" \/>reiniku.edu.ee<\/td>\n<\/tr>\n<tr>\n<td width=\"196\">Silja Lokk<\/td>\n<td width=\"189\">raamatukogu juhataja<br \/>\nRiia 25<\/td>\n<td width=\"229\">silja.lokk<img decoding=\"async\" src=\"https:\/\/www.reiniku.edu.ee\/wp-content\/uploads\/2016\/04\/at.gif\" alt=\"\" border=\"0\" \/>reiniku.edu.ee<\/td>\n<\/tr>\n<tr>\n<td width=\"196\">Merit Nukka<\/td>\n<td width=\"189\">eripedagoog<br \/>\nVanemuise 48<\/td>\n<td width=\"229\">merit.nukka<img decoding=\"async\" src=\"https:\/\/www.reiniku.edu.ee\/wp-content\/uploads\/2016\/04\/at.gif\" alt=\"\" border=\"0\" \/>reiniku.edu.ee<\/td>\n<\/tr>\n<\/tbody>\n<\/table>\n<p>&nbsp;<\/p>\n","protected":false},"excerpt":{"rendered":"<p>&nbsp; Enn \u00d6\u00f6pik direktor enn.oopikraad.tartu.ee Anne Kaljur \u00f5ppealajuhataja anne.kaljurreiniku.edu.ee Pille P\u00e4rlin \u00f5ppealajuhataja pille.parlinreiniku.edu.ee Tuuli Rindemaa huvijuht tuuli.rindemaareiniku.edu.ee Lisanne Tamsalu sekret\u00e4r-juhiabi lisanne.tamsalureiniku.edu.ee C\u00e4tlin Tuuling ps\u00fchholoog Vanemuise 48 (lapsehoolduspuhkusel) catlin.tuulingreiniku.edu.ee Liisa Johanna P\u00e4rnam\u00e4gi ps\u00fchholoog Vanemuise 48 liisajohanna.parnamagireiniku.edu.ee Irmeli Kokmann ps\u00fchholoog Riia 25 irmeli.kokmannreiniku.edu.ee Lagle Prei sotsiaalpedagoog Vanemuise 48 lagle.preireiniku.edu.ee Heli Arney HEV koordinaator Vanemuise 48 heli.arneyreiniku.edu.ee Triinu [&hellip;]<\/p>\n","protected":false},"author":2,"featured_media":0,"parent":0,"menu_order":0,"comment_status":"closed","ping_status":"closed","template":"","meta":{"footnotes":""},"class_list":["post-154","page","type-page","status-publish","hentry"],"_links":{"self":[{"href":"https:\/\/www.reiniku.edu.ee\/index.php\/wp-json\/wp\/v2\/pages\/154","targetHints":{"allow":["GET"]}}],"collection":[{"href":"https:\/\/www.reiniku.edu.ee\/index.php\/wp-json\/wp\/v2\/pages"}],"about":[{"href":"https:\/\/www.reiniku.edu.ee\/index.php\/wp-json\/wp\/v2\/types\/page"}],"author":[{"embeddable":true,"href":"https:\/\/www.reiniku.edu.ee\/index.php\/wp-json\/wp\/v2\/users\/2"}],"replies":[{"embeddable":true,"href":"https:\/\/www.reiniku.edu.ee\/index.php\/wp-json\/wp\/v2\/comments?post=154"}],"version-history":[{"count":65,"href":"https:\/\/www.reiniku.edu.ee\/index.php\/wp-json\/wp\/v2\/pages\/154\/revisions"}],"predecessor-version":[{"id":8056,"href":"https:\/\/www.reiniku.edu.ee\/index.php\/wp-json\/wp\/v2\/pages\/154\/revisions\/8056"}],"wp:attachment":[{"href":"https:\/\/www.reiniku.edu.ee\/index.php\/wp-json\/wp\/v2\/media?parent=154"}],"curies":[{"name":"wp","href":"https:\/\/api.w.org\/{rel}","templated":true}]}}