{"id":1545,"date":"2016-09-30T13:03:26","date_gmt":"2016-09-30T10:03:26","guid":{"rendered":"https:\/\/www.reiniku.edu.ee\/?page_id=1545"},"modified":"2020-02-12T12:53:25","modified_gmt":"2020-02-12T10:53:25","slug":"vanematekogu","status":"publish","type":"page","link":"https:\/\/www.reiniku.edu.ee\/index.php\/vanematekogu\/","title":{"rendered":"Vanematekogu"},"content":{"rendered":"<p><strong>Mis ja miks?<br \/>\n<\/strong><strong>Vanematekogu (VK) on vabatahtlik aktiivsete lastevanemate kogu, grupp, kes on <\/strong><strong>n\u00f5uandjaks ja koost\u00f6\u00f6partneriks nii kooli juhtkonnale kui ka \u00f5petajatele \u00f5ppet\u00f6\u00f6d, koolielu ja keskkonda ning vanematega koost\u00f6\u00f6d puudutavates teemades. Soovime tuvastada , t\u00f5statada probleeme ja leida neile lahendused, aga reklaamida ka MRK tugevusi. \u00a0VK ei ole selleks, et koolilt n\u00f5uda, vaid selleks, et t\u00f5sta ja arutada neid k\u00fcsimusi, kus me vanematena ka ise saame lahendusi leida ja midagi reaalselt \u00e4ra teha.<\/strong><\/p>\n<p><strong>Koosolekute kokkuv\u00f5tted<br \/>\n<\/strong><a href=\"https:\/\/www.reiniku.edu.ee\/wp-content\/uploads\/2020\/02\/4.02.-2020-MRK-VK-docx.pdf\" target=\"_blank\" rel=\"noopener noreferrer\">04.02.2020<\/a><br \/>\n<a href=\"https:\/\/www.reiniku.edu.ee\/wp-content\/uploads\/2020\/02\/5.11.2019-MRK-VK.pdf\" target=\"_blank\" rel=\"noopener noreferrer\">05.11.2019<\/a><strong><br \/>\n<\/strong><a href=\"https:\/\/www.reiniku.edu.ee\/wp-content\/uploads\/2020\/02\/1.10.2019-MRK-VK-kokkuvote.pdf\" target=\"_blank\" rel=\"noopener noreferrer\">01.10.2019<\/a><br \/>\n<a href=\"https:\/\/www.reiniku.edu.ee\/wp-content\/uploads\/2019\/09\/14.05.2019-toimunud-VK-kokkuv\u00f5te.pdf\" target=\"_blank\" rel=\"noopener noreferrer\">14.05.2019<\/a><br \/>\n<a href=\"https:\/\/www.reiniku.edu.ee\/wp-content\/uploads\/2019\/09\/5.03.2019-VK-kohtumise-kokkuvote.pdf\" target=\"_blank\" rel=\"noopener noreferrer\">15.03.2019<\/a><br \/>\n<strong>Kuidas?<br \/>\n<\/strong>Me oleme vabatahtlik organisatsioon, kedagi ei sunnita siin osalema. Aga pakume ka sellel aastal v\u00e4lja skeemi, et igast klassist v\u00f5iks olla \u00fcks esindaja ja tema asendusliige. Sellisel moel omab vanematekogu v\u00f5imalikult laiap\u00f5hjalist lastevanemate mandaati.<\/p>\n<p>Kiireid otsuseid ei saa me langetada, ise k\u00f5ige eest ei otsusta, ehkki alati on lihtsam ja kiirem tee, kui otsuse teeb \u00e4ra v\u00e4ike ring inimesi. VK m\u00f5te ongi, et need on MRK lastevanemate laiap\u00f5hjalise arutelu tulemusena s\u00fcndinud otsused ja arvesse on v\u00f5etud erinevaid argumente.<\/p>\n<p><strong>Seos hoolekoguga?<br \/>\n<\/strong>VK kogub lastevanematelt kokku arvamus erinevates kooli puudutavates k\u00fcsimustes, mille viime hoolekoguni, kes ka oma otsustes saab ja ka peaks sellega arvestama.<\/p>\n<p><strong>Mida oleme \u00e4ra teinud?<br \/>\n<\/strong>Me oleme oma tegevuse jaganud kolmeks suuremaks teemaks- \u00f5ppet\u00f6\u00f6, kooli ja kogukonna koost\u00f6\u00f6 ja keskkond. Tuleb tunnistada, et edukamad oleme olnud kooli ja kogukonna koost\u00f6\u00f6 ja koolikeskkonna kujundamise kaasar\u00e4\u00e4kimisel. N\u00e4iteks sai vanematekogust alguse idee esitada Tartu kaasava eelarve ideena MRK liikuma kutsuv koolihoov. Nii VK kui kogu koolipere \u00fchtse tubli t\u00f6\u00f6 tulemusena saigi idee v\u00f5idu ja hoov on valmis! Igal aastal aitame korraldada j\u00f5ululaata ja veame heateo projekti, m\u00f5ned aastad tagasi aitasime koolil korraldada \u00e4gedad ol\u00fcmpiam\u00e4ngud.<\/p>\n<p>V\u00e4iksemaid edusamme on olnud ka seoses \u00f5ppet\u00f6\u00f6ga. Oleme korraldanud kujundava hindamise loengu, et parandada k\u00f5igi arusaama, mis see t\u00e4psemalt on ja kuidas seda ellu rakendada. Oleme suunaklasside valikut vanemate jaoks selgemaks ja l\u00e4bipaistvamaks teinud, ning algatanud g\u00fcmnaasiumide tutvustuse 9. klassi \u00f5pilastele ja nende vanematele iga aasta jaanuaris.<\/p>\n<p><strong>Mida tahame teha sel aastal?<br \/>\n<\/strong>Tahame edasi liikuda juba alustatud koolivormi projektiga &#8211; teklid on olemas, n\u00fc\u00fcd valime ka muid vormiesemeid. Soovime panustada ka kooli vilistlasn\u00e4dala tegevustesse ja klaveriprojekti. Ka meie kooli f\u00fc\u00fcsiline sisekeskkond vajaks h\u00e4dasti uuendamist, r\u00f5\u00f5msamaks muutmist.<\/p>\n<p><strong>Head \u00f5petajad ja lapsevanemad!<br \/>\n<\/strong><strong>Palun v\u00f5tke VK-d kui aitajat ja koost\u00f6\u00f6partnerit. Kui VK esindaja p\u00f6\u00f6rdub teie ja klassi vanemate poole arvamuse avaldamiseks, siis \u00f6elge oma arvamus v\u00e4lja, sest see loeb. Anal\u00fc\u00fcsime k\u00f5iki arvamusi ja vahendame neid koolile. Pole valesid arvamusi, aga on v\u00e4lja\u00fctlemata arvamused, mida ei saa kahjuks arvestada.<\/strong><\/p>\n<p><strong>Millal ja kuidas kontakti v\u00f5tta?<br \/>\n<\/strong>Koguneme \u00fcle paari kuu v\u00f5i vajadusel seoses m\u00f5ne konkreetse \u00fcritusega ka tihemini.<br \/>\n<strong>NB!<\/strong> K\u00f5igil, kes soovivad MRK vanematekoguga liituda, palun saata oma andmed (nimi, klass, kus laps(ed) k\u00e4ivad, e-post) Kristi Terepile <a href=\"mailto:kristi.terep@gmail.com\">kristi.terep@gmail.com<\/a> ja Kristina Reinsalule <a href=\"mailto:kristina.reinsalu@ega.ee\">kristina.reinsalu@ega.ee<\/a>\u00a0 Lisame teid VK listi.<\/p>\n","protected":false},"excerpt":{"rendered":"<p>Mis ja miks? Vanematekogu (VK) on vabatahtlik aktiivsete lastevanemate kogu, grupp, kes on n\u00f5uandjaks ja koost\u00f6\u00f6partneriks nii kooli juhtkonnale kui ka \u00f5petajatele \u00f5ppet\u00f6\u00f6d, koolielu ja keskkonda ning vanematega koost\u00f6\u00f6d puudutavates teemades. Soovime tuvastada , t\u00f5statada probleeme ja leida neile lahendused, aga reklaamida ka MRK tugevusi. \u00a0VK ei ole selleks, et koolilt n\u00f5uda, vaid selleks, et [&hellip;]<\/p>\n","protected":false},"author":2,"featured_media":0,"parent":0,"menu_order":0,"comment_status":"closed","ping_status":"closed","template":"","meta":{"footnotes":""},"class_list":["post-1545","page","type-page","status-publish","hentry"],"_links":{"self":[{"href":"https:\/\/www.reiniku.edu.ee\/index.php\/wp-json\/wp\/v2\/pages\/1545","targetHints":{"allow":["GET"]}}],"collection":[{"href":"https:\/\/www.reiniku.edu.ee\/index.php\/wp-json\/wp\/v2\/pages"}],"about":[{"href":"https:\/\/www.reiniku.edu.ee\/index.php\/wp-json\/wp\/v2\/types\/page"}],"author":[{"embeddable":true,"href":"https:\/\/www.reiniku.edu.ee\/index.php\/wp-json\/wp\/v2\/users\/2"}],"replies":[{"embeddable":true,"href":"https:\/\/www.reiniku.edu.ee\/index.php\/wp-json\/wp\/v2\/comments?post=1545"}],"version-history":[{"count":12,"href":"https:\/\/www.reiniku.edu.ee\/index.php\/wp-json\/wp\/v2\/pages\/1545\/revisions"}],"predecessor-version":[{"id":4188,"href":"https:\/\/www.reiniku.edu.ee\/index.php\/wp-json\/wp\/v2\/pages\/1545\/revisions\/4188"}],"wp:attachment":[{"href":"https:\/\/www.reiniku.edu.ee\/index.php\/wp-json\/wp\/v2\/media?parent=1545"}],"curies":[{"name":"wp","href":"https:\/\/api.w.org\/{rel}","templated":true}]}}