{"id":176,"date":"2016-01-04T13:39:29","date_gmt":"2016-01-04T11:39:29","guid":{"rendered":"http:\/\/uus.reiniku.edu.ee\/?page_id=176"},"modified":"2023-02-08T15:15:10","modified_gmt":"2023-02-08T13:15:10","slug":"kooli-kontaktandmed","status":"publish","type":"page","link":"https:\/\/www.reiniku.edu.ee\/index.php\/kooli-kontaktandmed\/","title":{"rendered":"Kooli kontaktandmed"},"content":{"rendered":"<p><b>Aadress: <\/b>Vanemuise 48, Tartu 51003<br \/>\n<strong>Reg nr: <\/strong>75006894<br \/>\n<strong>E-post: <\/strong>kool<img decoding=\"async\" src=\"https:\/\/www.reiniku.edu.ee\/wp-content\/uploads\/2016\/04\/at.gif\" alt=\"\" border=\"0\" \/>reiniku.edu.ee<\/p>\n<p><b style=\"line-height: 1.5;\">Telefoninumbrid:<\/b><\/p>\n<p><b>Vanemuise 48 \u00f5ppehoone<\/b><br \/>\n7361 960 &#8211; direktor, kantselei<br \/>\n7361 965 &#8211; \u00f5ppealajuhataja<br \/>\n7361 966 &#8211; \u00f5petajate tuba<br \/>\n5749 4740 &#8211; s\u00f6\u00f6kla<\/p>\n<p><b>Riia 25 \u00f5ppehoone<\/b><br \/>\n7361 535; 5140663 &#8211; \u00f5ppealajuhataja<br \/>\n7361 538 &#8211; \u00f5petajate tuba<br \/>\n5308 4240 &#8211; s\u00f6\u00f6kla<\/p>\n<p><b style=\"line-height: 1.5;\">V\u00f5imlate ja aula rent <\/b>&#8211; Margit K\u00f6\u00f6bi, margit.koobi<img decoding=\"async\" src=\"https:\/\/www.reiniku.edu.ee\/wp-content\/uploads\/2016\/04\/at.gif\" alt=\"\" border=\"0\" \/>reiniku.edu.ee<\/p>\n<p><strong>Riiklikku j\u00e4relvalvet teostavate asutuste kontaktandmed:<\/strong><\/p>\n<p>Haridus- ja Teadusministeerium<br \/>\nMunga 18, Tartu 50088<br \/>\ntelefon 735 0222<br \/>\nhm<img decoding=\"async\" src=\"https:\/\/www.reiniku.edu.ee\/wp-content\/uploads\/2016\/04\/at.gif\" alt=\"\" border=\"0\" \/>hm.ee<\/p>\n<p>M\u00e4\u00e4ratud andmekaitsespetsialisti poole saate p\u00f6\u00f6rduda aadressil andmekaitse@raad.tartu.ee<\/p>\n","protected":false},"excerpt":{"rendered":"<p>Aadress: Vanemuise 48, Tartu 51003 Reg nr: 75006894 E-post: koolreiniku.edu.ee Telefoninumbrid: Vanemuise 48 \u00f5ppehoone 7361 960 &#8211; direktor, kantselei 7361 965 &#8211; \u00f5ppealajuhataja 7361 966 &#8211; \u00f5petajate tuba 5749 4740 &#8211; s\u00f6\u00f6kla Riia 25 \u00f5ppehoone 7361 535; 5140663 &#8211; \u00f5ppealajuhataja 7361 538 &#8211; \u00f5petajate tuba 5308 4240 &#8211; s\u00f6\u00f6kla V\u00f5imlate ja aula rent &#8211; Margit [&hellip;]<\/p>\n","protected":false},"author":2,"featured_media":0,"parent":0,"menu_order":0,"comment_status":"closed","ping_status":"closed","template":"","meta":{"footnotes":""},"class_list":["post-176","page","type-page","status-publish","hentry"],"_links":{"self":[{"href":"https:\/\/www.reiniku.edu.ee\/index.php\/wp-json\/wp\/v2\/pages\/176","targetHints":{"allow":["GET"]}}],"collection":[{"href":"https:\/\/www.reiniku.edu.ee\/index.php\/wp-json\/wp\/v2\/pages"}],"about":[{"href":"https:\/\/www.reiniku.edu.ee\/index.php\/wp-json\/wp\/v2\/types\/page"}],"author":[{"embeddable":true,"href":"https:\/\/www.reiniku.edu.ee\/index.php\/wp-json\/wp\/v2\/users\/2"}],"replies":[{"embeddable":true,"href":"https:\/\/www.reiniku.edu.ee\/index.php\/wp-json\/wp\/v2\/comments?post=176"}],"version-history":[{"count":20,"href":"https:\/\/www.reiniku.edu.ee\/index.php\/wp-json\/wp\/v2\/pages\/176\/revisions"}],"predecessor-version":[{"id":6035,"href":"https:\/\/www.reiniku.edu.ee\/index.php\/wp-json\/wp\/v2\/pages\/176\/revisions\/6035"}],"wp:attachment":[{"href":"https:\/\/www.reiniku.edu.ee\/index.php\/wp-json\/wp\/v2\/media?parent=176"}],"curies":[{"name":"wp","href":"https:\/\/api.w.org\/{rel}","templated":true}]}}