{"id":1808,"date":"2017-01-13T10:13:06","date_gmt":"2017-01-13T08:13:06","guid":{"rendered":"https:\/\/www.reiniku.edu.ee\/?page_id=1808"},"modified":"2023-11-17T08:55:03","modified_gmt":"2023-11-17T06:55:03","slug":"ruumide-rent","status":"publish","type":"page","link":"https:\/\/www.reiniku.edu.ee\/index.php\/ruumide-rent\/","title":{"rendered":"Ruumide rent"},"content":{"rendered":"<p><strong><span style=\"color: #333333;\">Rendihinnad\u00a0 Vanemuise 48 \/ Riia 25 \u00f5ppehoones<\/span> \u00a0 \u00a0 \u00a0 \u00a0 \u00a0 \u00a0 \u00a0 \u00a0 \u00a0<\/strong><\/p>\n<p><strong>T\u00e4psem info ruumide rentimise kohta:\u00a0<\/strong><a href=\"https:\/\/ruumid.tartu.ee\/\" target=\"_blank\" rel=\"noopener\">https:\/\/ruumid.tartu.ee\/<\/a><\/p>\n<table>\n<tbody>\n<tr>\n<td width=\"113\"><\/td>\n<td width=\"170\">T\u00e4iskasvanute r\u00fchmadele<\/td>\n<td width=\"116\">\u00d5pilasr\u00fchmadele<\/td>\n<\/tr>\n<tr>\n<td width=\"113\">V\u00f5imla \/ aula<\/td>\n<td width=\"170\">25,00 \u20ac tund<\/td>\n<td width=\"116\">15,00 \u20ac tund<\/td>\n<\/tr>\n<tr>\n<td width=\"113\">V\u00e4ike saal<\/td>\n<td width=\"170\">15,00 \u20ac tund<\/td>\n<td width=\"116\">10,00 \u20ac tund<\/td>\n<\/tr>\n<tr>\n<td width=\"113\">Klassiruum<\/td>\n<td width=\"170\">15,00 \u20ac tund<\/td>\n<td width=\"116\">10,00 \u20ac tund<\/td>\n<\/tr>\n<tr>\n<td width=\"113\">Koridor<\/td>\n<td width=\"170\">10,00 \u20ac tund<\/td>\n<td width=\"116\">5,00 \u20ac tund<\/td>\n<\/tr>\n<tr>\n<td width=\"113\"><\/td>\n<td width=\"170\"><\/td>\n<td width=\"116\"><\/td>\n<\/tr>\n<\/tbody>\n<\/table>\n<p><em style=\"font-size: 1rem;\">Rendihinnad alates 1.01.2023 (tabelis rendihind eurodes tunni kohta).<\/em><\/p>\n<p><em style=\"font-size: 1rem;\">Hinnad on kehtestatud Tartu Mart Reiniku Kooli 23.11.2022 k\u00e4skkirjaga nr 191.<\/em><\/p>\n<p>Margit K\u00f6\u00f6bi<br \/>\nmargit.koobi<img decoding=\"async\" src=\"https:\/\/www.reiniku.edu.ee\/wp-content\/uploads\/2016\/04\/at.gif\" alt=\"\" border=\"0\" \/>reiniku.edu.ee<\/p>\n","protected":false},"excerpt":{"rendered":"<p>Rendihinnad\u00a0 Vanemuise 48 \/ Riia 25 \u00f5ppehoones \u00a0 \u00a0 \u00a0 \u00a0 \u00a0 \u00a0 \u00a0 \u00a0 \u00a0 T\u00e4psem info ruumide rentimise kohta:\u00a0https:\/\/ruumid.tartu.ee\/ T\u00e4iskasvanute r\u00fchmadele \u00d5pilasr\u00fchmadele V\u00f5imla \/ aula 25,00 \u20ac tund 15,00 \u20ac tund V\u00e4ike saal 15,00 \u20ac tund 10,00 \u20ac tund Klassiruum 15,00 \u20ac tund 10,00 \u20ac tund Koridor 10,00 \u20ac tund 5,00 \u20ac tund [&hellip;]<\/p>\n","protected":false},"author":2,"featured_media":0,"parent":0,"menu_order":0,"comment_status":"closed","ping_status":"closed","template":"","meta":{"footnotes":""},"class_list":["post-1808","page","type-page","status-publish","hentry"],"_links":{"self":[{"href":"https:\/\/www.reiniku.edu.ee\/index.php\/wp-json\/wp\/v2\/pages\/1808","targetHints":{"allow":["GET"]}}],"collection":[{"href":"https:\/\/www.reiniku.edu.ee\/index.php\/wp-json\/wp\/v2\/pages"}],"about":[{"href":"https:\/\/www.reiniku.edu.ee\/index.php\/wp-json\/wp\/v2\/types\/page"}],"author":[{"embeddable":true,"href":"https:\/\/www.reiniku.edu.ee\/index.php\/wp-json\/wp\/v2\/users\/2"}],"replies":[{"embeddable":true,"href":"https:\/\/www.reiniku.edu.ee\/index.php\/wp-json\/wp\/v2\/comments?post=1808"}],"version-history":[{"count":14,"href":"https:\/\/www.reiniku.edu.ee\/index.php\/wp-json\/wp\/v2\/pages\/1808\/revisions"}],"predecessor-version":[{"id":6491,"href":"https:\/\/www.reiniku.edu.ee\/index.php\/wp-json\/wp\/v2\/pages\/1808\/revisions\/6491"}],"wp:attachment":[{"href":"https:\/\/www.reiniku.edu.ee\/index.php\/wp-json\/wp\/v2\/media?parent=1808"}],"curies":[{"name":"wp","href":"https:\/\/api.w.org\/{rel}","templated":true}]}}