{"id":1814,"date":"2017-01-13T11:26:20","date_gmt":"2017-01-13T09:26:20","guid":{"rendered":"https:\/\/www.reiniku.edu.ee\/?page_id=1814"},"modified":"2026-01-07T12:55:02","modified_gmt":"2026-01-07T10:55:02","slug":"oppenoukogu","status":"publish","type":"page","link":"https:\/\/www.reiniku.edu.ee\/index.php\/oppenoukogu\/","title":{"rendered":"\u00d5ppen\u00f5ukogu"},"content":{"rendered":"<p><strong>\u00d5ppen\u00f5ukogude ajad 2025\/2026 \u00f5ppeaastal<\/strong><\/p>\n<p><strong>Nr 1<\/strong> 07.01.2026<br \/>\n<strong>Nr 2<\/strong> 04.06.2026<br \/>\n<strong>Nr 3<\/strong> 12.06.2026<br \/>\n<strong>Nr 4<\/strong> 19.06.2026<br \/>\n<strong>Nr 5<\/strong> 28.08.2026<\/p>\n<p>&nbsp;<\/p>\n<p>&nbsp;<\/p>\n","protected":false},"excerpt":{"rendered":"<p>\u00d5ppen\u00f5ukogude ajad 2025\/2026 \u00f5ppeaastal Nr 1 07.01.2026 Nr 2 04.06.2026 Nr 3 12.06.2026 Nr 4 19.06.2026 Nr 5 28.08.2026 &nbsp; &nbsp;<\/p>\n","protected":false},"author":2,"featured_media":0,"parent":0,"menu_order":0,"comment_status":"closed","ping_status":"closed","template":"","meta":{"footnotes":""},"class_list":["post-1814","page","type-page","status-publish","hentry"],"_links":{"self":[{"href":"https:\/\/www.reiniku.edu.ee\/index.php\/wp-json\/wp\/v2\/pages\/1814","targetHints":{"allow":["GET"]}}],"collection":[{"href":"https:\/\/www.reiniku.edu.ee\/index.php\/wp-json\/wp\/v2\/pages"}],"about":[{"href":"https:\/\/www.reiniku.edu.ee\/index.php\/wp-json\/wp\/v2\/types\/page"}],"author":[{"embeddable":true,"href":"https:\/\/www.reiniku.edu.ee\/index.php\/wp-json\/wp\/v2\/users\/2"}],"replies":[{"embeddable":true,"href":"https:\/\/www.reiniku.edu.ee\/index.php\/wp-json\/wp\/v2\/comments?post=1814"}],"version-history":[{"count":23,"href":"https:\/\/www.reiniku.edu.ee\/index.php\/wp-json\/wp\/v2\/pages\/1814\/revisions"}],"predecessor-version":[{"id":7838,"href":"https:\/\/www.reiniku.edu.ee\/index.php\/wp-json\/wp\/v2\/pages\/1814\/revisions\/7838"}],"wp:attachment":[{"href":"https:\/\/www.reiniku.edu.ee\/index.php\/wp-json\/wp\/v2\/media?parent=1814"}],"curies":[{"name":"wp","href":"https:\/\/api.w.org\/{rel}","templated":true}]}}