{"id":20,"date":"2015-11-13T11:11:06","date_gmt":"2015-11-13T09:11:06","guid":{"rendered":"http:\/\/uus.reiniku.edu.ee\/?page_id=20"},"modified":"2017-08-25T16:59:34","modified_gmt":"2017-08-25T13:59:34","slug":"oppetoo","status":"publish","type":"page","link":"https:\/\/www.reiniku.edu.ee\/index.php\/oppetoo\/","title":{"rendered":"\u00d5ppet\u00f6\u00f6"},"content":{"rendered":"<p>Vali \u00fclevalt men\u00fc\u00fcst<\/p>\n<p>\u00dcldinfo<\/p>\n<p>\u00d5ppet\u00f6\u00f6<\/p>\n<p>Tunniplaan<\/p>\n","protected":false},"excerpt":{"rendered":"<p>Vali \u00fclevalt men\u00fc\u00fcst \u00dcldinfo \u00d5ppet\u00f6\u00f6 Tunniplaan<\/p>\n","protected":false},"author":1,"featured_media":0,"parent":0,"menu_order":3,"comment_status":"closed","ping_status":"closed","template":"","meta":{"footnotes":""},"class_list":["post-20","page","type-page","status-publish","hentry"],"_links":{"self":[{"href":"https:\/\/www.reiniku.edu.ee\/index.php\/wp-json\/wp\/v2\/pages\/20","targetHints":{"allow":["GET"]}}],"collection":[{"href":"https:\/\/www.reiniku.edu.ee\/index.php\/wp-json\/wp\/v2\/pages"}],"about":[{"href":"https:\/\/www.reiniku.edu.ee\/index.php\/wp-json\/wp\/v2\/types\/page"}],"author":[{"embeddable":true,"href":"https:\/\/www.reiniku.edu.ee\/index.php\/wp-json\/wp\/v2\/users\/1"}],"replies":[{"embeddable":true,"href":"https:\/\/www.reiniku.edu.ee\/index.php\/wp-json\/wp\/v2\/comments?post=20"}],"version-history":[{"count":7,"href":"https:\/\/www.reiniku.edu.ee\/index.php\/wp-json\/wp\/v2\/pages\/20\/revisions"}],"predecessor-version":[{"id":2163,"href":"https:\/\/www.reiniku.edu.ee\/index.php\/wp-json\/wp\/v2\/pages\/20\/revisions\/2163"}],"wp:attachment":[{"href":"https:\/\/www.reiniku.edu.ee\/index.php\/wp-json\/wp\/v2\/media?parent=20"}],"curies":[{"name":"wp","href":"https:\/\/api.w.org\/{rel}","templated":true}]}}