{"id":210,"date":"2016-01-04T14:56:38","date_gmt":"2016-01-04T12:56:38","guid":{"rendered":"http:\/\/uus.reiniku.edu.ee\/?page_id=210"},"modified":"2022-11-03T11:09:27","modified_gmt":"2022-11-03T09:09:27","slug":"traditsioonid","status":"publish","type":"page","link":"https:\/\/www.reiniku.edu.ee\/index.php\/traditsioonid\/","title":{"rendered":"Traditsioonid"},"content":{"rendered":"<ul>\n<li>Liikumispidu<\/li>\n<li>Muusikapidu<\/li>\n<li>Kooli aastap\u00e4eva n\u00e4dal<\/li>\n<li>J\u00f5ulukontsert<\/li>\n<li>J\u00f5uluball 7.-9. klassidele<\/li>\n<li>Ainen\u00e4dalad<\/li>\n<li>Kooliol\u00fcmpiam\u00e4ngud (iga 4 aasta tagant)<\/li>\n<li>Super klassi v\u00f5istlus (iga 4 aasta tagant)<\/li>\n<li>Koorid (mudilaskoor, lastekoor, poistekoor)<\/li>\n<li>Puhkpilliorkester<\/li>\n<li>Rahvatants<\/li>\n<\/ul>\n","protected":false},"excerpt":{"rendered":"<p>Liikumispidu Muusikapidu Kooli aastap\u00e4eva n\u00e4dal J\u00f5ulukontsert J\u00f5uluball 7.-9. klassidele Ainen\u00e4dalad Kooliol\u00fcmpiam\u00e4ngud (iga 4 aasta tagant) Super klassi v\u00f5istlus (iga 4 aasta tagant) Koorid (mudilaskoor, lastekoor, poistekoor) Puhkpilliorkester Rahvatants<\/p>\n","protected":false},"author":2,"featured_media":0,"parent":0,"menu_order":0,"comment_status":"closed","ping_status":"closed","template":"","meta":{"footnotes":""},"class_list":["post-210","page","type-page","status-publish","hentry"],"_links":{"self":[{"href":"https:\/\/www.reiniku.edu.ee\/index.php\/wp-json\/wp\/v2\/pages\/210","targetHints":{"allow":["GET"]}}],"collection":[{"href":"https:\/\/www.reiniku.edu.ee\/index.php\/wp-json\/wp\/v2\/pages"}],"about":[{"href":"https:\/\/www.reiniku.edu.ee\/index.php\/wp-json\/wp\/v2\/types\/page"}],"author":[{"embeddable":true,"href":"https:\/\/www.reiniku.edu.ee\/index.php\/wp-json\/wp\/v2\/users\/2"}],"replies":[{"embeddable":true,"href":"https:\/\/www.reiniku.edu.ee\/index.php\/wp-json\/wp\/v2\/comments?post=210"}],"version-history":[{"count":8,"href":"https:\/\/www.reiniku.edu.ee\/index.php\/wp-json\/wp\/v2\/pages\/210\/revisions"}],"predecessor-version":[{"id":5836,"href":"https:\/\/www.reiniku.edu.ee\/index.php\/wp-json\/wp\/v2\/pages\/210\/revisions\/5836"}],"wp:attachment":[{"href":"https:\/\/www.reiniku.edu.ee\/index.php\/wp-json\/wp\/v2\/media?parent=210"}],"curies":[{"name":"wp","href":"https:\/\/api.w.org\/{rel}","templated":true}]}}