{"id":225,"date":"2016-01-04T16:06:40","date_gmt":"2016-01-04T14:06:40","guid":{"rendered":"http:\/\/uus.reiniku.edu.ee\/?page_id=225"},"modified":"2018-11-12T14:38:32","modified_gmt":"2018-11-12T12:38:32","slug":"dokumendid","status":"publish","type":"page","link":"https:\/\/www.reiniku.edu.ee\/index.php\/oppetoo\/dokumendid\/","title":{"rendered":"Dokumendid"},"content":{"rendered":"<p><a href=\"https:\/\/www.reiniku.edu.ee\/wp-content\/uploads\/2016\/01\/MRK-\u00d5PPEKAVA-\u00dcLDOSA.pdf\">\u00d5ppekava \u00fcldosa\u00a0<\/a><\/p>\n<p><a href=\"http:\/\/www.reiniku.edu.ee\/index.php\/ainekavad\/\">Ainekavad<\/a><\/p>\n<p><a href=\"https:\/\/www.reiniku.edu.ee\/wp-content\/uploads\/2018\/11\/Kodukord_25.09.2018.pdf\" target=\"_blank\" rel=\"noopener\">Kodukord<\/a><\/p>\n<p><a href=\"https:\/\/www.reiniku.edu.ee\/wp-content\/uploads\/2018\/09\/Tartu-Mart-Reiniku-kooli-hindamisjuhend.pdf\" target=\"_blank\" rel=\"noopener\">Hindamisjuhend<\/a><\/p>\n<ul>\n<li>1.-4. klasside mitteeristav hindamine <a href=\"https:\/\/www.reiniku.edu.ee\/wp-content\/uploads\/2018\/09\/ME-hindamine_Kehal-kasv_1.-4.-kl.pdf\" target=\"_blank\" rel=\"noopener\">kehaline kasvatus<\/a><\/li>\n<li>4. klasside mitteeristav hindamine <a href=\"https:\/\/www.reiniku.edu.ee\/wp-content\/uploads\/2018\/09\/ME-hindamine_K\u00e4sit\u00f6\u00f6-ja-Kodundus_4.-kl.pdf\" target=\"_blank\" rel=\"noopener\">k\u00e4sit\u00f6\u00f6 ja kodundus<\/a>, <a href=\"https:\/\/www.reiniku.edu.ee\/wp-content\/uploads\/2018\/09\/ME-hindamine_Tehnoloogia_4.-kl.pdf\" target=\"_blank\" rel=\"noopener\">tehnoloogia<\/a>, <a href=\"https:\/\/www.reiniku.edu.ee\/wp-content\/uploads\/2018\/09\/ME-hindamine_Kunst-4.-kl.pdf\" target=\"_blank\" rel=\"noopener\">kunst<\/a><\/li>\n<\/ul>\n<p><a href=\"http:\/\/www.reiniku.edu.ee\/wp-content\/uploads\/2016\/01\/Opilaste_mojutusvahendid.pdf\" target=\"_blank\" rel=\"noopener\">\u00d5pilaste tugi- ja m\u00f5jutusmeetmed<\/a><\/p>\n<p><a href=\"https:\/\/www.reiniku.edu.ee\/wp-content\/uploads\/2017\/12\/\u00d5pilaste-tunnustamine.pdf\" target=\"_blank\" rel=\"noopener\">\u00d5pilaste tunnustamine<\/a><\/p>\n<p><a style=\"line-height: 1.5\" href=\"http:\/\/www.reiniku.edu.ee\/wp-content\/uploads\/2016\/01\/tugisysteem.pdf\" target=\"_blank\" rel=\"noopener\">Tugis\u00fcsteemi rakendamise protsess<\/a><\/p>\n<p><a href=\"https:\/\/www.reiniku.edu.ee\/wp-content\/uploads\/2017\/10\/Loovt\u00f6\u00f6-Tartu-Mart-Reiniku-Koolis-2017-18.pdf\" target=\"_blank\" rel=\"noopener\">Loovt\u00f6\u00f6d<\/a><\/p>\n<p><a href=\"http:\/\/www.reiniku.edu.ee\/wp-content\/uploads\/2016\/01\/Loovtoo_vormistamine.pdf\" target=\"_blank\" rel=\"noopener\">Loovt\u00f6\u00f6 vormistamine<\/a><\/p>\n<p><a href=\"https:\/\/www.reiniku.edu.ee\/wp-content\/uploads\/2017\/10\/Loovt\u00f6\u00f6-hindamismudel-Tartu-Mart-Reiniku-Koolis-2017-18.pdf\" target=\"_blank\" rel=\"noopener\">Loovt\u00f6\u00f6de hindamisjuhend<\/a><\/p>\n<p><a href=\"https:\/\/www.reiniku.edu.ee\/wp-content\/uploads\/2017\/09\/Pilli\u00f5ppe-avaldus.pdf\" target=\"_blank\" rel=\"noopener\">Pilli\u00f5ppe avaldus<\/a><\/p>\n<p><a href=\"https:\/\/www.reiniku.edu.ee\/wp-content\/uploads\/2017\/09\/Avaldus-\u00f5pilaspilet.pdf\" target=\"_blank\" rel=\"noopener\">Avaldus &#8211; \u00f5pilaspilet<\/a><\/p>\n<p>&nbsp;<\/p>\n","protected":false},"excerpt":{"rendered":"<p>\u00d5ppekava \u00fcldosa\u00a0 Ainekavad Kodukord Hindamisjuhend 1.-4. klasside mitteeristav hindamine kehaline kasvatus 4. klasside mitteeristav hindamine k\u00e4sit\u00f6\u00f6 ja kodundus, tehnoloogia, kunst \u00d5pilaste tugi- ja m\u00f5jutusmeetmed \u00d5pilaste tunnustamine Tugis\u00fcsteemi rakendamise protsess Loovt\u00f6\u00f6d Loovt\u00f6\u00f6 vormistamine Loovt\u00f6\u00f6de hindamisjuhend Pilli\u00f5ppe avaldus Avaldus &#8211; \u00f5pilaspilet &nbsp;<\/p>\n","protected":false},"author":2,"featured_media":0,"parent":20,"menu_order":1,"comment_status":"closed","ping_status":"closed","template":"","meta":{"footnotes":""},"class_list":["post-225","page","type-page","status-publish","hentry"],"_links":{"self":[{"href":"https:\/\/www.reiniku.edu.ee\/index.php\/wp-json\/wp\/v2\/pages\/225","targetHints":{"allow":["GET"]}}],"collection":[{"href":"https:\/\/www.reiniku.edu.ee\/index.php\/wp-json\/wp\/v2\/pages"}],"about":[{"href":"https:\/\/www.reiniku.edu.ee\/index.php\/wp-json\/wp\/v2\/types\/page"}],"author":[{"embeddable":true,"href":"https:\/\/www.reiniku.edu.ee\/index.php\/wp-json\/wp\/v2\/users\/2"}],"replies":[{"embeddable":true,"href":"https:\/\/www.reiniku.edu.ee\/index.php\/wp-json\/wp\/v2\/comments?post=225"}],"version-history":[{"count":51,"href":"https:\/\/www.reiniku.edu.ee\/index.php\/wp-json\/wp\/v2\/pages\/225\/revisions"}],"predecessor-version":[{"id":3053,"href":"https:\/\/www.reiniku.edu.ee\/index.php\/wp-json\/wp\/v2\/pages\/225\/revisions\/3053"}],"up":[{"embeddable":true,"href":"https:\/\/www.reiniku.edu.ee\/index.php\/wp-json\/wp\/v2\/pages\/20"}],"wp:attachment":[{"href":"https:\/\/www.reiniku.edu.ee\/index.php\/wp-json\/wp\/v2\/media?parent=225"}],"curies":[{"name":"wp","href":"https:\/\/api.w.org\/{rel}","templated":true}]}}