{"id":2426,"date":"2017-11-21T12:40:51","date_gmt":"2017-11-21T10:40:51","guid":{"rendered":"https:\/\/www.reiniku.edu.ee\/?page_id=2426"},"modified":"2025-10-02T08:02:54","modified_gmt":"2025-10-02T05:02:54","slug":"oppesuunad","status":"publish","type":"page","link":"https:\/\/www.reiniku.edu.ee\/index.php\/oppesuunad\/","title":{"rendered":"\u00d5ppesuunad"},"content":{"rendered":"<p><strong>REAALKLASS<\/strong><\/p>\n<p>Mart Reiniku koolis on 4. klassi \u00f5pilasel (<strong>sealhulgas ka muusikaklassi \u00f5pilasel<\/strong>) v\u00f5imalik alates 5. klassist asuda \u00f5ppima reaalklassi.<br \/>\nReaalklass on m\u00f5eldud \u00f5pilastele, kel on soov\u00a0 ja eeldused reaalaineid laiemalt \u00f5ppida, osaleda erinevatel ol\u00fcmpiaadidel, v\u00f5istlustel, Tartu \u00dclikooli Teaduskooli t\u00f6\u00f6s jne.<br \/>\nReaalklassi \u00f5pilased peavad arvestama matemaatikas suurema koormuse ja \u00f5ppemahuga ning kiirema t\u00f6\u00f6tempoga.<br \/>\nLisaks kohustuslikule \u00f5ppeprogrammile \u00f5pitakse praktilist matemaatikat, loodusaineid, ajalugu, eesti keelt jm kasutades infotehnoloogia v\u00f5imalusi.<br \/>\nPeamine eesm\u00e4rk on arendada \u00f5pilaste loogilist arutlusoskust ja oskust leida lahendusi erinevatele \u00fclesannetele.<br \/>\nReaalklassi \u00f5ppima taotlemisel on esmalt oluline \u00f5pilase ja vanema soov. Soovijatele viiakse aprillikuus l\u00e4bi kordav t\u00f6\u00f6 matemaatikast.<\/p>\n<p>Reaalklassi saamisel v\u00f5etakse arvesse:<\/p>\n<ul>\n<li>matemaatika kordava t\u00f6\u00f6 tulemus;<\/li>\n<li>I ja II trimestri keskmine hinne p\u00f5hiainetes;<\/li>\n<li>aine\u00f5petaja ja klassijuhataja arvamus;<\/li>\n<li>osav\u00f5tt kooli, piirkondlikest ja \u00fcleriiklikest matemaatikaalastest v\u00f5istlustest (Nuputa, K\u00e4nguru, Kuubik, Nutisport jm), ol\u00fcmpiaadidest ja erinevatest konkurssidest.<\/li>\n<\/ul>\n<p>Otsusest reaalklassi saamise v\u00f5i mittesaamise kohta antakse teada maikuu kolmandal n\u00e4dalal.<\/p>\n<p>NB! Erandkorras ja eelnevalt l\u00e4bi r\u00e4\u00e4kides vanemaga on koolil\u00a0\u00a0 \u00f5igus m\u00e4\u00e4rata \u00f5pilane reaalklassist \u00fcldklassi juhul, kui reaalainete omandamine osutub \u00f5pilase jaoks liialt raskeks v\u00f5i tal puudub laiem huvi nende \u00f5ppimise vastu.<\/p>\n<p><strong>MUUSIKAKLASS<\/strong><\/p>\n<p>Mart Reiniku kooli piirkonna 1. klassi lastest moodustatakse tavaklassidele lisaks \u00fcks\u00a0muusikaklass.<\/p>\n<p><strong>NB!\u00a0<\/strong>Ka muusikaklassi \u00f5pilastel on v\u00f5imalus 4. klassi l\u00f5pus soovi korral kandideerida reaalklassi.<\/p>\n<p>Muusikaklassi eesm\u00e4rgiks on:<\/p>\n<ul>\n<li>aktiivse musitseerimise kaudu \u00f5pilaste muusikaliste v\u00f5imete arendamine;<\/li>\n<li>praktiline musitseerimine- koorid, instrumendi\u00f5pe, puhkpilliorkester, soolo- ja ansamblilaul<\/li>\n<li>muusikalise kirjaoskuse andmine;<\/li>\n<li>osalemine kontsertidel, laulup\u00e4evadel, -pidudel;<\/li>\n<li>muusikalise enesev\u00e4ljendusoskuse ja loominguliste v\u00f5imete arendamine.<\/li>\n<\/ul>\n<p>Muusikaklass moodustatakse \u00fcldjuhul kevadisel koolivaheajal (aprillis) v\u00f5i sellele eelneval n\u00e4dalal toimuva vestluse ja musitseerimise alusel.<br \/>\nL\u00fchivestlused toimuvad kahes osas:<\/p>\n<ul>\n<li>Muusika\u00f5petaja vestleb ja musitseerib koos lapsega: laps laulab ette omal valikul eelnevalt \u00f5pitud laulu, koputab j\u00e4rele r\u00fctme, kuulab helik\u00f5rgusi ja laulab j\u00e4rele. Muusika\u00f5petajad vestlevad vanema(te)ga.<\/li>\n<li>Klassi\u00f5petaja vestleb lapsega (soovi korral vanema juuresolekul), vestluse juures viibib kooli tugispetsialist.<\/li>\n<\/ul>\n<p>Tulemuste teavitamine toimub individuaalselt e-posti teel hiljemalt maikuu kolmanda n\u00e4dala l\u00f5pus.<\/p>\n<p>NB! Muusikaklassi mittesobivuse korral on koolil \u00f5igus erandkorras ja eelnevalt l\u00e4bi r\u00e4\u00e4kides vanemaga viia \u00f5pilane \u00fcle muusikaklassist \u00fcldklassi.<\/p>\n<p><strong>PILLI\u00d5PE<\/strong><\/p>\n<p>Mart Reiniku kooli muusikaklasside \u00f5pilastele (eelk\u00f5ige) pakume soovi korral tasulist pilli\u00f5pet.<\/p>\n<p><strong>Klaveri\u00f5pe<\/strong><\/p>\n<ul>\n<li>Tunnid 1\u20132 korda n\u00e4dalas<\/li>\n<li>\u00d5pilaste arv piiratud (kaks \u00f5petajat)<\/li>\n<\/ul>\n<p><strong>Puhkpilli\u00f5pe<\/strong><\/p>\n<p>Soovitavalt 2 korda n\u00e4dalas<\/p>\n<p><strong>Puupuhkpillid<\/strong><\/p>\n<ul>\n<li>Plokkfl\u00f6\u00f6t \u2013 alates 1. klassist<\/li>\n<li>Klarnet \u2013 alates 3. klassist<\/li>\n<li>Saksofon \u2013 alates 3. klassist<\/li>\n<\/ul>\n<p><strong>Vaskpuhkpillid<\/strong><\/p>\n<ul>\n<li>Trompet \u2013 alates 3. klassist<\/li>\n<li>Bariton \u2013 alates 3. klassist<\/li>\n<li>Tromboon \u2013 alates 3. klassist<\/li>\n<\/ul>\n<p><strong>Pilli\u00f5ppe korraldus<\/strong><\/p>\n<ul>\n<li>Pilli\u00f5pe algab soovi korral juba 1. klassis plokkfl\u00f6\u00f6di\u00f5ppega.<\/li>\n<li>Alates 3. klassist saab valida puu- v\u00f5i vaskpuhkpilli.<\/li>\n<li>3. klassi alguses tutvustab pilli\u00f5petaja muusikaklassile erinevaid pille, r\u00e4\u00e4gib \u00f5ppev\u00f5imalustest ja teeb n\u00e4idistunni.<\/li>\n<li>Pilli\u00f5ppe 2. v\u00f5i 3. aastal on v\u00f5imalus m\u00e4ngida kooli puhkpilliorkestris.<\/li>\n<\/ul>\n<p><strong>Avalduse esitamine<\/strong><\/p>\n<p>Pilli\u00f5ppes osalemiseks esitab lapsevanem \u00f5ppeaasta alguses avalduse.<br \/>\nAvalduse vorm on leitav kooli kodulehel: Avalik teave \u2192 Dokumendid \u2192 Avaldus \u2013 pilli\u00f5pe.<br \/>\nP\u00e4rast avalduse esitamist v\u00f5tab pilli\u00f5ppe \u00f5petaja lapsevanemaga \u00fchendust.<\/p>\n<p><strong>Miks pilli\u00f5pe?<\/strong><\/p>\n<ul>\n<li>Muusika arendab m\u00e4lu, t\u00e4helepanu ja loovust.<\/li>\n<li>Pilli\u00f5pe kasvatab kannatlikkust ja j\u00e4rjekindlust.<\/li>\n<li>Koos musitseerimine \u00f5petab kuulama ja \u00fcksteisega arvestama.<\/li>\n<li>Muusika aitab v\u00e4ljendada seda, mida s\u00f5nadesse on vahel raske panna.<\/li>\n<\/ul>\n<p><strong>\u201eMuusika teeb hinge r\u00f5\u00f5msaks ja s\u00fcdame tugevaks.\u201c<\/strong><\/p>\n<p>&nbsp;<\/p>\n<p>&nbsp;<\/p>\n<p>&nbsp;<\/p>\n<p>&nbsp;<\/p>\n<p>&nbsp;<\/p>\n","protected":false},"excerpt":{"rendered":"<p>REAALKLASS Mart Reiniku koolis on 4. klassi \u00f5pilasel (sealhulgas ka muusikaklassi \u00f5pilasel) v\u00f5imalik alates 5. klassist asuda \u00f5ppima reaalklassi. Reaalklass on m\u00f5eldud \u00f5pilastele, kel on soov\u00a0 ja eeldused reaalaineid laiemalt \u00f5ppida, osaleda erinevatel ol\u00fcmpiaadidel, v\u00f5istlustel, Tartu \u00dclikooli Teaduskooli t\u00f6\u00f6s jne. Reaalklassi \u00f5pilased peavad arvestama matemaatikas suurema koormuse ja \u00f5ppemahuga ning kiirema t\u00f6\u00f6tempoga. Lisaks kohustuslikule \u00f5ppeprogrammile [&hellip;]<\/p>\n","protected":false},"author":2,"featured_media":0,"parent":0,"menu_order":0,"comment_status":"closed","ping_status":"closed","template":"","meta":{"footnotes":""},"class_list":["post-2426","page","type-page","status-publish","hentry"],"_links":{"self":[{"href":"https:\/\/www.reiniku.edu.ee\/index.php\/wp-json\/wp\/v2\/pages\/2426","targetHints":{"allow":["GET"]}}],"collection":[{"href":"https:\/\/www.reiniku.edu.ee\/index.php\/wp-json\/wp\/v2\/pages"}],"about":[{"href":"https:\/\/www.reiniku.edu.ee\/index.php\/wp-json\/wp\/v2\/types\/page"}],"author":[{"embeddable":true,"href":"https:\/\/www.reiniku.edu.ee\/index.php\/wp-json\/wp\/v2\/users\/2"}],"replies":[{"embeddable":true,"href":"https:\/\/www.reiniku.edu.ee\/index.php\/wp-json\/wp\/v2\/comments?post=2426"}],"version-history":[{"count":20,"href":"https:\/\/www.reiniku.edu.ee\/index.php\/wp-json\/wp\/v2\/pages\/2426\/revisions"}],"predecessor-version":[{"id":7680,"href":"https:\/\/www.reiniku.edu.ee\/index.php\/wp-json\/wp\/v2\/pages\/2426\/revisions\/7680"}],"wp:attachment":[{"href":"https:\/\/www.reiniku.edu.ee\/index.php\/wp-json\/wp\/v2\/media?parent=2426"}],"curies":[{"name":"wp","href":"https:\/\/api.w.org\/{rel}","templated":true}]}}