{"id":259,"date":"2016-01-05T13:23:12","date_gmt":"2016-01-05T11:23:12","guid":{"rendered":"http:\/\/uus.reiniku.edu.ee\/?page_id=259"},"modified":"2026-05-05T13:36:20","modified_gmt":"2026-05-05T10:36:20","slug":"toitlustamine","status":"publish","type":"page","link":"https:\/\/www.reiniku.edu.ee\/index.php\/toitlustamine\/","title":{"rendered":"Toitlustamine"},"content":{"rendered":"<p>K\u00f5ik koolitoiduga seotud arveldused ja info n\u00e4htav e-keskkonnas <a href=\"https:\/\/arno.tartu.ee\/\" target=\"_blank\" rel=\"noopener noreferrer\"><span style=\"color: #800000\">ARNO<\/span><\/a><\/p>\n<p>Koolitoidu tellimise juhend <span style=\"color: #800000\"><a style=\"color: #800000\" href=\"https:\/\/www.reiniku.edu.ee\/wp-content\/uploads\/2025\/08\/BRE_-tutvustav-info_2025-kooli_kodulehele-1.pdf\">SIIN<\/a><\/span><\/p>\n<p>Tasuta koolitoitlustuse <span style=\"color: #800000\"><a style=\"color: #800000\" href=\"https:\/\/www.reiniku.edu.ee\/wp-content\/uploads\/2017\/09\/avaldus.pdf\" target=\"_blank\" rel=\"noopener noreferrer\">avaldus<\/a><\/span><\/p>\n<p>4.-9.klassi \u00f5pilastele toimub toitlustamine \u00f5pilaspileti alusel.<\/p>\n<p><span style=\"color: #333333\"><strong>Tartu Mart Reiniku Koolis toitlustab Baltic Restaurants Estonia AS (Daily).<br \/>\n<\/strong><\/span><br \/>\n<strong><span style=\"color: #800000\"><a style=\"color: #800000\" href=\"https:\/\/www.reiniku.edu.ee\/wp-content\/uploads\/2024\/10\/BRE_-tutvustav-info_2024-kooli_kodulehele_tartu-3.pdf\" target=\"_blank\" rel=\"noopener\">Koolitoitlustuse info ja hinnakiri\u00a0<\/a><\/span><\/strong><\/p>\n<p>Lisainfo:<br \/>\nKetlin \u0160t\u0161erbakov<br \/>\nDaily koolis\u00f6\u00f6kla juhataja<br \/>\n5341 1979<br \/>\ntartu.martreiniku@daily.ee<\/p>\n<p><strong><span style=\"color: #000000\">I poolaasta 2025\/2026 \u00f5a toitlustamine<\/span><\/strong><\/p>\n<p><strong>Riia 25 s\u00f6\u00f6klas\u00a0<\/strong><\/p>\n<ol>\n<li><strong>10.30-10.50<\/strong>\u00a0 \u00a0 (3. tunni ajal)- <strong>1. klassid<\/strong>; <strong>K.<\/strong> <strong>11.35-11.55 <\/strong>(4. tunni ajal)<\/li>\n<li><strong>11.15-11.35\u00a0 \u00a0 \u00a0<\/strong>(p\u00e4rast 3. tundi)-<strong> 2.-3. klassid<\/strong><\/li>\n<li><strong>12.10-12.30\u00a0 \u00a0<\/strong> (p\u00e4rast 4. tundi)-<strong> 4. klassid; 3.c klass<\/strong><\/li>\n<li><strong>13.20-13.40<\/strong>\u00a0 \u00a0 \u00a0<strong>pikap\u00e4evar\u00fchma eine (E, T, N, R); 14.15-14.35 (K)<\/strong><strong><br \/>\n<\/strong><\/li>\n<\/ol>\n<p>Hommikupuder 9.15 &#8211; 9.30<br \/>\n<strong><br \/>\nVanemuise 48 s\u00f6\u00f6klas<\/strong><\/p>\n<ol>\n<li><strong>11.15 \u2013 11.35 <\/strong>(p\u00e4rast 3.tundi)- <strong style=\"font-size: 1rem\">5.a, 5.b, 5.c, 5.d <\/strong><span style=\"font-size: 1rem\">ja<\/span><strong style=\"font-size: 1rem\"> 6.a, 6.b, 6.c, 6.d<\/strong><\/li>\n<li><strong>12.10 \u2013 12.30 <\/strong>(p\u00e4rast 4.tundi)- <strong style=\"font-size: 1rem\">7.a, 7.b, 7.c, 7.d, 7.e, 7.k <\/strong><span style=\"font-size: 1rem\">ja<\/span><strong style=\"font-size: 1rem\"> 8.a, 8.b, 8.c, 8.d <\/strong><span style=\"font-size: 1rem\">ja<\/span><strong style=\"font-size: 1rem\"> 8.e<\/strong><\/li>\n<li><strong>13.05 \u2013 13.25 <\/strong>(p\u00e4rast 5.tundi)- <strong style=\"font-size: 1rem\">9.a, 9.b, 9.c, 9.d, 9.e<\/strong><\/li>\n<\/ol>\n<p>Hommikupuder 9.15 &#8211; 9.30<\/p>\n<p><span style=\"color: #333333\"><strong>Koolil\u00f5una men\u00fc\u00fc<\/strong><br \/>\n<a href=\"https:\/\/www.reiniku.edu.ee\/wp-content\/uploads\/2026\/04\/Mai_Koolid_Nadalamenuu_04.05-08.05.2026.pdf\">Koolil\u00f5una men\u00fc\u00fc 04.05.2026-08.05.2026<\/a><br \/>\n<a href=\"https:\/\/www.reiniku.edu.ee\/wp-content\/uploads\/2026\/05\/Mai_Nadalamenuu_11.05-15.05.2026.pdf\">Koolil\u00f5una men\u00fc\u00fc 11.05.2026-15.05.2026<\/a><\/p>\n<p><\/span><\/p>\n<p><strong><span style=\"color: #333333\">Koolieine men\u00fc\u00fc<\/span><\/strong><br \/>\n<a href=\"https:\/\/www.reiniku.edu.ee\/wp-content\/uploads\/2026\/04\/Mai_Koolieine_Nadalamenuu_04.05-08.05.2026.pdf\">Koolieine men\u00fc\u00fc 04.05.2026-08.05.2026<\/a><br \/>\n<a href=\"https:\/\/www.reiniku.edu.ee\/wp-content\/uploads\/2026\/05\/Mai_Koolieine_Nadalamenuu_11.05-15.05.2026.pdf\">Koolieine men\u00fc\u00fc 11.05.2026-15.05.2026<\/a><\/p>\n","protected":false},"excerpt":{"rendered":"<p>K\u00f5ik koolitoiduga seotud arveldused ja info n\u00e4htav e-keskkonnas ARNO Koolitoidu tellimise juhend SIIN Tasuta koolitoitlustuse avaldus 4.-9.klassi \u00f5pilastele toimub toitlustamine \u00f5pilaspileti alusel. Tartu Mart Reiniku Koolis toitlustab Baltic Restaurants Estonia AS (Daily). Koolitoitlustuse info ja hinnakiri\u00a0 Lisainfo: Ketlin \u0160t\u0161erbakov Daily koolis\u00f6\u00f6kla juhataja 5341 1979 tartu.martreiniku@daily.ee I poolaasta 2025\/2026 \u00f5a toitlustamine Riia 25 s\u00f6\u00f6klas\u00a0 10.30-10.50\u00a0 \u00a0 [&hellip;]<\/p>\n","protected":false},"author":11,"featured_media":0,"parent":0,"menu_order":0,"comment_status":"closed","ping_status":"closed","template":"","meta":{"footnotes":""},"class_list":["post-259","page","type-page","status-publish","hentry"],"_links":{"self":[{"href":"https:\/\/www.reiniku.edu.ee\/index.php\/wp-json\/wp\/v2\/pages\/259","targetHints":{"allow":["GET"]}}],"collection":[{"href":"https:\/\/www.reiniku.edu.ee\/index.php\/wp-json\/wp\/v2\/pages"}],"about":[{"href":"https:\/\/www.reiniku.edu.ee\/index.php\/wp-json\/wp\/v2\/types\/page"}],"author":[{"embeddable":true,"href":"https:\/\/www.reiniku.edu.ee\/index.php\/wp-json\/wp\/v2\/users\/11"}],"replies":[{"embeddable":true,"href":"https:\/\/www.reiniku.edu.ee\/index.php\/wp-json\/wp\/v2\/comments?post=259"}],"version-history":[{"count":843,"href":"https:\/\/www.reiniku.edu.ee\/index.php\/wp-json\/wp\/v2\/pages\/259\/revisions"}],"predecessor-version":[{"id":8095,"href":"https:\/\/www.reiniku.edu.ee\/index.php\/wp-json\/wp\/v2\/pages\/259\/revisions\/8095"}],"wp:attachment":[{"href":"https:\/\/www.reiniku.edu.ee\/index.php\/wp-json\/wp\/v2\/media?parent=259"}],"curies":[{"name":"wp","href":"https:\/\/api.w.org\/{rel}","templated":true}]}}