{"id":262,"date":"2016-01-05T13:35:07","date_gmt":"2016-01-05T11:35:07","guid":{"rendered":"http:\/\/uus.reiniku.edu.ee\/?page_id=262"},"modified":"2016-01-10T20:00:37","modified_gmt":"2016-01-10T18:00:37","slug":"tugisusteem","status":"publish","type":"page","link":"https:\/\/www.reiniku.edu.ee\/index.php\/tugisusteem\/","title":{"rendered":"Tugis\u00fcsteem"},"content":{"rendered":"<p>T\u00f6\u00f6 eesm\u00e4rgiks on toetada ajutiste ainealaste \u00f5piraskustega ja v\u00e4ljakujunemate \u00f5pioskuste ja -harjumustega \u00f5pilast vastavalt \u00f5ppekavas esitatud n\u00f5uetele v\u00f5i \u00f5pilast, kellel on logopeedilised probleemid.<\/p>\n","protected":false},"excerpt":{"rendered":"<p>T\u00f6\u00f6 eesm\u00e4rgiks on toetada ajutiste ainealaste \u00f5piraskustega ja v\u00e4ljakujunemate \u00f5pioskuste ja -harjumustega \u00f5pilast vastavalt \u00f5ppekavas esitatud n\u00f5uetele v\u00f5i \u00f5pilast, kellel on logopeedilised probleemid.<\/p>\n","protected":false},"author":2,"featured_media":0,"parent":0,"menu_order":0,"comment_status":"closed","ping_status":"closed","template":"","meta":{"footnotes":""},"class_list":["post-262","page","type-page","status-publish","hentry"],"_links":{"self":[{"href":"https:\/\/www.reiniku.edu.ee\/index.php\/wp-json\/wp\/v2\/pages\/262","targetHints":{"allow":["GET"]}}],"collection":[{"href":"https:\/\/www.reiniku.edu.ee\/index.php\/wp-json\/wp\/v2\/pages"}],"about":[{"href":"https:\/\/www.reiniku.edu.ee\/index.php\/wp-json\/wp\/v2\/types\/page"}],"author":[{"embeddable":true,"href":"https:\/\/www.reiniku.edu.ee\/index.php\/wp-json\/wp\/v2\/users\/2"}],"replies":[{"embeddable":true,"href":"https:\/\/www.reiniku.edu.ee\/index.php\/wp-json\/wp\/v2\/comments?post=262"}],"version-history":[{"count":4,"href":"https:\/\/www.reiniku.edu.ee\/index.php\/wp-json\/wp\/v2\/pages\/262\/revisions"}],"predecessor-version":[{"id":422,"href":"https:\/\/www.reiniku.edu.ee\/index.php\/wp-json\/wp\/v2\/pages\/262\/revisions\/422"}],"wp:attachment":[{"href":"https:\/\/www.reiniku.edu.ee\/index.php\/wp-json\/wp\/v2\/media?parent=262"}],"curies":[{"name":"wp","href":"https:\/\/api.w.org\/{rel}","templated":true}]}}