{"id":265,"date":"2016-01-05T13:37:53","date_gmt":"2016-01-05T11:37:53","guid":{"rendered":"http:\/\/uus.reiniku.edu.ee\/?page_id=265"},"modified":"2026-01-24T16:19:07","modified_gmt":"2026-01-24T14:19:07","slug":"opiabi","status":"publish","type":"page","link":"https:\/\/www.reiniku.edu.ee\/index.php\/opiabi\/","title":{"rendered":"\u00d5piabi"},"content":{"rendered":"<p><a href=\"https:\/\/www.reiniku.edu.ee\/wp-content\/uploads\/2021\/09\/Opiabi-osutamise-kord-Tartu-Mart-Reiniku-Koolis.pdf\" target=\"_blank\" rel=\"noopener\">\u00d5piabi osutamise kord Tartu Mart Reiniku Koolis<\/a><\/p>\n<p><strong>1.-4. kl ERIPEDAGOOGILINE \u00d5PIABI\u00a0<\/strong><\/p>\n<p>eripedagoog (1.-4. kl eripedagoog Eliise Kalda)<br \/>\nruum 308<\/p>\n<table style=\"height: 521px;\" width=\"812\">\n<tbody>\n<tr>\n<td width=\"75\"><\/td>\n<td width=\"161\">ESMASP\u00c4EV<\/td>\n<td width=\"161\">TEISIP\u00c4EV<\/td>\n<td width=\"170\">KOLMAP\u00c4EV<\/td>\n<td width=\"189\">NELJAP\u00c4EV<\/td>\n<td width=\"177\">REEDE<\/td>\n<\/tr>\n<tr>\n<td width=\"75\">1.<\/td>\n<td width=\"161\">2 ABCD matem \u00f5piabi<\/td>\n<td width=\"161\">2 C eesti k \u00f5piabi<\/td>\n<td width=\"170\"><\/td>\n<td width=\"189\"><em>\u00a0<\/em><\/td>\n<td width=\"177\">4 BC eesti k \u00f5piabi<\/td>\n<\/tr>\n<tr>\n<td width=\"75\">2.<\/td>\n<td width=\"161\">1 C eesti k \u00f5piabi<\/td>\n<td width=\"161\">3 E eesti k \u00f5piabi<\/td>\n<td width=\"170\"><em>\u00a0<\/em><\/td>\n<td width=\"189\">2 B eesti k \u00f5piabi<\/td>\n<td width=\"177\"><\/td>\n<\/tr>\n<tr>\n<td width=\"75\">3.<\/td>\n<td width=\"161\">1 B eesti k \u00f5piabi<\/td>\n<td width=\"161\">1 D eesti k \u00f5piabi<\/td>\n<td width=\"170\">1 D eesti k \u00f5piabi<\/td>\n<td width=\"189\"><em>Individuaaltund<\/em><\/td>\n<td width=\"177\"><\/td>\n<\/tr>\n<tr>\n<td width=\"75\">4.<\/td>\n<td width=\"161\">4 BC eesti k \u00f5piabi<\/td>\n<td width=\"161\">1 B eesti k \u00f5piabi<\/td>\n<td width=\"170\">1 C eesti k \u00f5piabi<\/td>\n<td width=\"189\"><\/td>\n<td width=\"177\"><\/td>\n<\/tr>\n<tr>\n<td width=\"75\">5.<\/td>\n<td width=\"161\">3 ABCD matem \u00f5piabi<\/td>\n<td width=\"161\"><\/td>\n<td width=\"170\">2 C eesti k \u00f5piabi<\/td>\n<td width=\"189\"><\/td>\n<td width=\"177\"><\/td>\n<\/tr>\n<tr>\n<td width=\"75\">6.<\/td>\n<td width=\"161\">2 B eesti k \u00f5piabi<\/td>\n<td width=\"161\">2 ABCD matem \u00f5piabi<\/td>\n<td width=\"170\"><\/td>\n<td width=\"189\">3 E eesti k \u00f5piabi<\/td>\n<td width=\"177\"><\/td>\n<\/tr>\n<tr>\n<td width=\"75\">7.<\/td>\n<td width=\"161\"><\/td>\n<td width=\"161\"><\/td>\n<td width=\"170\"><\/td>\n<td width=\"189\">3 ABCD matem \u00f5piabi<\/td>\n<td width=\"177\"><\/td>\n<\/tr>\n<\/tbody>\n<\/table>\n<p><strong>1.-4. kl EESTI KEEL JA MATEMAATIKA \u00d5PIABI\u00a0<\/strong><\/p>\n<p><strong>2A\/D kl<\/strong> eesti keel &#8211; \u00f5petaja Merike J\u00e4\u00e4ger, kab 107<br \/>\nTunnid: E 1. tund \u00a0ja N 6. tund<\/p>\n<p><strong>3C kl<\/strong> eesti keel \u2013\u00a0 \u00f5petaja Lea Kivi, kab 207<br \/>\nTunnid: K 7. tund\u00a0 ja R 1. tund<\/p>\n<p><strong>3B\/D kl<\/strong> eesti keel \u2013 \u00f5petaja Marika Tein kab 302<br \/>\nTunnid: K 7. tund\u00a0 ja R 1. tund<\/p>\n<p><strong>4A\/D kl<\/strong> eesti keel\u00a0 \u2013 \u00f5petaja Lea Kivi, kab 207<br \/>\nTunnid: T 7. tund ja N 5. tund<\/p>\n<p><strong>2ABCD kl<\/strong> matemaatika &#8211; eripedagoog Eliise Kalda, kab 308<br \/>\nTunnid: E 1. tund; T 6. tund<\/p>\n<p><strong>3ABCD kl<\/strong> matemaatika &#8211; eripedagoog Eliise Kalda, kab 308<br \/>\nTunnid: E 5. tund; N 7. tund<\/p>\n<p><strong>4ABCD kl matemaatika<\/strong> &#8211; \u00f5petaja Ulvi Allik, kab 304<br \/>\nTunnid: E 6. tund; K 7. tund<\/p>\n","protected":false},"excerpt":{"rendered":"<p>\u00d5piabi osutamise kord Tartu Mart Reiniku Koolis 1.-4. kl ERIPEDAGOOGILINE \u00d5PIABI\u00a0 eripedagoog (1.-4. kl eripedagoog Eliise Kalda) ruum 308 ESMASP\u00c4EV TEISIP\u00c4EV KOLMAP\u00c4EV NELJAP\u00c4EV REEDE 1. 2 ABCD matem \u00f5piabi 2 C eesti k \u00f5piabi \u00a0 4 BC eesti k \u00f5piabi 2. 1 C eesti k \u00f5piabi 3 E eesti k \u00f5piabi \u00a0 2 B eesti [&hellip;]<\/p>\n","protected":false},"author":2,"featured_media":0,"parent":0,"menu_order":0,"comment_status":"closed","ping_status":"closed","template":"","meta":{"footnotes":""},"class_list":["post-265","page","type-page","status-publish","hentry"],"_links":{"self":[{"href":"https:\/\/www.reiniku.edu.ee\/index.php\/wp-json\/wp\/v2\/pages\/265","targetHints":{"allow":["GET"]}}],"collection":[{"href":"https:\/\/www.reiniku.edu.ee\/index.php\/wp-json\/wp\/v2\/pages"}],"about":[{"href":"https:\/\/www.reiniku.edu.ee\/index.php\/wp-json\/wp\/v2\/types\/page"}],"author":[{"embeddable":true,"href":"https:\/\/www.reiniku.edu.ee\/index.php\/wp-json\/wp\/v2\/users\/2"}],"replies":[{"embeddable":true,"href":"https:\/\/www.reiniku.edu.ee\/index.php\/wp-json\/wp\/v2\/comments?post=265"}],"version-history":[{"count":133,"href":"https:\/\/www.reiniku.edu.ee\/index.php\/wp-json\/wp\/v2\/pages\/265\/revisions"}],"predecessor-version":[{"id":7879,"href":"https:\/\/www.reiniku.edu.ee\/index.php\/wp-json\/wp\/v2\/pages\/265\/revisions\/7879"}],"wp:attachment":[{"href":"https:\/\/www.reiniku.edu.ee\/index.php\/wp-json\/wp\/v2\/media?parent=265"}],"curies":[{"name":"wp","href":"https:\/\/api.w.org\/{rel}","templated":true}]}}