{"id":267,"date":"2016-01-05T13:38:16","date_gmt":"2016-01-05T11:38:16","guid":{"rendered":"http:\/\/uus.reiniku.edu.ee\/?page_id=267"},"modified":"2026-04-20T14:41:23","modified_gmt":"2026-04-20T11:41:23","slug":"psuhholoog","status":"publish","type":"page","link":"https:\/\/www.reiniku.edu.ee\/index.php\/psuhholoog\/","title":{"rendered":"N\u00f5ustamine"},"content":{"rendered":"<table style=\"border-collapse: collapse;width: 100%\" border=\"1\">\n<tbody>\n<tr style=\"height: 144px\">\n<td style=\"width: 50%;height: 144px\"><strong>Riia 25 (1.- 4. klass)<br \/>\n<\/strong>Sotsiaalpedagoog <strong>Triinu S\u00e4\u00e4lik<br \/>\n<\/strong>triinu.saalik<img decoding=\"async\" src=\"https:\/\/www.reiniku.edu.ee\/wp-content\/uploads\/2016\/04\/at.gif\" alt=\"\" border=\"0\" \/>reiniku.edu.ee<strong><br \/>\n<\/strong>Vastuv\u00f5tt eelregistreerimisega e-posti teel.<br \/>\nTel 5345 4040<br \/>\n<a href=\"https:\/\/www.reiniku.edu.ee\/wp-content\/uploads\/2020\/11\/Sotsiaalpedagoogi-peamised-tooulesanded.pdf\">Sotsiaalpedagoogi peamised t\u00f6\u00f6\u00fclesanded<\/a><\/td>\n<td style=\"width: 50%;height: 144px\"><strong>Vanemuise 48 (5.-9.klass)<\/strong><br \/>\nSotsiaalpedagoog<strong>\u00a0Lagle Prei<br \/>\n<\/strong>lagle.prei<img decoding=\"async\" src=\"https:\/\/www.reiniku.edu.ee\/wp-content\/uploads\/2016\/04\/at.gif\" alt=\"\" border=\"0\" \/>reiniku.edu.ee<strong><br \/>\n<\/strong>Vastuv\u00f5tt eelregistreerimisega e-posti teel.<br \/>\nTel 518 1630<br \/>\n<a href=\"https:\/\/www.reiniku.edu.ee\/wp-content\/uploads\/2020\/11\/Sotsiaalpedagoogi-peamised-tooulesanded.pdf\">Sotsiaalpedagoogi peamised t\u00f6\u00f6\u00fclesanded<\/a><\/td>\n<\/tr>\n<tr style=\"height: 184px\">\n<td style=\"width: 50%;height: 184px\"><b>Riia 25 (1.-4. klass) <\/b><\/p>\n<p>Ps\u00fchholoog <strong>Irmeli Kokmann<\/strong><br \/>\nirmeli.kokmann<img decoding=\"async\" src=\"https:\/\/www.reiniku.edu.ee\/wp-content\/uploads\/2016\/04\/at.gif\" alt=\"\" border=\"0\" \/>reiniku.edu.ee<br \/>\nVastuv\u00f5tt eelregistreerimisegae-posti teel.<\/p>\n<p>Tel 520 5014<\/p>\n<p><a href=\"https:\/\/www.reiniku.edu.ee\/wp-content\/uploads\/2020\/11\/Koolipsuhholoogi-peamised-tooulesanded.pdf\">Koolips\u00fchholoogi peamised t\u00f6\u00f6\u00fclesanded<\/a><\/td>\n<td style=\"width: 50%;height: 184px\"><strong><br \/>\nVanemuise 48 (1.- 9. klass)<br \/>\n<\/strong>HEV koordinaator <strong>Heli Arney<br \/>\n<\/strong>heli.arney<img decoding=\"async\" src=\"https:\/\/www.reiniku.edu.ee\/wp-content\/uploads\/2016\/04\/at.gif\" alt=\"\" border=\"0\" \/>reiniku.edu.ee<br \/>\nVastuv\u00f5tt eelregistreerimisega e-posti teel.<br \/>\nTel 524 3823<br \/>\n<a href=\"https:\/\/www.reiniku.edu.ee\/wp-content\/uploads\/2020\/11\/HEV-koordinaatori-peamised-tooulesanded.pdf\">HEV koordinaatori peamised t\u00f6\u00f6\u00fclesanded\u00a0<\/a><br \/>\nHEV koordinaator <strong>Laura Kivilo<\/strong><br \/>\n(vanemapuhkusel)<\/td>\n<\/tr>\n<tr style=\"height: 324px\">\n<td style=\"width: 50%;height: 324px\"><strong>Riia 25 (1.-4.klass)<\/strong><br \/>\nEripedagoog <strong>Eliise Kalda<\/strong><br \/>\nVastuv\u00f5tt eelregistreerimisega<br \/>\ne-posti teel eliise.kalda<img decoding=\"async\" src=\"https:\/\/www.reiniku.edu.ee\/wp-content\/uploads\/2016\/04\/at.gif\" alt=\"\" border=\"0\" \/>reiniku.edu.ee<br \/>\n<a href=\"https:\/\/www.reiniku.edu.ee\/wp-content\/uploads\/2020\/11\/Eripedagoogi-peamised-tooulesanded.pdf\">Eripedagoogi peamised t\u00f6\u00f6\u00fclesanded<\/a><\/td>\n<td style=\"width: 50%;height: 324px\"><b>Vanemuise 48 (5.-9. klass) <\/b><br \/>\nPs\u00fchholoog <strong>Liisa Johanna P\u00e4rnam\u00e4gi\u00a0<\/strong><br \/>\nVastuv\u00f5tt eelregistreerimisega<br \/>\ne-posti teel liisajohanna.parnamagi<img decoding=\"async\" src=\"https:\/\/www.reiniku.edu.ee\/wp-content\/uploads\/2016\/04\/at.gif\" alt=\"\" border=\"0\" \/>reiniku.edu.ee<br \/>\nTel 5366 1810<br \/>\n<a href=\"https:\/\/www.reiniku.edu.ee\/wp-content\/uploads\/2020\/11\/Koolipsuhholoogi-peamised-tooulesanded.pdf\">Koolips\u00fchholoogi peamised t\u00f6\u00f6\u00fclesanded<\/a><\/td>\n<\/tr>\n<tr style=\"height: 204px\">\n<td style=\"width: 50%;height: 204px\"><\/td>\n<td style=\"width: 50%;height: 204px\"><strong>Vanemuise 48 (5.-9.klass)<br \/>\n<\/strong>Eripedagoog <strong>Merit Nukka<\/strong><br \/>\nVastuv\u00f5tt eelregistreerimisega<br \/>\ne-posti teel merit.nukka<img decoding=\"async\" src=\"https:\/\/www.reiniku.edu.ee\/wp-content\/uploads\/2016\/04\/at.gif\" alt=\"\" border=\"0\" \/>reiniku.edu.ee<br \/>\n<a href=\"https:\/\/www.reiniku.edu.ee\/wp-content\/uploads\/2020\/11\/Eripedagoogi-peamised-tooulesanded.pdf\">Eripedagoogi peamised t\u00f6\u00f6\u00fclesanded<\/a><\/td>\n<\/tr>\n<tr style=\"height: 24px\">\n<td style=\"width: 50%;height: 24px\"><\/td>\n<td style=\"width: 50%;height: 24px\"><\/td>\n<\/tr>\n<\/tbody>\n<\/table>\n<p>&nbsp;<\/p>\n<p><a href=\"https:\/\/www.reiniku.edu.ee\/wp-content\/uploads\/2024\/11\/Tugimeeskonna-pilt.pdf\" target=\"_blank\" rel=\"noopener\">Tugis\u00fcsteemi rakendamise protsess<\/a><br \/>\n<a href=\"https:\/\/www.reiniku.edu.ee\/wp-content\/uploads\/2021\/02\/Tartu-Mart-Reiniku-Kooli-TUGIKOMISJON-padevus-ja-tegutsemise-kord.pdf\" target=\"_blank\" rel=\"noopener noreferrer\">Tartu Mart Reiniku Kooli tugikomisjoni p\u00e4devus ja tegutsemise kord<\/a><br \/>\n<a href=\"https:\/\/www.reiniku.edu.ee\/index.php\/kiva\/\" target=\"_blank\" rel=\"noopener\">Tartu Mart Reiniku kool on KiVA kool<\/a><\/p>\n<p>&nbsp;<\/p>\n","protected":false},"excerpt":{"rendered":"<p>Riia 25 (1.- 4. klass) Sotsiaalpedagoog Triinu S\u00e4\u00e4lik triinu.saalikreiniku.edu.ee Vastuv\u00f5tt eelregistreerimisega e-posti teel. Tel 5345 4040 Sotsiaalpedagoogi peamised t\u00f6\u00f6\u00fclesanded Vanemuise 48 (5.-9.klass) Sotsiaalpedagoog\u00a0Lagle Prei lagle.preireiniku.edu.ee Vastuv\u00f5tt eelregistreerimisega e-posti teel. Tel 518 1630 Sotsiaalpedagoogi peamised t\u00f6\u00f6\u00fclesanded Riia 25 (1.-4. klass) Ps\u00fchholoog Irmeli Kokmann irmeli.kokmannreiniku.edu.ee Vastuv\u00f5tt eelregistreerimisegae-posti teel. Tel 520 5014 Koolips\u00fchholoogi peamised t\u00f6\u00f6\u00fclesanded Vanemuise 48 (1.- [&hellip;]<\/p>\n","protected":false},"author":2,"featured_media":0,"parent":0,"menu_order":0,"comment_status":"closed","ping_status":"closed","template":"","meta":{"footnotes":""},"class_list":["post-267","page","type-page","status-publish","hentry"],"_links":{"self":[{"href":"https:\/\/www.reiniku.edu.ee\/index.php\/wp-json\/wp\/v2\/pages\/267","targetHints":{"allow":["GET"]}}],"collection":[{"href":"https:\/\/www.reiniku.edu.ee\/index.php\/wp-json\/wp\/v2\/pages"}],"about":[{"href":"https:\/\/www.reiniku.edu.ee\/index.php\/wp-json\/wp\/v2\/types\/page"}],"author":[{"embeddable":true,"href":"https:\/\/www.reiniku.edu.ee\/index.php\/wp-json\/wp\/v2\/users\/2"}],"replies":[{"embeddable":true,"href":"https:\/\/www.reiniku.edu.ee\/index.php\/wp-json\/wp\/v2\/comments?post=267"}],"version-history":[{"count":185,"href":"https:\/\/www.reiniku.edu.ee\/index.php\/wp-json\/wp\/v2\/pages\/267\/revisions"}],"predecessor-version":[{"id":8070,"href":"https:\/\/www.reiniku.edu.ee\/index.php\/wp-json\/wp\/v2\/pages\/267\/revisions\/8070"}],"wp:attachment":[{"href":"https:\/\/www.reiniku.edu.ee\/index.php\/wp-json\/wp\/v2\/media?parent=267"}],"curies":[{"name":"wp","href":"https:\/\/api.w.org\/{rel}","templated":true}]}}