{"id":28,"date":"2015-11-13T11:13:02","date_gmt":"2015-11-13T09:13:02","guid":{"rendered":"http:\/\/uus.reiniku.edu.ee\/?page_id=28"},"modified":"2026-02-18T09:55:28","modified_gmt":"2026-02-18T07:55:28","slug":"pikapaevaruhm","status":"publish","type":"page","link":"https:\/\/www.reiniku.edu.ee\/index.php\/oppetoo\/pikapaevaruhm\/","title":{"rendered":"Pikap\u00e4evar\u00fchm"},"content":{"rendered":"<p><strong style=\"font-size: 1rem;\">1. klassi pikap\u00e4evar\u00fchma t\u00f6\u00f6korraldus 2025\/2026. \u00f5ppeaastal<br \/><\/strong>Pikap\u00e4evar\u00fchm v\u00f5imaldab \u00f5pilasele tuge ja j\u00e4relevalvet \u00f5ppet\u00f6\u00f6st vaba aja sisustamisel, tunnit\u00f6\u00f6 l\u00f5petamisel, pedagoogilist juhendamist ja suunamist huvialategevuses ning huvide arendamisel.<\/p>\r\n<p><strong>Pikap\u00e4evar\u00fchm tegutseb <u>E, T, N, R<\/u> \u00fcldjuhul <\/strong>(vastavalt vajadusele ja ilmale)<br \/><strong>j\u00e4rgmise p\u00e4evakava j\u00e4rgi:<\/strong><\/p>\r\n<p>kell 10.30 &#8211; 11.15 &#8211; tegevustund (l\u00f5unas\u00f6\u00f6k, tegevus \u00f5ues)<\/p>\r\n<p>kell 13.15 &#8211; 13.20 &#8211; kogunemine pikap\u00e4evar\u00fchma klassiruumi<\/p>\r\n<p>kell 13.20 \u2013 13.35 &#8211; soe s\u00f6\u00f6k (soovijatele) kooli s\u00f6\u00f6klas<\/p>\r\n<p>kell 13.35 \u2013 14.15 &#8211; tunnit\u00f6\u00f6 l\u00f5petamine ja kordamine<\/p>\r\n<p>kell 14.15 \u2013 14.45 &#8211; huvitegevus, m\u00e4ngud, vaba tegevus toas ja\/v\u00f5i \u00f5ues<\/p>\r\n<p><strong>Pikap\u00e4evar\u00fchm tegutseb <u>KOLMAP\u00c4EVAL<\/u> \u00fcldjuhul <\/strong>(vastavalt vajadusele ja ilmale)<br \/><strong>j\u00e4rgmise p\u00e4evakava j\u00e4rgi:<br \/><\/strong><\/p>\r\n<p>kell 8.30 &#8211; 9.15\u00a0 \u00a0 \u00a0&#8211; varem kooli j\u00f5udnud \u00f5pilastele, ruum 204<\/p>\r\n<p>kell 11.35 &#8211; 12.20 &#8211; tegevustund (s\u00f6\u00f6mine, tegevus \u00f5ues)<\/p>\r\n<p>kell 14.10 &#8211; 14.15 &#8211; kogunemine pikap\u00e4evar\u00fchma klassiruumi<\/p>\r\n<p>kell 14.15 \u2013 14.30 &#8211; soe s\u00f6\u00f6k (soovijatele) kooli s\u00f6\u00f6klas<\/p>\r\n<p>kell 14.30 \u2013 14.50 &#8211; tegevus \u00f5ues v\u00f5i tunnit\u00f6\u00f6 l\u00f5petamine ja kordamine<\/p>\r\n<p><strong>Pikap\u00e4evar\u00fchmad (p\u00e4rast tunde)- 1. klassid\u00a0<br \/><\/strong><strong>II poolaasta 2025\/2026<\/strong><\/p>\r\n<table style=\"border-collapse: collapse; width: 100%;\" border=\"1\">\r\n<tbody>\r\n<tr style=\"height: 143px;\">\r\n<td style=\"width: 25%; height: 143px;\"><strong>N\u00e4dalap\u00e4ev<\/strong><\/td>\r\n<td style=\"width: 25%; text-align: left; height: 143px;\"><strong>E &#8211; ruum 205<\/strong><br \/><strong>T &#8211; ruum 301<\/strong><br \/><strong>K &#8211; ruum 301<\/strong><br \/><strong>N &#8211; ruum 205<\/strong><br \/><strong>R &#8211; ruum 201<\/strong><br \/><strong>&#8212;&#8212;&#8212;&#8212;&#8212;&#8212;&#8212;&#8211;<\/strong><br \/><strong>1B + 1A\u00a0<\/strong><\/td>\r\n<td style=\"width: 25%; height: 143px;\"><strong>E &#8211; ruum 207<\/strong><br \/><strong>T &#8211; ruum 302<\/strong><br \/><strong>K &#8211; ruum 305<\/strong><br \/><strong>N &#8211; ruum 302<\/strong><br \/><strong>R &#8211; ruum 304<\/strong><br \/><strong>&#8212;&#8212;&#8212;&#8212;&#8212;&#8212;&#8212;&#8212;<\/strong><br \/><strong>1C + 1A<\/strong><\/td>\r\n<td style=\"width: 25%; height: 143px;\"><strong>E &#8211; ruum 209<\/strong><br \/><strong>T &#8211; ruum 101<\/strong><br \/><strong>K &#8211; ruum 209<\/strong><br \/><strong>N &#8211; ruum 306<\/strong><br \/><strong>R &#8211; ruum 209<\/strong><br \/><strong>&#8212;&#8212;&#8212;&#8212;&#8212;&#8212;&#8212;&#8212;<\/strong><br \/><strong>1D + 1A\u00a0<\/strong><\/td>\r\n<\/tr>\r\n<tr style=\"height: 43px;\">\r\n<td style=\"width: 25%; height: 43px;\"><strong>Esmasp\u00e4ev<\/strong><br \/>13.15-14.45<\/td>\r\n<td style=\"width: 25%; height: 43px;\">Katrin J\u00e4rvsoo<\/td>\r\n<td style=\"width: 25%; height: 43px;\">Lea Kivi<\/td>\r\n<td style=\"width: 25%; height: 43px;\">Triin P\u00e4rlin<\/td>\r\n<\/tr>\r\n<tr style=\"height: 43px;\">\r\n<td style=\"width: 25%; height: 43px;\"><strong>Teisip\u00e4ev<\/strong><br \/>13.15-14.45<\/td>\r\n<td style=\"width: 25%; height: 43px;\">Kaia Tuhkur<\/td>\r\n<td style=\"width: 25%; height: 43px;\">Marika Tein<\/td>\r\n<td style=\"width: 25%; height: 43px;\">Samantha Niinem\u00e4gi<\/td>\r\n<\/tr>\r\n<tr style=\"height: 43px;\">\r\n<td style=\"width: 25%; height: 43px;\"><strong>Kolmap\u00e4ev<\/strong><br \/><strong>14.10-14.50<\/strong><\/td>\r\n<td style=\"width: 25%; height: 43px;\">Anne Kaljur<\/td>\r\n<td style=\"width: 25%; height: 43px;\">Triinu S\u00e4\u00e4lik<\/td>\r\n<td style=\"width: 25%; height: 43px;\">Siret P\u00e4rli<\/td>\r\n<\/tr>\r\n<tr style=\"height: 43px;\">\r\n<td style=\"width: 25%; height: 43px;\"><strong>Neljap\u00e4ev<\/strong><br \/>13.15-14.45<\/td>\r\n<td style=\"width: 25%; height: 43px;\">Katrin J\u00e4rvsoo<\/td>\r\n<td style=\"width: 25%; height: 43px;\">Marika Tein<\/td>\r\n<td style=\"width: 25%; height: 43px;\">Getter Martinson<\/td>\r\n<\/tr>\r\n<tr style=\"height: 43px;\">\r\n<td style=\"width: 25%; height: 43px;\"><strong>Reede<\/strong><br \/>13.15-14.45<\/td>\r\n<td style=\"width: 25%; height: 43px;\">Aive K\u00e4\u00e4rik<\/td>\r\n<td style=\"width: 25%; height: 43px;\">Ulvi Allik<\/td>\r\n<td style=\"width: 25%; height: 43px;\">Anne Kaljur<\/td>\r\n<\/tr>\r\n<\/tbody>\r\n<\/table>\r\n\r\n<p>&nbsp;<\/p>\r\n","protected":false},"excerpt":{"rendered":"<p>1. klassi pikap\u00e4evar\u00fchma t\u00f6\u00f6korraldus 2025\/2026. \u00f5ppeaastalPikap\u00e4evar\u00fchm v\u00f5imaldab \u00f5pilasele tuge ja j\u00e4relevalvet \u00f5ppet\u00f6\u00f6st vaba aja sisustamisel, tunnit\u00f6\u00f6 l\u00f5petamisel, pedagoogilist juhendamist ja suunamist huvialategevuses ning huvide arendamisel. Pikap\u00e4evar\u00fchm tegutseb E, T, N, R \u00fcldjuhul (vastavalt vajadusele ja ilmale)j\u00e4rgmise p\u00e4evakava j\u00e4rgi: kell 10.30 &#8211; 11.15 &#8211; tegevustund (l\u00f5unas\u00f6\u00f6k, tegevus \u00f5ues) kell 13.15 &#8211; 13.20 &#8211; kogunemine pikap\u00e4evar\u00fchma klassiruumi [&hellip;]<\/p>\n","protected":false},"author":1,"featured_media":0,"parent":20,"menu_order":4,"comment_status":"closed","ping_status":"closed","template":"","meta":{"footnotes":""},"class_list":["post-28","page","type-page","status-publish","hentry"],"_links":{"self":[{"href":"https:\/\/www.reiniku.edu.ee\/index.php\/wp-json\/wp\/v2\/pages\/28","targetHints":{"allow":["GET"]}}],"collection":[{"href":"https:\/\/www.reiniku.edu.ee\/index.php\/wp-json\/wp\/v2\/pages"}],"about":[{"href":"https:\/\/www.reiniku.edu.ee\/index.php\/wp-json\/wp\/v2\/types\/page"}],"author":[{"embeddable":true,"href":"https:\/\/www.reiniku.edu.ee\/index.php\/wp-json\/wp\/v2\/users\/1"}],"replies":[{"embeddable":true,"href":"https:\/\/www.reiniku.edu.ee\/index.php\/wp-json\/wp\/v2\/comments?post=28"}],"version-history":[{"count":69,"href":"https:\/\/www.reiniku.edu.ee\/index.php\/wp-json\/wp\/v2\/pages\/28\/revisions"}],"predecessor-version":[{"id":7967,"href":"https:\/\/www.reiniku.edu.ee\/index.php\/wp-json\/wp\/v2\/pages\/28\/revisions\/7967"}],"up":[{"embeddable":true,"href":"https:\/\/www.reiniku.edu.ee\/index.php\/wp-json\/wp\/v2\/pages\/20"}],"wp:attachment":[{"href":"https:\/\/www.reiniku.edu.ee\/index.php\/wp-json\/wp\/v2\/media?parent=28"}],"curies":[{"name":"wp","href":"https:\/\/api.w.org\/{rel}","templated":true}]}}