{"id":2821,"date":"2018-08-30T12:54:01","date_gmt":"2018-08-30T09:54:01","guid":{"rendered":"https:\/\/www.reiniku.edu.ee\/?page_id=2821"},"modified":"2026-01-12T11:29:03","modified_gmt":"2026-01-12T09:29:03","slug":"tekkel","status":"publish","type":"page","link":"https:\/\/www.reiniku.edu.ee\/index.php\/tekkel\/","title":{"rendered":"Tekkel"},"content":{"rendered":"<p>Alates 2018\/19 \u00f5ppeaastast on v\u00f5imalik tellida kooli s\u00fcmboolikaga teklit.<br \/>\nTekli tellimiseks on vaja t\u00e4ita <a href=\"https:\/\/docs.google.com\/forms\/d\/e\/1FAIpQLSe2zUa8H-XIK-SG-N_yrqPBFY4iKtefUW2XnZ13DKV_9eiqyg\/viewform?usp=sf_link\" target=\"_blank\" rel=\"noopener noreferrer\"><strong>tellimisvorm<\/strong><\/a> ja tasuda 26\u20ac .<\/p>\n<p><strong>NB! Alates 2024\/25 \u00f5ppeaastast esimestele klassidele tekli maksumus 25 \u20ac.<\/strong><\/p>\n<p><strong>Makseinfo: <\/strong><\/p>\n<p>Summa: 26\u20ac<\/p>\n<p>Saaja: Tartu Linnavalitsus<\/p>\n<p>a\/a nr: EE251010102034619009<\/p>\n<p>Viitenumber: 16409219000004<\/p>\n<p>Selgitus: tekkel, \u00f5pilase nimi ja klass<\/p>\n<p><strong>NB! Vajalikud on nii selgitus kui viitenumber! Tellimus l\u00e4heb t\u00e4itmisele siis, kui summa on laekunud kontole!<\/strong><\/p>\n<p><img loading=\"lazy\" decoding=\"async\" class=\"alignnone wp-image-2853 size-medium\" src=\"https:\/\/www.reiniku.edu.ee\/wp-content\/uploads\/2018\/08\/Foto0104-225x300.jpg\" alt=\"\" width=\"225\" height=\"300\" srcset=\"https:\/\/www.reiniku.edu.ee\/wp-content\/uploads\/2018\/08\/Foto0104-225x300.jpg 225w, https:\/\/www.reiniku.edu.ee\/wp-content\/uploads\/2018\/08\/Foto0104-768x1024.jpg 768w, https:\/\/www.reiniku.edu.ee\/wp-content\/uploads\/2018\/08\/Foto0104-624x832.jpg 624w, https:\/\/www.reiniku.edu.ee\/wp-content\/uploads\/2018\/08\/Foto0104.jpg 1536w\" sizes=\"auto, (max-width: 225px) 100vw, 225px\" \/><\/p>\n","protected":false},"excerpt":{"rendered":"<p>Alates 2018\/19 \u00f5ppeaastast on v\u00f5imalik tellida kooli s\u00fcmboolikaga teklit. Tekli tellimiseks on vaja t\u00e4ita tellimisvorm ja tasuda 26\u20ac . NB! Alates 2024\/25 \u00f5ppeaastast esimestele klassidele tekli maksumus 25 \u20ac. Makseinfo: Summa: 26\u20ac Saaja: Tartu Linnavalitsus a\/a nr: EE251010102034619009 Viitenumber: 16409219000004 Selgitus: tekkel, \u00f5pilase nimi ja klass NB! Vajalikud on nii selgitus kui viitenumber! Tellimus l\u00e4heb [&hellip;]<\/p>\n","protected":false},"author":2,"featured_media":0,"parent":0,"menu_order":0,"comment_status":"closed","ping_status":"closed","template":"","meta":{"footnotes":""},"class_list":["post-2821","page","type-page","status-publish","hentry"],"_links":{"self":[{"href":"https:\/\/www.reiniku.edu.ee\/index.php\/wp-json\/wp\/v2\/pages\/2821","targetHints":{"allow":["GET"]}}],"collection":[{"href":"https:\/\/www.reiniku.edu.ee\/index.php\/wp-json\/wp\/v2\/pages"}],"about":[{"href":"https:\/\/www.reiniku.edu.ee\/index.php\/wp-json\/wp\/v2\/types\/page"}],"author":[{"embeddable":true,"href":"https:\/\/www.reiniku.edu.ee\/index.php\/wp-json\/wp\/v2\/users\/2"}],"replies":[{"embeddable":true,"href":"https:\/\/www.reiniku.edu.ee\/index.php\/wp-json\/wp\/v2\/comments?post=2821"}],"version-history":[{"count":34,"href":"https:\/\/www.reiniku.edu.ee\/index.php\/wp-json\/wp\/v2\/pages\/2821\/revisions"}],"predecessor-version":[{"id":6843,"href":"https:\/\/www.reiniku.edu.ee\/index.php\/wp-json\/wp\/v2\/pages\/2821\/revisions\/6843"}],"wp:attachment":[{"href":"https:\/\/www.reiniku.edu.ee\/index.php\/wp-json\/wp\/v2\/media?parent=2821"}],"curies":[{"name":"wp","href":"https:\/\/api.w.org\/{rel}","templated":true}]}}