{"id":285,"date":"2016-01-05T13:59:10","date_gmt":"2016-01-05T11:59:10","guid":{"rendered":"http:\/\/uus.reiniku.edu.ee\/?page_id=285"},"modified":"2026-03-06T08:11:58","modified_gmt":"2026-03-06T06:11:58","slug":"konsultatsioonid","status":"publish","type":"page","link":"https:\/\/www.reiniku.edu.ee\/index.php\/konsultatsioonid\/","title":{"rendered":"Konsultatsioonid"},"content":{"rendered":"<p><strong>\u00d5PIABI (KONSULTATSIOONID JA J\u00c4RELEVASTAMISED) 2025\/2026<br \/>\nII poolaasta<\/strong><\/p>\n<p>NB! Vajalik on eelnev kokkulepe \u00f5pilase ja \u00f5petaja vahel, et oleks teada, kas \u00f5pilane soovib saada konsultatsiooni v\u00f5i teha j\u00e4relt\u00f6\u00f6d ning selle p\u00f5hjal planeerida t\u00e4psem kellaaeg. \u00d5petajate kontaktid leiate <a href=\"https:\/\/www.reiniku.edu.ee\/index.php\/opetajad\/\">siit<\/a>.<\/p>\n<table dir=\"ltr\" border=\"1\" cellspacing=\"0\" cellpadding=\"0\" data-sheets-root=\"1\" data-sheets-baot=\"1\">\n<colgroup>\n<col width=\"178\" \/>\n<col width=\"209\" \/>\n<col width=\"408\" \/>\n<col width=\"190\" \/><\/colgroup>\n<tbody>\n<tr>\n<td>\u00f5petaja<\/td>\n<td><\/td>\n<td>aeg<\/td>\n<td>koht<\/td>\n<\/tr>\n<tr>\n<td>AASM\u00c4E<\/td>\n<td>Hille<\/td>\n<td>Kolmap\u00e4eviti p\u00e4rast 8. tundi v\u00f5i \u00f5petajaga kokkuleppel<\/td>\n<td>kab 63<\/td>\n<\/tr>\n<tr>\n<td>ARUM\u00c4E<\/td>\n<td>Kaisa<\/td>\n<td>Kolmap\u00e4eviti kell 15.10-15.55<\/td>\n<td>kab 21<\/td>\n<\/tr>\n<tr>\n<td>ALLIK<\/td>\n<td>Ulvi<\/td>\n<td>Esmasp\u00e4eviti kell 15.10-15.55 v\u00f5i \u00f5petajaga kokkuleppel<\/td>\n<td>Riia 25 kab 304<\/td>\n<\/tr>\n<tr>\n<td>ANTONS<\/td>\n<td>Karolina<\/td>\n<td>Teisip\u00e4ev kell 15.10-16.00<\/td>\n<td>kab 22<\/td>\n<\/tr>\n<tr>\n<td>G\u00dcSSON<\/td>\n<td>Kairi<\/td>\n<td>\u00d5petajaga kokkuleppel kolmap\u00e4ev kell 8.30-9.15<\/td>\n<td>kab 73<\/td>\n<\/tr>\n<tr>\n<td>HEIN<\/td>\n<td>Urmas<\/td>\n<td>\u00d5petajaga kokkuleppel<\/td>\n<td>Vanemuise tn v\u00f5imla<\/td>\n<\/tr>\n<tr>\n<td>HEINSALU<\/td>\n<td>Tiiu<\/td>\n<td>Neljap\u00e4eviti p\u00e4rast 7. tundi, eelnev kokkulepe vajalik<\/td>\n<td>kab 33<\/td>\n<\/tr>\n<tr>\n<td>HELLAT<\/td>\n<td>Liina<\/td>\n<td>\u00d5petajaga kokkuleppel<\/td>\n<td>kab 12<\/td>\n<\/tr>\n<tr>\n<td>HUNT<\/td>\n<td>Merle<\/td>\n<td>Teisip\u00e4eviti kell 15.05-16.00<\/td>\n<td>kab 32<\/td>\n<\/tr>\n<tr>\n<td>J\u00c4RVSOO<\/td>\n<td>Katrin<\/td>\n<td>\u00d5petajaga kokkuleppel<\/td>\n<td>Riia 25 kab 205<\/td>\n<\/tr>\n<tr>\n<td>J\u00c4\u00c4GER<\/td>\n<td>Merike<\/td>\n<td>\u00d5petajaga kokkuleppel<\/td>\n<td>Riia 25 kab 107<\/td>\n<\/tr>\n<tr>\n<td>KALBERG<\/td>\n<td>Tiia<\/td>\n<td>Teisip\u00e4eviti p\u00e4rast 7. tundi<\/td>\n<td>kab 11<\/td>\n<\/tr>\n<tr>\n<td>KIKAS<\/td>\n<td>Anu<\/td>\n<td>Esmasp\u00e4eviti kell 14.20-16.00<\/td>\n<td>kab 34<\/td>\n<\/tr>\n<tr>\n<td>KIUDORF<\/td>\n<td>Gea<\/td>\n<td>Teisip\u00e4eviti kell 15.05-15.55<\/td>\n<td>kab 43<\/td>\n<\/tr>\n<tr>\n<td>KLIMU\u0160EV<\/td>\n<td>Georg<\/td>\n<td>Kolmap\u00e4eviti kell 15.10-15.55<\/td>\n<td>kab 21<\/td>\n<\/tr>\n<tr>\n<td>KRIIPSALU<\/td>\n<td>Kadri<\/td>\n<td>Neljap\u00e4eviti kell 15.05-16.00<\/td>\n<td>kab 72<\/td>\n<\/tr>\n<tr>\n<td>K\u00c4\u00c4RIK<\/td>\n<td>Aive<\/td>\n<td>Kolmap\u00e4eviti 7. tund ja \u00f5petajaga kokkuleppel<\/td>\n<td>Riia 25 kab 201<\/td>\n<\/tr>\n<tr>\n<td>K\u00c4\u00c4RIK<\/td>\n<td>Terje<\/td>\n<td>\u00d5petajaga kokkuleppel<\/td>\n<td><\/td>\n<\/tr>\n<tr>\n<td>K\u00d6\u00d6BI<\/td>\n<td>Margit<\/td>\n<td>\u00d5petajaga kokkuleppel<\/td>\n<td>Riia 25 v\u00f5imla<\/td>\n<\/tr>\n<tr>\n<td>LEEMET<\/td>\n<td>Mari<\/td>\n<td>\u00d5petajaga kokkuleppel<\/td>\n<td>Riia 25 kab 303<\/td>\n<\/tr>\n<tr>\n<td>LOITE<\/td>\n<td>Tiiu<\/td>\n<td>Kolmap\u00e4eviti 8. tund, \u00f5petajaga kokkuleppel<\/td>\n<td>Riia 25 kab 401<\/td>\n<\/tr>\n<tr>\n<td>LOKK<\/td>\n<td>Silja<\/td>\n<td>\u00d5petajaga kokkuleppel<\/td>\n<td><\/td>\n<\/tr>\n<tr>\n<td>LOOT<\/td>\n<td>Kersti<\/td>\n<td>Teisip\u00e4eviti kell 14.10, \u00f5petajaga kokkuleppel<\/td>\n<td>kab 71<\/td>\n<\/tr>\n<tr>\n<td>L\u00c4\u00c4NEMETS<\/td>\n<td>Meili<\/td>\n<td>Teisip\u00e4eviti kell 15.05, \u00f5petajaga kokkuleppel<\/td>\n<td>kab 36<\/td>\n<\/tr>\n<tr>\n<td>MOROZOVA<\/td>\n<td>Sirle<\/td>\n<td>Esmasp\u00e4eviti 8. tund ja \u00f5petajaga kokkuleppel<\/td>\n<td>Kab 42<\/td>\n<\/tr>\n<tr>\n<td>NUKKA<\/td>\n<td>Merit<\/td>\n<td>Teisip\u00e4eviti kell 14.20<\/td>\n<td><\/td>\n<\/tr>\n<tr>\n<td>OJA<\/td>\n<td>Maire<\/td>\n<td>Reedeti kl 14.00 &#8211; 16.00<\/td>\n<td>kab 24<\/td>\n<\/tr>\n<tr>\n<td>OJA<\/td>\n<td>Mart<\/td>\n<td>Reedeti kl 14.00 &#8211; 16.00<\/td>\n<td>kab 35<\/td>\n<\/tr>\n<tr>\n<td>PALLO<\/td>\n<td>Sirje<\/td>\n<td>\u00d5petajaga kokkuleppel<\/td>\n<td>Vanemuise 48 v\u00f5imlas<\/td>\n<\/tr>\n<tr>\n<td>PARV<\/td>\n<td>Merle<\/td>\n<td>\u00d5petajaga kokkuleppel<\/td>\n<td><\/td>\n<\/tr>\n<tr>\n<td>PETERSON<\/td>\n<td>Pilletriin<\/td>\n<td>\u00d5petajaga kokkuleppel<\/td>\n<td><\/td>\n<\/tr>\n<tr>\n<td>PREI<\/td>\n<td>Lagle<\/td>\n<td>\u00d5petajaga kokkuleppel<\/td>\n<td>kab 51<\/td>\n<\/tr>\n<tr>\n<td>P\u00c4RLI<\/td>\n<td>Siret<\/td>\n<td>\u00d5petajaga kokkuleppel<\/td>\n<td><\/td>\n<\/tr>\n<tr>\n<td>P\u00c4RLIN<\/td>\n<td>Pille<\/td>\n<td>\u00d5petajaga kokkuleppel<\/td>\n<td><\/td>\n<\/tr>\n<tr>\n<td>P\u00c4RTELPOEG<\/td>\n<td>Imbi<\/td>\n<td>Neljap\u00e4eviti 7. tund<\/td>\n<td>kab 52<\/td>\n<\/tr>\n<tr>\n<td>RAE<\/td>\n<td>Rahel<\/td>\n<td>Kolmap\u00e4eviti peale 6.-7. tundi<\/td>\n<td>kab 31<\/td>\n<\/tr>\n<tr>\n<td>REINHOLD<\/td>\n<td>Riina<\/td>\n<td>Neljap\u00e4eviti 8.tund; Reedeti kell 8<\/td>\n<td>kab 13<\/td>\n<\/tr>\n<tr>\n<td>RUSSAK<\/td>\n<td>Silja<\/td>\n<td>Kolmap\u00e4eviti kell 15.05-16<\/td>\n<td>kab 61<\/td>\n<\/tr>\n<tr>\n<td>RUUL<\/td>\n<td>Kaire<\/td>\n<td>Kolmap\u00e4eviti 8. tund (15.05-16.00)<\/td>\n<td>kab 25<\/td>\n<\/tr>\n<tr>\n<td>R\u00dc\u00dcSON<\/td>\n<td>Ave<\/td>\n<td>Teisip\u00e4eviti p\u00e4rast 7.tundi<\/td>\n<td>kab 23<\/td>\n<\/tr>\n<tr>\n<td>SAARISTE<\/td>\n<td>Triin<\/td>\n<td>Kolmap\u00e4eviti 8. tund ja \u00f5petajaga kokkuleppel<\/td>\n<td>kab 53<\/td>\n<\/tr>\n<tr>\n<td>SALMISTU-VAAS<\/td>\n<td>Esta<\/td>\n<td>Neljap\u00e4eviti 7. tund ja \u00f5petajaga kokkuleppel<\/td>\n<td>kab 62<\/td>\n<\/tr>\n<tr>\n<td>SARAPUU<\/td>\n<td>Aivar<\/td>\n<td>\u00d5petajaga kokkuleppel,<\/td>\n<td>kab 3<\/td>\n<\/tr>\n<tr>\n<td>SARAPUU<\/td>\n<td>Kristi<\/td>\n<td>Teisip\u00e4eviti alates kl.15.15, teised ajad kokkuleppel<\/td>\n<td>kab 73<\/td>\n<\/tr>\n<tr>\n<td>SAUE<\/td>\n<td>Helle<\/td>\n<td>Teisip\u00e4eviti p\u00e4rast 7. tundi ja \u00f5petajaga kokkuleppel<\/td>\n<td>kab 64<\/td>\n<\/tr>\n<tr>\n<td>SAVOLAINEN<\/td>\n<td>Rauno<\/td>\n<td>Esmasp\u00e4eviti p\u00e4rast 7. tundi ja \u00f5petajaga kokkuleppel<\/td>\n<td>kab 32<\/td>\n<\/tr>\n<tr>\n<td>SCHASMIN<\/td>\n<td>Hiiele<\/td>\n<td>Reedeti p\u00e4rast 7.tundi ja \u00f5petajaga kokkuleppel<\/td>\n<td>kab 53<\/td>\n<\/tr>\n<tr>\n<td>SEPPA<\/td>\n<td>Annika<\/td>\n<td>\u00d5petajaga kokkuleppel<\/td>\n<td><\/td>\n<\/tr>\n<tr>\n<td>SIIDRA (lapsehoolduspuhkusel)<\/td>\n<td>Geidi<\/td>\n<td>Teisip\u00e4eviti kell 15.05-15.55 ja \u00f5petajaga kokkuleppel<\/td>\n<td>kab 32<\/td>\n<\/tr>\n<tr>\n<td>SOER<\/td>\n<td>Kaire<\/td>\n<td>Kolmap\u00e4eviti p\u00e4rast 7. tundi<\/td>\n<td>kab 41<\/td>\n<\/tr>\n<tr>\n<td>SONGI<\/td>\n<td>Merili<\/td>\n<td>Esmasp\u00e4eviti kell 15.05-15.55 ja \u00f5petajaga kokkuleppel<\/td>\n<td>kab 32<\/td>\n<\/tr>\n<tr>\n<td>SOO<\/td>\n<td>Maire<\/td>\n<td>\u00d5petajaga kokkuleppel<\/td>\n<td>kab 12<\/td>\n<\/tr>\n<tr>\n<td>SULA<\/td>\n<td>Kaspar<\/td>\n<td>\u00d5petajaga kokkuleppel<\/td>\n<td><\/td>\n<\/tr>\n<tr>\n<td>VAHTRIK<\/td>\n<td>Heigo<\/td>\n<td>\u00d5petajaga kokkuleppel<\/td>\n<td><\/td>\n<\/tr>\n<tr>\n<td>VAIGLA<\/td>\n<td>Kaisa<\/td>\n<td>Kolmap\u00e4eviti 15.05-16.00 ja \u00f5petajaga kokkuleppel<\/td>\n<td>kab 54<\/td>\n<\/tr>\n<tr>\n<td>VIILEBERG<\/td>\n<td>Sirje<\/td>\n<td>Teisip\u00e4ev, kolmap\u00e4ev, neljap\u00e4ev 8.00 &#8211; 8.30 ja kokkuleppel<\/td>\n<td>kab 76<\/td>\n<\/tr>\n<tr>\n<td>\u00d6\u00d6PIK<\/td>\n<td>Enn<\/td>\n<td>Neljap\u00e4ev 15.05-16.00<\/td>\n<td>direktori kabinet<\/td>\n<\/tr>\n<\/tbody>\n<\/table>\n","protected":false},"excerpt":{"rendered":"<p>\u00d5PIABI (KONSULTATSIOONID JA J\u00c4RELEVASTAMISED) 2025\/2026 II poolaasta NB! Vajalik on eelnev kokkulepe \u00f5pilase ja \u00f5petaja vahel, et oleks teada, kas \u00f5pilane soovib saada konsultatsiooni v\u00f5i teha j\u00e4relt\u00f6\u00f6d ning selle p\u00f5hjal planeerida t\u00e4psem kellaaeg. \u00d5petajate kontaktid leiate siit. \u00f5petaja aeg koht AASM\u00c4E Hille Kolmap\u00e4eviti p\u00e4rast 8. tundi v\u00f5i \u00f5petajaga kokkuleppel kab 63 ARUM\u00c4E Kaisa Kolmap\u00e4eviti kell [&hellip;]<\/p>\n","protected":false},"author":2,"featured_media":0,"parent":0,"menu_order":0,"comment_status":"closed","ping_status":"closed","template":"","meta":{"footnotes":""},"class_list":["post-285","page","type-page","status-publish","hentry"],"_links":{"self":[{"href":"https:\/\/www.reiniku.edu.ee\/index.php\/wp-json\/wp\/v2\/pages\/285","targetHints":{"allow":["GET"]}}],"collection":[{"href":"https:\/\/www.reiniku.edu.ee\/index.php\/wp-json\/wp\/v2\/pages"}],"about":[{"href":"https:\/\/www.reiniku.edu.ee\/index.php\/wp-json\/wp\/v2\/types\/page"}],"author":[{"embeddable":true,"href":"https:\/\/www.reiniku.edu.ee\/index.php\/wp-json\/wp\/v2\/users\/2"}],"replies":[{"embeddable":true,"href":"https:\/\/www.reiniku.edu.ee\/index.php\/wp-json\/wp\/v2\/comments?post=285"}],"version-history":[{"count":76,"href":"https:\/\/www.reiniku.edu.ee\/index.php\/wp-json\/wp\/v2\/pages\/285\/revisions"}],"predecessor-version":[{"id":7970,"href":"https:\/\/www.reiniku.edu.ee\/index.php\/wp-json\/wp\/v2\/pages\/285\/revisions\/7970"}],"wp:attachment":[{"href":"https:\/\/www.reiniku.edu.ee\/index.php\/wp-json\/wp\/v2\/media?parent=285"}],"curies":[{"name":"wp","href":"https:\/\/api.w.org\/{rel}","templated":true}]}}