{"id":2916,"date":"2018-09-18T14:27:30","date_gmt":"2018-09-18T11:27:30","guid":{"rendered":"https:\/\/www.reiniku.edu.ee\/?page_id=2916"},"modified":"2023-09-08T11:24:51","modified_gmt":"2023-09-08T08:24:51","slug":"kapi-rent","status":"publish","type":"page","link":"https:\/\/www.reiniku.edu.ee\/index.php\/kapi-rent\/","title":{"rendered":"Kapi rent"},"content":{"rendered":"<p>\u00d5pilastel on v\u00f5imalik kasutada Vanemuise 48 \u00f5ppehoones koolikappe. Kapid kuuluvad koolile ja kasutamine on tasuta. V\u00f5tme saab kantseleist.<br \/>\nV\u00f5tme tagatisraha on 15 \u20ac. Kevadel, tagastades v\u00f5tme, saab \u00f5pilane raha tagasi.<\/p>\n<p>Kappe on piiratud arv. Kasutusse j\u00e4\u00e4vad ka rendikapid.<\/p>\n<p>&nbsp;<\/p>\n<p>Alates 13.september 2018 on Tartu Mart Reiniku Kool liitunud koolikapi s\u00fcsteemiga ja on v\u00f5imalik koolikappe tellida.<\/p>\n<div id=\"xdb2deb74f0bc404\">&#8220;Koolikapp O\u00dc pakub v\u00f5imalust muuta ranits kergemaks! Alates 2007.a. kevadest rendime erinevates koolides \u00f5pilastele hoiukappe.<br \/>\nKoolikapi s\u00fcsteemiga on liitunud enam kui 30 kooli \u00fcle kogu Eesti. Meie eesm\u00e4rgiks on muuta \u00f5pilaste elu mugavamaks, pakkudes parimaid kappe soodsaimate rendimaksetega.<\/div>\n<div><\/div>\n<div>\n<p>Registreerumisvorm asub aadressil: <span style=\"color: #003366;\"><a style=\"color: #003366;\" href=\"http:\/\/www.koolikapp.ee\">www.koolikapp.ee<\/a><\/span><\/p>\n<p>Koolikapi tellimiseks toimi nii:<br \/>\n1. Vali men\u00fc\u00fc TELLI koolikapp.<br \/>\n2. Vali nimekirjast enda kool, t\u00e4ida andmed, tee linnuke kahte lahtrisse ning vajuta Tellin koolikapi.<br \/>\n3. Seej\u00e4rel saadame Sinu ja lapsevanema e-mailile arve. Kui arve tasutud, saate v\u00f5tme k\u00e4tte 5 p\u00e4eva jooksul kooli kantseleist.<\/p>\n<p>Kappide suurus ja lisainfo koolikapp.ee kodulehel.<\/p>\n<\/div>\n<p>Lisainfo:<br \/>\nKoolikapp O\u00dc<br \/>\n+372 677 6797<br \/>\n<span style=\"color: #003366;\"><a style=\"color: #003366;\" href=\"mailto:info@koolikapp.ee\">info@koolikapp.ee<\/a><\/span><\/p>\n<p>&nbsp;<\/p>\n<p>&nbsp;<\/p>\n","protected":false},"excerpt":{"rendered":"<p>\u00d5pilastel on v\u00f5imalik kasutada Vanemuise 48 \u00f5ppehoones koolikappe. Kapid kuuluvad koolile ja kasutamine on tasuta. V\u00f5tme saab kantseleist. V\u00f5tme tagatisraha on 15 \u20ac. Kevadel, tagastades v\u00f5tme, saab \u00f5pilane raha tagasi. Kappe on piiratud arv. Kasutusse j\u00e4\u00e4vad ka rendikapid. &nbsp; Alates 13.september 2018 on Tartu Mart Reiniku Kool liitunud koolikapi s\u00fcsteemiga ja on v\u00f5imalik koolikappe tellida. [&hellip;]<\/p>\n","protected":false},"author":2,"featured_media":0,"parent":0,"menu_order":0,"comment_status":"closed","ping_status":"closed","template":"","meta":{"footnotes":""},"class_list":["post-2916","page","type-page","status-publish","hentry"],"_links":{"self":[{"href":"https:\/\/www.reiniku.edu.ee\/index.php\/wp-json\/wp\/v2\/pages\/2916","targetHints":{"allow":["GET"]}}],"collection":[{"href":"https:\/\/www.reiniku.edu.ee\/index.php\/wp-json\/wp\/v2\/pages"}],"about":[{"href":"https:\/\/www.reiniku.edu.ee\/index.php\/wp-json\/wp\/v2\/types\/page"}],"author":[{"embeddable":true,"href":"https:\/\/www.reiniku.edu.ee\/index.php\/wp-json\/wp\/v2\/users\/2"}],"replies":[{"embeddable":true,"href":"https:\/\/www.reiniku.edu.ee\/index.php\/wp-json\/wp\/v2\/comments?post=2916"}],"version-history":[{"count":18,"href":"https:\/\/www.reiniku.edu.ee\/index.php\/wp-json\/wp\/v2\/pages\/2916\/revisions"}],"predecessor-version":[{"id":6312,"href":"https:\/\/www.reiniku.edu.ee\/index.php\/wp-json\/wp\/v2\/pages\/2916\/revisions\/6312"}],"wp:attachment":[{"href":"https:\/\/www.reiniku.edu.ee\/index.php\/wp-json\/wp\/v2\/media?parent=2916"}],"curies":[{"name":"wp","href":"https:\/\/api.w.org\/{rel}","templated":true}]}}