{"id":30,"date":"2015-11-13T11:13:40","date_gmt":"2015-11-13T09:13:40","guid":{"rendered":"http:\/\/uus.reiniku.edu.ee\/?page_id=30"},"modified":"2026-03-17T10:10:18","modified_gmt":"2026-03-17T08:10:18","slug":"vastuvott","status":"publish","type":"page","link":"https:\/\/www.reiniku.edu.ee\/index.php\/oppetoo\/vastuvott\/","title":{"rendered":"Vastuv\u00f5tt"},"content":{"rendered":"<h2>Vastuv\u00f5tt Tartu Mart Reiniku Kooli<\/h2>\n<p>Tartu linnas elavale lapsele m\u00e4\u00e4ratakse \u00f5ppima asumiseks linna poolt elukohaj\u00e4rgne p\u00f5hikool.<\/p>\n<p>Kooli vastuv\u00f5tu ja koolist lahkumise taotlusi esitatakse e-keskkonnas ARNO:\u00a0<strong><a href=\"https:\/\/arno.tartu.ee\" target=\"_blank\" rel=\"noopener noreferrer\">www.tartu.ee\/arno<\/a><\/strong><\/p>\n<p>Kooli vastuv\u00f5tuga seotud info leiate Tartu linna veebilehel:<br \/>\n<strong><a href=\"http:\/\/www.tartu.ee\/et\/uldhariduskoolid#oppima-asumine\" target=\"_blank\" rel=\"noopener noreferrer\">http:\/\/www.tartu.ee\/?page_id=24736<\/a><\/strong><\/p>\n<p><strong>VASTUV\u00d5TT 1. klassi\u2013 tavaklassid, MUUSIKAKLASS<\/strong><\/p>\n<p><strong>2026\/2027. \u00f5a 1. klasside klassi\u00f5petajad:<\/strong><br \/>\n<strong>1A (muusikaklass)- MERLE PARV;<\/strong><br \/>\n<strong>1B (tavaklass)- AIVE K\u00c4\u00c4RIK;<\/strong><br \/>\n<strong>1C klass (tavaklass)- LEA KIVI.<\/strong><\/p>\n<p><strong>Uute 2026\/2027 \u00f5a 1. klasside tutvumis\u00fcritus\u00a0toimub\u00a011. juunil\u00a0<\/strong>(neljap\u00e4ev) <strong>kell 18.00 algklasside \u00f5ppehoones\u00a0<\/strong>(Riia 25)<strong>.<\/strong><\/p>\n<p>15. m\u00e4rtsiks avaldatakse vanematele ARNO kaudu lapsele m\u00e4\u00e4ratud elukohaj\u00e4rgse kooli andmed. P\u00e4rast elukohaj\u00e4rgse kooli teada saamist on vanemal v\u00f5imalik teha e-keskkonnas ARNO koolile vastuv\u00f5tutaotlus. Taotlus tuleb esitada \u00fcldjuhul 30. aprilliks.<\/p>\n<p>NB! Muude dokumentide (lapse koolivalmiduskaart ja tervisekaart) esitamine Arno keskkonna kaudu v\u00f5i kohale tuues kooli kantseleisse (Vanemuise 48) v\u00f5ib toimuda hiljem: koolivalmiduskaart hiljemalt juunikuu l\u00f5puks;\u00a0tervisekaart juunikuu l\u00f5puks v\u00f5i hiljemalt septembrikuu alguses.<\/p>\n<p>NB! \u00d5pilaspileti digifoto tehakse koolis septembri esimeste p\u00e4evade jooksul.<\/p>\n<p>Alates 1. maist on koolil vabade kohtade olemasolul \u00f5igus v\u00f5tta vastu taotlusi olenemata ARNO n\u00e4idatud piirkonnast.<\/p>\n<p>Need lapsevanemad, kellel puudub mingitel p\u00f5hjustel ligip\u00e4\u00e4s ARNOsse, saavad taotlusi esitada ka kooli kantseleis Vanemuise tn 48 t\u00f6\u00f6p\u00e4eviti 9.00-15.00.<\/p>\n<p>Vanem lisab taotlusele:<\/p>\n<ol>\n<li>lapse isikut t\u00f5endava dokumendi (selle puudumisel s\u00fcnnitunnistuse v\u00f5i -t\u00f5endi) ametlikult kinnitatud \u00e4rakirja v\u00f5i v\u00e4ljav\u00f5tte;<\/li>\n<li>enda isikut t\u00f5endava dokumendi ametlikult kinnitatud \u00e4rakirja v\u00f5i v\u00e4ljav\u00f5tte, v.a juhul kui taotlus on kinnitatud digitaalallkirjaga;<\/li>\n<li>koolieelse lasteasutuse \u00f5ppekava t\u00e4itnud sisseastuja puhul koolivalmiduskaardi hiljemalt 20. juuniks;<\/li>\n<li>tervisekaardi;<\/li>\n<li>n\u00f5ustamismeeskonna otsuse (vajadusel).<br \/>\nKoolis on kasutusel Tartu linna \u00fchtne \u00f5pilaspilet, mille jaoks tehakse pilt septembri alguses koolis.<\/li>\n<\/ol>\n<p><strong>Mart Reiniku koolis<\/strong> moodustatakse tavaklassidele lisaks \u00fcks <strong>MUUSIKAKLASS<\/strong>, mille eesm\u00e4rgiks on:<\/p>\n<ul>\n<li>aktiivse musitseerimise kaudu \u00f5pilaste muusikaliste v\u00f5imete arendamine;<\/li>\n<li>praktiline musitseerimine \u2013 koorid, instrumendi\u00f5pe, puhkpilliorkester, soolo- ja ansamblilaul;<\/li>\n<li>muusikalise kirjaoskuse andmine;<\/li>\n<li>osalemine kontsertidel, laulup\u00e4evadel, -pidudel;<\/li>\n<li>muusikalise enesev\u00e4ljendusoskuse ja loominguliste v\u00f5imete arendamine.<\/li>\n<\/ul>\n<p>NB!\u00a0Ka muusikaklassi \u00f5pilastel on v\u00f5imalus 4. klassi l\u00f5pus soovi korral kandideerida reaalklassi.<\/p>\n<p>Mart Reiniku Koolis toimetavad erinevad koorid ja orkester ning v\u00f5imalik on \u00f5ppida pillim\u00e4ngu (erinevad pillid). \u00dclevaade meie tegemistest:<br \/>\n<a href=\"https:\/\/www.youtube.com\/watch?v=WFIXp5fQq4E\">https:\/\/www.youtube.com\/watch?v=WFIXp5fQq4E<\/a><\/p>\n<p>Muusikaklass moodustatakse koolis toimuva vestluse ja musitseerimise alusel.<\/p>\n<p><strong>Vestlused 2026\/2027. \u00f5a 1. kl muusikaklassi soovijatele toimuvad<br \/>\n7. aprillil kell 14.30-18.00\u00a0<\/strong>ja<strong>\u00a09. aprillil kell 14.30-18.00\u00a0<\/strong>Vanemuine 48 \u00f5ppehoones.<\/p>\n<p><strong>1A klassi klassi\u00f5petaja Merle Parve tervitus:<\/strong>\u00a0<a href=\"https:\/\/youtube.com\/shorts\/j5Y1UXKO01w?si=bfYnBwQMu8qo8W_B\" target=\"_blank\" rel=\"noopener\">https:\/\/youtube.com\/shorts\/j5Y1UXKO01w?si=bfYnBwQMu8qo8W_B<\/a><\/p>\n<p><strong>Muusikaklassi soovijail palume broneerida eelnevalt vestluse aeg<\/strong> (igale lapsele planeeritud 15 minutit) <strong>telefonil 736 1960 v\u00f5i sekret\u00e4ri juures<\/strong> (Vanemuine 48). Seda v\u00f5ib teha enne taotluse esitamist.<\/p>\n<p>L\u00fchivestlused toimuvad kahes osas:<\/p>\n<ul>\n<li>Klassi\u00f5petaja vestleb lapsega (soovi korral vanema juuresolekul).<\/li>\n<li>Muusika\u00f5petaja vestleb ja musitseerib koos lapsega: laps laulab ette omal valikul eelnevalt \u00f5pitud laulu, koputab j\u00e4rele r\u00fctme, kuulab helik\u00f5rgusi ja laulab j\u00e4rele. Muusika\u00f5petaja vestleb vanema(te)ga.<\/li>\n<\/ul>\n<p>Muusikaklassi klassijuhatajaks saab \u00f5petaja Merle Parv.<br \/>\nMuusika\u00f5petajad on Imbi P\u00e4rtelpoeg ja Triin Saariste.<\/p>\n<p>Tulemuste teavitamine toimub individuaalselt e-posti teel aprillikuu jooksul. Muusikaklassi \u00f5pilaste nimekirja kodulehel ei avaldata.<\/p>\n<p>NB! Muusikaklassi mittesobivuse korral on koolil \u00f5igus erandkorras ja eelnevalt l\u00e4bi r\u00e4\u00e4kides vanemaga viia \u00f5pilane \u00fcle muusikaklassist \u00fcldklassi.<\/p>\n<p>Esmased uute esimeste klasside nimekirjad saavad paika juunikuu esimese n\u00e4dala jooksul.<\/p>\n<p><strong>Uute 2026\/2027 \u00f5a 1. klasside tutvumis\u00fcritus\u00a0toimub\u00a011. juunil\u00a0(neljap\u00e4ev) kell 18.00 algklasside \u00f5ppehoones\u00a0<\/strong>(Riia 25)<strong>.<\/strong><\/p>\n<p><span style=\"color: #000080;\"><strong>\u00dchest p\u00f5hikoolist teise \u00fcleminekul<\/strong><\/span> saab lapsevanem k\u00f5ige t\u00e4psemat infot vabade \u00f5ppekohtade kohta e-keskkonnast ARNO. Taotluse kooli vastuv\u00f5tmiseks esitab vanem uuele p\u00f5hikoolile e-keskkonnas.<\/p>\n<p>Vanem lisab taotlusele:<\/p>\n<ol>\n<li>\u00f5pilase isikut t\u00f5endava dokumendi (selle puudumisel s\u00fcnnitunnistuse v\u00f5i -t\u00f5endi) ametlikult kinnitatud \u00e4rakirja v\u00f5i v\u00e4ljav\u00f5tte.<\/li>\n<li>kui taotluse esitab vanem, siis vanema isikut t\u00f5endava dokumendi ametlikult kinnitatud\u00a0 \u00e4rakirja v\u00f5i v\u00e4ljav\u00f5tte, v.a juhul kui taotlus on kinnitatud digitaalallkirjaga;<\/li>\n<li>ametlikult kinnitatud v\u00e4ljav\u00f5tte \u00f5pilase tervisekaardist;<\/li>\n<li>ametlikult kinnitatud v\u00e4ljav\u00f5tte \u00f5pilasraamatust;<\/li>\n<li>direktori allkirja ja kooli pitseriga kinnitatud klassitunnistuse, kui \u00f5pilane vahetab kooli\u00a0 p\u00e4rast \u00f5ppeperioodi l\u00f5ppu;<\/li>\n<li>kooli direktori allkirja ja kooli pitseriga kinnitatud klassitunnistuse ning hinnetelehe jooksva \u00f5ppeveerandi hinnetega, kui \u00f5pilane vahetab kooli\u00a0 \u00f5ppeperioodi kestel;<\/li>\n<li>\u00f5pilase digitaalne foto.<\/li>\n<\/ol>\n<p>Need lapsevanemad, kellel puudub mingitel p\u00f5hjustel ligip\u00e4\u00e4s ARNOsse, saavad taotlusi esitada ka kooli kantseleis Vanemuise tn 48 t\u00f6\u00f6p\u00e4eviti 9.00-15.00.<\/p>\n","protected":false},"excerpt":{"rendered":"<p>Vastuv\u00f5tt Tartu Mart Reiniku Kooli Tartu linnas elavale lapsele m\u00e4\u00e4ratakse \u00f5ppima asumiseks linna poolt elukohaj\u00e4rgne p\u00f5hikool. Kooli vastuv\u00f5tu ja koolist lahkumise taotlusi esitatakse e-keskkonnas ARNO:\u00a0www.tartu.ee\/arno Kooli vastuv\u00f5tuga seotud info leiate Tartu linna veebilehel: http:\/\/www.tartu.ee\/?page_id=24736 VASTUV\u00d5TT 1. klassi\u2013 tavaklassid, MUUSIKAKLASS 2026\/2027. \u00f5a 1. klasside klassi\u00f5petajad: 1A (muusikaklass)- MERLE PARV; 1B (tavaklass)- AIVE K\u00c4\u00c4RIK; 1C klass (tavaklass)- [&hellip;]<\/p>\n","protected":false},"author":1,"featured_media":0,"parent":20,"menu_order":5,"comment_status":"closed","ping_status":"closed","template":"","meta":{"footnotes":""},"class_list":["post-30","page","type-page","status-publish","hentry"],"_links":{"self":[{"href":"https:\/\/www.reiniku.edu.ee\/index.php\/wp-json\/wp\/v2\/pages\/30","targetHints":{"allow":["GET"]}}],"collection":[{"href":"https:\/\/www.reiniku.edu.ee\/index.php\/wp-json\/wp\/v2\/pages"}],"about":[{"href":"https:\/\/www.reiniku.edu.ee\/index.php\/wp-json\/wp\/v2\/types\/page"}],"author":[{"embeddable":true,"href":"https:\/\/www.reiniku.edu.ee\/index.php\/wp-json\/wp\/v2\/users\/1"}],"replies":[{"embeddable":true,"href":"https:\/\/www.reiniku.edu.ee\/index.php\/wp-json\/wp\/v2\/comments?post=30"}],"version-history":[{"count":150,"href":"https:\/\/www.reiniku.edu.ee\/index.php\/wp-json\/wp\/v2\/pages\/30\/revisions"}],"predecessor-version":[{"id":8037,"href":"https:\/\/www.reiniku.edu.ee\/index.php\/wp-json\/wp\/v2\/pages\/30\/revisions\/8037"}],"up":[{"embeddable":true,"href":"https:\/\/www.reiniku.edu.ee\/index.php\/wp-json\/wp\/v2\/pages\/20"}],"wp:attachment":[{"href":"https:\/\/www.reiniku.edu.ee\/index.php\/wp-json\/wp\/v2\/media?parent=30"}],"curies":[{"name":"wp","href":"https:\/\/api.w.org\/{rel}","templated":true}]}}