{"id":3494,"date":"2019-04-30T20:37:45","date_gmt":"2019-04-30T17:37:45","guid":{"rendered":"https:\/\/www.reiniku.edu.ee\/?page_id=3494"},"modified":"2022-09-12T15:07:03","modified_gmt":"2022-09-12T12:07:03","slug":"projektid","status":"publish","type":"page","link":"https:\/\/www.reiniku.edu.ee\/index.php\/projektid\/","title":{"rendered":"Projektid"},"content":{"rendered":"<p><strong>KiVa<br \/>\n<\/strong>Tartu Mart Reiniku koolis rakendatakse alates 2017 aastast KiVa programmi. KiVa rakendamine meie koolis t\u00e4hendab, et meie koolis ei ole kiusamine lubatud ega aktsepteeritud. Tegutseme k\u00f5ik koos selle nimel, et kiusamist \u00e4ra hoida ja tekkivaid juhtumeid t\u00f5husalt lahendada. KiVa tiimi koordinaator on Heli Arney.<br \/>\n<a href=\"https:\/\/www.reiniku.edu.ee\/index.php\/kiva\/\" target=\"_blank\" rel=\"noopener noreferrer\">Loe t\u00e4psemalt SIIT.<\/a><\/p>\n<p><strong>Liikuma Kutsuv Kool<\/strong><br \/>\nLiikuma Kutsuv Kool on programm, milles alates 2016. aastast otsitakse Tartu \u00dclikooli liikumislabori eestvedamisel koost\u00f6\u00f6s koolidega toimivaid lahendusi, kuidas muuta koolip\u00e4evad liikuvamaks ja tuua rohkem liikumisr\u00f5\u00f5mu iga \u00f5pilaseni. Meie kool liitus programmiga 2016. aastal.<br \/>\n<a href=\"https:\/\/www.reiniku.edu.ee\/index.php\/liikuma-kutsuv-kool\/\" target=\"_blank\" rel=\"noopener noreferrer\">Loe t\u00e4psemalt SIIT.<\/a><\/p>\n<p><strong>TEEME +<\/strong><\/p>\n<p><a href=\"https:\/\/www.reiniku.edu.ee\/index.php\/teeme\/\" target=\"_blank\" rel=\"noopener noreferrer\">Loe t\u00e4psemalt SIIT.<\/a><\/p>\n<p><strong>eTwinning<\/strong><\/p>\n<p>eTwinning on Euroopa koolide virtuaalne kogukond, mis on t\u00f6\u00f6keskkonnaks koolit\u00f6\u00f6tajatele (\u00f5petajatele, \u00f5ppealajuhatajatele, raamatukogut\u00f6\u00f6tajatele jne), kes t\u00f6\u00f6tavad Euroopa eri riikides. Koolid, kes on otsustanud osaleda Euroopa k\u00f5ige p\u00f5nevamas kogukonnas, saavad seal suhelda, koost\u00f6\u00f6d teha ja projekte luua.<\/p>\n<p><a href=\"https:\/\/www.reiniku.edu.ee\/index.php\/etwinning\/\" target=\"_blank\" rel=\"noopener noreferrer\">Loe t\u00e4psemalt SIIT.<\/a><\/p>\n","protected":false},"excerpt":{"rendered":"<p>KiVa Tartu Mart Reiniku koolis rakendatakse alates 2017 aastast KiVa programmi. KiVa rakendamine meie koolis t\u00e4hendab, et meie koolis ei ole kiusamine lubatud ega aktsepteeritud. Tegutseme k\u00f5ik koos selle nimel, et kiusamist \u00e4ra hoida ja tekkivaid juhtumeid t\u00f5husalt lahendada. KiVa tiimi koordinaator on Heli Arney. Loe t\u00e4psemalt SIIT. Liikuma Kutsuv Kool Liikuma Kutsuv Kool on [&hellip;]<\/p>\n","protected":false},"author":2,"featured_media":0,"parent":0,"menu_order":0,"comment_status":"closed","ping_status":"closed","template":"","meta":{"footnotes":""},"class_list":["post-3494","page","type-page","status-publish","hentry"],"_links":{"self":[{"href":"https:\/\/www.reiniku.edu.ee\/index.php\/wp-json\/wp\/v2\/pages\/3494","targetHints":{"allow":["GET"]}}],"collection":[{"href":"https:\/\/www.reiniku.edu.ee\/index.php\/wp-json\/wp\/v2\/pages"}],"about":[{"href":"https:\/\/www.reiniku.edu.ee\/index.php\/wp-json\/wp\/v2\/types\/page"}],"author":[{"embeddable":true,"href":"https:\/\/www.reiniku.edu.ee\/index.php\/wp-json\/wp\/v2\/users\/2"}],"replies":[{"embeddable":true,"href":"https:\/\/www.reiniku.edu.ee\/index.php\/wp-json\/wp\/v2\/comments?post=3494"}],"version-history":[{"count":12,"href":"https:\/\/www.reiniku.edu.ee\/index.php\/wp-json\/wp\/v2\/pages\/3494\/revisions"}],"predecessor-version":[{"id":5724,"href":"https:\/\/www.reiniku.edu.ee\/index.php\/wp-json\/wp\/v2\/pages\/3494\/revisions\/5724"}],"wp:attachment":[{"href":"https:\/\/www.reiniku.edu.ee\/index.php\/wp-json\/wp\/v2\/media?parent=3494"}],"curies":[{"name":"wp","href":"https:\/\/api.w.org\/{rel}","templated":true}]}}