{"id":3497,"date":"2019-04-30T20:39:10","date_gmt":"2019-04-30T17:39:10","guid":{"rendered":"https:\/\/www.reiniku.edu.ee\/?page_id=3497"},"modified":"2019-04-30T21:04:35","modified_gmt":"2019-04-30T18:04:35","slug":"liikuma-kutsuv-kool","status":"publish","type":"page","link":"https:\/\/www.reiniku.edu.ee\/index.php\/liikuma-kutsuv-kool\/","title":{"rendered":"Liikuma Kutsuv Kool"},"content":{"rendered":"<p>Liikuma Kutsuv Kool on programm, milles alates 2016. aastast otsitakse Tartu \u00dclikooli liikumislabori eestvedamisel koost\u00f6\u00f6s koolidega toimivaid lahendusi, kuidas muuta koolip\u00e4evad liikuvamaks ja tuua rohkem liikumisr\u00f5\u00f5mu iga \u00f5pilaseni.\u00a0Koolidel on erinevad tingimused, vajadused ja v\u00f5imalused. Seet\u00f5ttu on oluline, et iga kool leiaks endale k\u00f5ige paremini sobivad lahendused. Liikuma Kutsuv Kool t\u00e4hendab koolipere, lapsevanemate, omavalitsuse head l\u00e4bik\u00e4imist ja koost\u00f6\u00f6d \u00f5pilaste liikumise toetamisel.<\/p>\n<p>Liikuma Kutsuva Kooli p\u00f5him\u00f5tted<\/p>\n<ul>\n<li>liikumine on koolip\u00e4eva loomulik osa, mis toetab \u00f5ppimist, suhteid ja tervislikku arengut,<\/li>\n<li>liikuma kutsuv kool toetab koolipere liikumist aktiivsete ainetundide, vahetundide, koolitee ja kehalise kasvatuse kaudu<\/li>\n<li>see on osa koolikultuurist<\/li>\n<li>liikumist toetavad ka kooliruumid ja kooli\u00f5u<\/li>\n<li>liikumine koolip\u00e4eva eri osades toob juurde koolir\u00f5\u00f5mu ning pakub \u00f5pilastele v\u00f5imalust ka ise osaleda ja panustada oma koolip\u00e4eva liikuvamaks kujundamisel<\/li>\n<li>liikumine on rohkem kui ainult sport<\/li>\n<\/ul>\n<p>Liikumist soodustavaid ideid saab n\u00e4ha siit: <a href=\"http:\/\/www.liikumakutsuvkool.ee\/ideepank\/\" target=\"_blank\" rel=\"noopener noreferrer\">www.liikumakutsuvkool.ee\/ideepank\/<\/a><br \/>\nT\u00e4psemalt saab lugeda programmist siit: <a href=\"http:\/\/www.liikumakutsuvkool.ee\" target=\"_blank\" rel=\"noopener noreferrer\">www.liikumakutsuvkool.ee<\/a><\/p>\n","protected":false},"excerpt":{"rendered":"<p>Liikuma Kutsuv Kool on programm, milles alates 2016. aastast otsitakse Tartu \u00dclikooli liikumislabori eestvedamisel koost\u00f6\u00f6s koolidega toimivaid lahendusi, kuidas muuta koolip\u00e4evad liikuvamaks ja tuua rohkem liikumisr\u00f5\u00f5mu iga \u00f5pilaseni.\u00a0Koolidel on erinevad tingimused, vajadused ja v\u00f5imalused. Seet\u00f5ttu on oluline, et iga kool leiaks endale k\u00f5ige paremini sobivad lahendused. Liikuma Kutsuv Kool t\u00e4hendab koolipere, lapsevanemate, omavalitsuse head l\u00e4bik\u00e4imist [&hellip;]<\/p>\n","protected":false},"author":2,"featured_media":0,"parent":0,"menu_order":0,"comment_status":"closed","ping_status":"closed","template":"","meta":{"footnotes":""},"class_list":["post-3497","page","type-page","status-publish","hentry"],"_links":{"self":[{"href":"https:\/\/www.reiniku.edu.ee\/index.php\/wp-json\/wp\/v2\/pages\/3497","targetHints":{"allow":["GET"]}}],"collection":[{"href":"https:\/\/www.reiniku.edu.ee\/index.php\/wp-json\/wp\/v2\/pages"}],"about":[{"href":"https:\/\/www.reiniku.edu.ee\/index.php\/wp-json\/wp\/v2\/types\/page"}],"author":[{"embeddable":true,"href":"https:\/\/www.reiniku.edu.ee\/index.php\/wp-json\/wp\/v2\/users\/2"}],"replies":[{"embeddable":true,"href":"https:\/\/www.reiniku.edu.ee\/index.php\/wp-json\/wp\/v2\/comments?post=3497"}],"version-history":[{"count":4,"href":"https:\/\/www.reiniku.edu.ee\/index.php\/wp-json\/wp\/v2\/pages\/3497\/revisions"}],"predecessor-version":[{"id":3506,"href":"https:\/\/www.reiniku.edu.ee\/index.php\/wp-json\/wp\/v2\/pages\/3497\/revisions\/3506"}],"wp:attachment":[{"href":"https:\/\/www.reiniku.edu.ee\/index.php\/wp-json\/wp\/v2\/media?parent=3497"}],"curies":[{"name":"wp","href":"https:\/\/api.w.org\/{rel}","templated":true}]}}