{"id":3638,"date":"2019-07-15T11:47:23","date_gmt":"2019-07-15T08:47:23","guid":{"rendered":"https:\/\/www.reiniku.edu.ee\/?page_id=3638"},"modified":"2020-12-02T12:40:48","modified_gmt":"2020-12-02T10:40:48","slug":"mrk-130","status":"publish","type":"page","link":"https:\/\/www.reiniku.edu.ee\/index.php\/kooli-lugu\/mrk-130\/","title":{"rendered":"MRK JUUBELIRAAMAT"},"content":{"rendered":"<p><strong>MRK JUUBELIRAAMAT<\/strong><\/p>\r\n<p>Juubeliraamatut saab osta kooli kantseleist hinnaga 23\u20ac. Tasumine sularahas kohapeal v\u00f5i \u00fclekandega. Tellitud raamatud saab k\u00e4tte kooli kantseleist. <strong>\u00dclekandega maksmisel saab raamatu k\u00e4tte maksekorralduse alusel!<\/strong><\/p>\r\n<p>\u00dclekandega maksmisel:<br \/>Summa: 23.-<br \/>Saaja: Tartu Linnavalitsus<br \/>a\/a nr: EE621010102000178008<br \/>Viitenumber: 16409219000004<br \/>Selgitus: JUUBELIRAAMAT<br \/>NB! Vajalikud on nii selgitus kui ka viitenumber!<\/p>\r\n<p><img loading=\"lazy\" decoding=\"async\" class=\"alignnone wp-image-4060 size-large\" src=\"https:\/\/www.reiniku.edu.ee\/wp-content\/uploads\/2020\/01\/Raamat-koduleht-1024x873.jpg\" alt=\"\" width=\"625\" height=\"533\" srcset=\"https:\/\/www.reiniku.edu.ee\/wp-content\/uploads\/2020\/01\/Raamat-koduleht-1024x873.jpg 1024w, https:\/\/www.reiniku.edu.ee\/wp-content\/uploads\/2020\/01\/Raamat-koduleht-300x256.jpg 300w, https:\/\/www.reiniku.edu.ee\/wp-content\/uploads\/2020\/01\/Raamat-koduleht-768x655.jpg 768w, https:\/\/www.reiniku.edu.ee\/wp-content\/uploads\/2020\/01\/Raamat-koduleht-624x532.jpg 624w, https:\/\/www.reiniku.edu.ee\/wp-content\/uploads\/2020\/01\/Raamat-koduleht.jpg 1800w\" sizes=\"auto, (max-width: 625px) 100vw, 625px\" \/><\/p>\r\n\r\n<p>&nbsp;<\/p>\r\n","protected":false},"excerpt":{"rendered":"<p>MRK JUUBELIRAAMAT Juubeliraamatut saab osta kooli kantseleist hinnaga 23\u20ac. Tasumine sularahas kohapeal v\u00f5i \u00fclekandega. Tellitud raamatud saab k\u00e4tte kooli kantseleist. \u00dclekandega maksmisel saab raamatu k\u00e4tte maksekorralduse alusel! \u00dclekandega maksmisel:Summa: 23.-Saaja: Tartu Linnavalitsusa\/a nr: EE621010102000178008Viitenumber: 16409219000004Selgitus: JUUBELIRAAMATNB! Vajalikud on nii selgitus kui ka viitenumber! &nbsp;<\/p>\n","protected":false},"author":12,"featured_media":0,"parent":131,"menu_order":0,"comment_status":"closed","ping_status":"closed","template":"","meta":{"footnotes":""},"class_list":["post-3638","page","type-page","status-publish","hentry"],"_links":{"self":[{"href":"https:\/\/www.reiniku.edu.ee\/index.php\/wp-json\/wp\/v2\/pages\/3638","targetHints":{"allow":["GET"]}}],"collection":[{"href":"https:\/\/www.reiniku.edu.ee\/index.php\/wp-json\/wp\/v2\/pages"}],"about":[{"href":"https:\/\/www.reiniku.edu.ee\/index.php\/wp-json\/wp\/v2\/types\/page"}],"author":[{"embeddable":true,"href":"https:\/\/www.reiniku.edu.ee\/index.php\/wp-json\/wp\/v2\/users\/12"}],"replies":[{"embeddable":true,"href":"https:\/\/www.reiniku.edu.ee\/index.php\/wp-json\/wp\/v2\/comments?post=3638"}],"version-history":[{"count":24,"href":"https:\/\/www.reiniku.edu.ee\/index.php\/wp-json\/wp\/v2\/pages\/3638\/revisions"}],"predecessor-version":[{"id":4537,"href":"https:\/\/www.reiniku.edu.ee\/index.php\/wp-json\/wp\/v2\/pages\/3638\/revisions\/4537"}],"up":[{"embeddable":true,"href":"https:\/\/www.reiniku.edu.ee\/index.php\/wp-json\/wp\/v2\/pages\/131"}],"wp:attachment":[{"href":"https:\/\/www.reiniku.edu.ee\/index.php\/wp-json\/wp\/v2\/media?parent=3638"}],"curies":[{"name":"wp","href":"https:\/\/api.w.org\/{rel}","templated":true}]}}