{"id":4144,"date":"2020-02-03T09:17:22","date_gmt":"2020-02-03T07:17:22","guid":{"rendered":"https:\/\/www.reiniku.edu.ee\/?page_id=4144"},"modified":"2023-02-21T10:34:10","modified_gmt":"2023-02-21T08:34:10","slug":"etwinning","status":"publish","type":"page","link":"https:\/\/www.reiniku.edu.ee\/index.php\/etwinning\/","title":{"rendered":"eTwinning"},"content":{"rendered":"<p><strong>eTwinning<\/strong><\/p>\n<p>eTwinning on Euroopa koolide virtuaalne kogukond, mis on t\u00f6\u00f6keskkonnaks koolit\u00f6\u00f6tajatele (\u00f5petajatele, \u00f5ppealajuhatajatele, raamatukogut\u00f6\u00f6tajatele jne), kes t\u00f6\u00f6tavad Euroopa eri riikides. Koolid, kes on otsustanud osaleda Euroopa k\u00f5ige p\u00f5nevamas kogukonnas, saavad seal suhelda, koost\u00f6\u00f6d teha ja projekte luua.<\/p>\n<p><strong>L\u00fchidalt eTwinningu tekkeloost:\u00a0<\/strong><\/p>\n<p>eTwinningu lugu sai alguse 2005. aastal, kui Euroopa Komisjon otsustas toetada Euroopa koolide veebip\u00f5hist koost\u00f6\u00f6d. Aastast 2014 kuulub eTwinning Erasmus+ programmi alla. T\u00e4naseks on eTwinning kasvanud Euroopa suurimaks \u00f5petajate kogukonnaks, kaasates \u00fcle 700 000 \u00f5petaja 44st riigist.<\/p>\n<p>eTwnningu kohta saab t\u00e4psemalt lugeda:<\/p>\n<p><a href=\"https:\/\/www.etwinning.net\/et\/pub\/index.htm\">https:\/\/www.etwinning.net\/et\/pub\/index.htm<\/a><\/p>\n<p><a href=\"https:\/\/harno.ee\/etwinning\" target=\"_blank\" rel=\"noopener\">https:\/\/harno.ee\/etwinning<\/a><\/p>\n<p>Ka meie kooli \u00f5petajad ja \u00f5pilased osalevad eTwinningu projektit\u00f6\u00f6s.<br \/>\neTwinning tunnustab ja hindab lisaks projektit\u00f6\u00f6s osalejatele ka koolimeeskondade ja koolijuhtide panust ning p\u00fchendumust projektit\u00f6\u00f6s. eTwinningus aktiivselt osalenud ja silma paistnud \u00f5ppeasutustele antakse v\u00e4lja eTwinningu Kooli m\u00e4rk. Meie koolile on antud eTwinningu kooli m\u00e4rk aastateks 2020-2021.<br \/>\nTunnustus anti esmakordselt v\u00e4lja 2018. Aastal. Kooli m\u00e4rgis viitab sellele, et \u00f5ppeasutuses p\u00f6\u00f6ratakse laiemalt t\u00e4helepanu rahvusvahelisele koost\u00f6\u00f6le, turvalisele internetikasutusele ning projekt\u00f5ppele.<\/p>\n<p><img loading=\"lazy\" decoding=\"async\" class=\"alignnone wp-image-4767 size-full\" src=\"https:\/\/www.reiniku.edu.ee\/wp-content\/uploads\/2021\/03\/awarded-etwinning-school-label-2020-21.png\" alt=\"\" width=\"233\" height=\"255\" \/><\/p>\n<p><strong>Meie kooli \u00f5pilased ja \u00f5petajad osalevad 2022\/23. \u00f5ppeaastal <\/strong><strong>j\u00e4rgmistes eTwinningu projektides:<\/strong><\/p>\n<p>&#8211; Rahvusvaheline projekt &#8220;Baltic Sky&#8221;<br \/>\nProjektis osalevad \u00f5pilased Eestist, Leedust, Saksamaalt, Poolast ja<br \/>\nSoomest.<br \/>\nMeie koolist osalevad projektis 3. klassi \u00f5pilased \u00f5p Meili L\u00e4\u00e4nemetsa<br \/>\ninglise keele grupist.<\/p>\n<p>Projekti eesm\u00e4rk on, et lapsed \u00f5piksid tundma L\u00e4\u00e4nemere piirkondi, mis<br \/>\non meie loodusvara ja on seotud eTwinningu iga-aastase teemaga, et olla<br \/>\nkoos ilusad, j\u00e4tkusuutlikud oma tuleviku nimel. L\u00e4\u00e4nemeri on koht, kus<br \/>\nme puhkame, l\u00f5butseme ja puhkame, kuid see on ka suurep\u00e4rane koht<br \/>\nlooduse, kultuuri, kunsti, muusika ja traditsioonide tundma\u00f5ppimiseks.<br \/>\nSoovime n\u00e4idata Baltikumi ilu, selle looduskeskkonda ja ka sellega<br \/>\nseotud kultuuri. Selle projektiga soovime t\u00f5statada ka v\u00e4ga olulise<br \/>\nL\u00e4\u00e4nemere taeva kaitse teema, arendada lastes \u00f6koloogilist teadlikkust<br \/>\nja keskkonnakaitse vajadust.<\/p>\n<p>&#8211; Rahvusvaheline projekt &#8220;Magic of the Seasons&#8221;<br \/>\nProjektis osaleva \u00f5pilased Eestist, Leedist ja T\u017eehhist.<br \/>\nMeie koolist osalevad projektis \u00f5p Meili L\u00e4\u00e4nemetsa inglise keele grupi<br \/>\n\u00f5pilased 5.b klassist.<\/p>\n<p>See projekt on m\u00f5eldud \u00f5pilastele selleks, et uurida nelja aastaaega ja<br \/>\nseal toimuvaid muutusi. Lapsed pildistavad ja uurivad puud neljal<br \/>\naastaajal, uurivad ja m\u00e4rkavad looduses toimuvaid muutusi aasta jooksul.<br \/>\nProjekt arendab laste keeleoskust, keskkonnateadlikkust,<br \/>\nsuhtlemisoskust, sallivust ja digip\u00e4devust.<\/p>\n<p><strong>Meie kooli \u00f5pilased osalesid \u00f5ppeaastal 2021\/2022 j\u00e4rgmistes<\/strong><br \/>\n<strong>eTwinningu projektides:<\/strong><\/p>\n<p>&#8211; Eestisisene multiprojekt &#8220;The Estonian Stars of Nature&#8221;.<br \/>\nProjektit\u00f6\u00f6s osalesid 7.a klassi inglise keele \u00f5pilased.<\/p>\n<p>&#8211; Rahvusvaheline projekt &#8220;The Way We Live and Learn&#8221;<br \/>\nProjektis osalesid \u00f5pilased Eestist, Leedust, T\u0161ehhist ja L\u00e4tist. Meie<br \/>\nkoolist osalesid \u00f5p Meili L\u00e4\u00e4nemetsa inglise keele \u00f5pilased 5.e<br \/>\nklassist.<\/p>\n<p><img loading=\"lazy\" decoding=\"async\" class=\"alignnone wp-image-4145 size-medium\" src=\"https:\/\/www.reiniku.edu.ee\/wp-content\/uploads\/2020\/02\/eTwinning-Logo_CMYK-300x205.png\" alt=\"\" width=\"300\" height=\"205\" srcset=\"https:\/\/www.reiniku.edu.ee\/wp-content\/uploads\/2020\/02\/eTwinning-Logo_CMYK-300x205.png 300w, https:\/\/www.reiniku.edu.ee\/wp-content\/uploads\/2020\/02\/eTwinning-Logo_CMYK-768x526.png 768w, https:\/\/www.reiniku.edu.ee\/wp-content\/uploads\/2020\/02\/eTwinning-Logo_CMYK-1024x701.png 1024w, https:\/\/www.reiniku.edu.ee\/wp-content\/uploads\/2020\/02\/eTwinning-Logo_CMYK-624x427.png 624w\" sizes=\"auto, (max-width: 300px) 100vw, 300px\" \/><\/p>\n","protected":false},"excerpt":{"rendered":"<p>eTwinning eTwinning on Euroopa koolide virtuaalne kogukond, mis on t\u00f6\u00f6keskkonnaks koolit\u00f6\u00f6tajatele (\u00f5petajatele, \u00f5ppealajuhatajatele, raamatukogut\u00f6\u00f6tajatele jne), kes t\u00f6\u00f6tavad Euroopa eri riikides. Koolid, kes on otsustanud osaleda Euroopa k\u00f5ige p\u00f5nevamas kogukonnas, saavad seal suhelda, koost\u00f6\u00f6d teha ja projekte luua. L\u00fchidalt eTwinningu tekkeloost:\u00a0 eTwinningu lugu sai alguse 2005. aastal, kui Euroopa Komisjon otsustas toetada Euroopa koolide veebip\u00f5hist koost\u00f6\u00f6d. [&hellip;]<\/p>\n","protected":false},"author":11,"featured_media":0,"parent":0,"menu_order":0,"comment_status":"closed","ping_status":"closed","template":"","meta":{"footnotes":""},"class_list":["post-4144","page","type-page","status-publish","hentry"],"_links":{"self":[{"href":"https:\/\/www.reiniku.edu.ee\/index.php\/wp-json\/wp\/v2\/pages\/4144","targetHints":{"allow":["GET"]}}],"collection":[{"href":"https:\/\/www.reiniku.edu.ee\/index.php\/wp-json\/wp\/v2\/pages"}],"about":[{"href":"https:\/\/www.reiniku.edu.ee\/index.php\/wp-json\/wp\/v2\/types\/page"}],"author":[{"embeddable":true,"href":"https:\/\/www.reiniku.edu.ee\/index.php\/wp-json\/wp\/v2\/users\/11"}],"replies":[{"embeddable":true,"href":"https:\/\/www.reiniku.edu.ee\/index.php\/wp-json\/wp\/v2\/comments?post=4144"}],"version-history":[{"count":7,"href":"https:\/\/www.reiniku.edu.ee\/index.php\/wp-json\/wp\/v2\/pages\/4144\/revisions"}],"predecessor-version":[{"id":6049,"href":"https:\/\/www.reiniku.edu.ee\/index.php\/wp-json\/wp\/v2\/pages\/4144\/revisions\/6049"}],"wp:attachment":[{"href":"https:\/\/www.reiniku.edu.ee\/index.php\/wp-json\/wp\/v2\/media?parent=4144"}],"curies":[{"name":"wp","href":"https:\/\/api.w.org\/{rel}","templated":true}]}}