{"id":4812,"date":"2021-05-03T22:22:50","date_gmt":"2021-05-03T19:22:50","guid":{"rendered":"https:\/\/www.reiniku.edu.ee\/?page_id=4812"},"modified":"2025-06-10T11:49:15","modified_gmt":"2025-06-10T08:49:15","slug":"koolivorm","status":"publish","type":"page","link":"https:\/\/www.reiniku.edu.ee\/index.php\/koolivorm\/","title":{"rendered":"Koolivorm"},"content":{"rendered":"<p>FAYN<\/p>\n<p>Kooli riiete kollektsioon on Fayn lehel tellimiseks valmis.<\/p>\n<p>E-poe link: <a href=\"https:\/\/fayn.ee\/tootekategooria\/partnerid\/reiniku-kool\/\">https:\/\/fayn.ee\/tootekategooria\/partnerid\/reiniku-kool\/<\/a><\/p>\n<p><strong>Parool<\/strong>: Reiniku_F4245<\/p>\n<div dir=\"auto\"><u>Reiniku tootevalikus on:<\/u><\/div>\n<div dir=\"auto\"><\/div>\n<ol>\n<li><strong>KLEIDID <\/strong>(m\u00f5lemat saab pika ja l\u00fchikese varrukaga)<br \/>\n&#8211; A-l\u00f5ikeline kleit satsiga ja ilma<br \/>\n&#8211; Cristine kleit<\/li>\n<li><strong>SEELIK <\/strong>satsiga<\/li>\n<li><strong>T- S\u00c4RK <\/strong>(pika ja l\u00fchikese varrukaga)<\/li>\n<li><strong>PUSAD<br \/>\n<\/strong>&#8211; kapuutsita \u00f5hem<br \/>\n&#8211; kapuutsiga, lukuga<\/li>\n<li><strong>P\u00dcKSID<br \/>\n<\/strong>&#8211; l\u00fchikesed<br \/>\n&#8211; pikad<\/li>\n<li><strong>PEAPAEL<\/strong><\/li>\n<li><strong>M\u00dcTSID<br \/>\n<\/strong>&#8211; nokam\u00fcts<br \/>\n&#8211; trikotaa\u017em\u00fcts<\/li>\n<\/ol>\n<ul>\n<li>kogu tootevalikut saab musta, sinepikollast, tumehalli, helehalli ja valget.<\/li>\n<li>teksti saab valida ka kasti sees v\u00f5i ilma ja kas ette keskele v\u00f5i rinnale.<\/li>\n<li>kui tundub, et m\u00f5nda toodet on kataloogis topelt, siis sellep\u00e4rast, et t\u00e4iskasvanute ja laste mudel on eraldi.<\/li>\n<\/ul>\n<p>NB! Kes kindlalt soovib kooli alguseks tooteid k\u00e4tte saada, on soovitav juulikuus \u00e4ra tellida. <span style=\"font-size: 1rem\">Muidu saab aasta l\u00e4bi tellida ja kohapeal <\/span>(<strong>Turu 47\/2, II korrus<\/strong>) proovida.<\/p>\n<hr \/>\n<p>NORRISON O\u00dc.<\/p>\n<p>Kevadine koolivormi ettetellimine toimub 01. maist kuni 25. juunini, tellimuste k\u00e4ttesaamine augustis pakiautomaadist.<\/p>\n<p>S\u00fcgisene koolivormi ettetellimine toimub 01. septembrist kuni 20. septembrini, tellimuste k\u00e4ttesaamine novembris pakiautomaadist.<\/p>\n<p>Koolivormi e-poe link siin: \u00a0<a href=\"https:\/\/norrison.ee\/et\/722-tartu-mart-reiniku-kool\">TARTU MART REINIKU KOOL (norrison.ee)<\/a><\/p>\n<p>Koolivormi eest toimub tasumine e-tellimiskeskkonna siseselt pangalingi kaudu.<\/p>\n<p>Avatud aastaringne e-pood, 3-5 t\u00f6\u00f6p\u00e4eva jooksul saadetakse\u00a0 kaup Teie valitud pakiautomaati.<\/p>\n<p>Toodete garanteeritud saadavuse tagamiseks palume kasutada ettetellimist.<\/p>\n<p>Koolivormitooteid saab proovida Norrisoni kaupluses Tallinnas, Telliskivi 60\/2 I-hoone D-korpus.<br \/>\nLahtioleku ajad: E-R 10-18 L 11-15<\/p>\n<p>N\u00e4ited koolivormi elementidest:<br \/>\n<a href=\"https:\/\/www.reiniku.edu.ee\/wp-content\/uploads\/2021\/05\/laste-kardigan-tmrk-valo-02-must.jpg\"><img loading=\"lazy\" decoding=\"async\" class=\"alignnone wp-image-4816\" src=\"https:\/\/www.reiniku.edu.ee\/wp-content\/uploads\/2021\/05\/laste-kardigan-tmrk-valo-02-must-300x291.jpg\" alt=\"\" width=\"171\" height=\"166\" srcset=\"https:\/\/www.reiniku.edu.ee\/wp-content\/uploads\/2021\/05\/laste-kardigan-tmrk-valo-02-must-300x291.jpg 300w, https:\/\/www.reiniku.edu.ee\/wp-content\/uploads\/2021\/05\/laste-kardigan-tmrk-valo-02-must.jpg 445w\" sizes=\"auto, (max-width: 171px) 100vw, 171px\" \/><\/a> <a href=\"https:\/\/www.reiniku.edu.ee\/wp-content\/uploads\/2021\/05\/tuedrukute-seelik-tmrk-steff-26-must.jpg\"><img loading=\"lazy\" decoding=\"async\" class=\"alignnone wp-image-4820\" src=\"https:\/\/www.reiniku.edu.ee\/wp-content\/uploads\/2021\/05\/tuedrukute-seelik-tmrk-steff-26-must.jpg\" alt=\"\" width=\"207\" height=\"164\" \/><\/a><a href=\"https:\/\/www.reiniku.edu.ee\/wp-content\/uploads\/2021\/05\/noormeeste-ja-meeste-polosaerk-tmrk-jn070-gold-yellow.jpg\"><img loading=\"lazy\" decoding=\"async\" class=\"alignnone wp-image-4818\" src=\"https:\/\/www.reiniku.edu.ee\/wp-content\/uploads\/2021\/05\/noormeeste-ja-meeste-polosaerk-tmrk-jn070-gold-yellow.jpg\" alt=\"\" width=\"177\" height=\"163\" \/><\/a> <a href=\"https:\/\/www.reiniku.edu.ee\/wp-content\/uploads\/2021\/05\/noorte-spordisaerk-tmrk-jn386-blackwhite.jpg\"><img loading=\"lazy\" decoding=\"async\" class=\"alignnone wp-image-4819\" src=\"https:\/\/www.reiniku.edu.ee\/wp-content\/uploads\/2021\/05\/noorte-spordisaerk-tmrk-jn386-blackwhite-267x300.jpg\" alt=\"\" width=\"147\" height=\"166\" srcset=\"https:\/\/www.reiniku.edu.ee\/wp-content\/uploads\/2021\/05\/noorte-spordisaerk-tmrk-jn386-blackwhite-267x300.jpg 267w, https:\/\/www.reiniku.edu.ee\/wp-content\/uploads\/2021\/05\/noorte-spordisaerk-tmrk-jn386-blackwhite.jpg 390w\" sizes=\"auto, (max-width: 147px) 100vw, 147px\" \/><\/a><a href=\"https:\/\/www.reiniku.edu.ee\/wp-content\/uploads\/2021\/05\/laste-pusa-tmrk-jn040k-must.jpg\"><img loading=\"lazy\" decoding=\"async\" class=\"alignnone wp-image-4817\" src=\"https:\/\/www.reiniku.edu.ee\/wp-content\/uploads\/2021\/05\/laste-pusa-tmrk-jn040k-must-300x273.jpg\" alt=\"\" width=\"181\" height=\"165\" srcset=\"https:\/\/www.reiniku.edu.ee\/wp-content\/uploads\/2021\/05\/laste-pusa-tmrk-jn040k-must-300x273.jpg 300w, https:\/\/www.reiniku.edu.ee\/wp-content\/uploads\/2021\/05\/laste-pusa-tmrk-jn040k-must.jpg 416w\" sizes=\"auto, (max-width: 181px) 100vw, 181px\" \/><\/a><\/p>\n<p><a href=\"https:\/\/www.reiniku.edu.ee\/wp-content\/uploads\/2023\/05\/koolivorm1.jpeg\"><img loading=\"lazy\" decoding=\"async\" class=\"alignleft size-medium wp-image-6182\" src=\"https:\/\/www.reiniku.edu.ee\/wp-content\/uploads\/2023\/05\/koolivorm1-225x300.jpeg\" alt=\"\" width=\"225\" height=\"300\" srcset=\"https:\/\/www.reiniku.edu.ee\/wp-content\/uploads\/2023\/05\/koolivorm1-225x300.jpeg 225w, https:\/\/www.reiniku.edu.ee\/wp-content\/uploads\/2023\/05\/koolivorm1-624x832.jpeg 624w, https:\/\/www.reiniku.edu.ee\/wp-content\/uploads\/2023\/05\/koolivorm1.jpeg 741w\" sizes=\"auto, (max-width: 225px) 100vw, 225px\" \/><\/a> <a href=\"https:\/\/www.reiniku.edu.ee\/wp-content\/uploads\/2023\/05\/koolivorm2.jpeg\"><img loading=\"lazy\" decoding=\"async\" class=\"alignleft size-medium wp-image-6183\" src=\"https:\/\/www.reiniku.edu.ee\/wp-content\/uploads\/2023\/05\/koolivorm2-225x300.jpeg\" alt=\"\" width=\"225\" height=\"300\" srcset=\"https:\/\/www.reiniku.edu.ee\/wp-content\/uploads\/2023\/05\/koolivorm2-225x300.jpeg 225w, https:\/\/www.reiniku.edu.ee\/wp-content\/uploads\/2023\/05\/koolivorm2-624x832.jpeg 624w, https:\/\/www.reiniku.edu.ee\/wp-content\/uploads\/2023\/05\/koolivorm2.jpeg 741w\" sizes=\"auto, (max-width: 225px) 100vw, 225px\" \/><\/a> <a href=\"https:\/\/www.reiniku.edu.ee\/wp-content\/uploads\/2023\/05\/koolivorm3.jpeg\"><img loading=\"lazy\" decoding=\"async\" class=\"alignleft size-medium wp-image-6184\" src=\"https:\/\/www.reiniku.edu.ee\/wp-content\/uploads\/2023\/05\/koolivorm3-225x300.jpeg\" alt=\"\" width=\"225\" height=\"300\" srcset=\"https:\/\/www.reiniku.edu.ee\/wp-content\/uploads\/2023\/05\/koolivorm3-225x300.jpeg 225w, https:\/\/www.reiniku.edu.ee\/wp-content\/uploads\/2023\/05\/koolivorm3-624x832.jpeg 624w, https:\/\/www.reiniku.edu.ee\/wp-content\/uploads\/2023\/05\/koolivorm3.jpeg 741w\" sizes=\"auto, (max-width: 225px) 100vw, 225px\" \/><\/a><\/p>\n<p>&nbsp;<\/p>\n","protected":false},"excerpt":{"rendered":"<p>FAYN Kooli riiete kollektsioon on Fayn lehel tellimiseks valmis. E-poe link: https:\/\/fayn.ee\/tootekategooria\/partnerid\/reiniku-kool\/ Parool: Reiniku_F4245 Reiniku tootevalikus on: KLEIDID (m\u00f5lemat saab pika ja l\u00fchikese varrukaga) &#8211; A-l\u00f5ikeline kleit satsiga ja ilma &#8211; Cristine kleit SEELIK satsiga T- S\u00c4RK (pika ja l\u00fchikese varrukaga) PUSAD &#8211; kapuutsita \u00f5hem &#8211; kapuutsiga, lukuga P\u00dcKSID &#8211; l\u00fchikesed &#8211; pikad PEAPAEL M\u00dcTSID [&hellip;]<\/p>\n","protected":false},"author":2,"featured_media":0,"parent":0,"menu_order":0,"comment_status":"closed","ping_status":"closed","template":"","meta":{"footnotes":""},"class_list":["post-4812","page","type-page","status-publish","hentry"],"_links":{"self":[{"href":"https:\/\/www.reiniku.edu.ee\/index.php\/wp-json\/wp\/v2\/pages\/4812","targetHints":{"allow":["GET"]}}],"collection":[{"href":"https:\/\/www.reiniku.edu.ee\/index.php\/wp-json\/wp\/v2\/pages"}],"about":[{"href":"https:\/\/www.reiniku.edu.ee\/index.php\/wp-json\/wp\/v2\/types\/page"}],"author":[{"embeddable":true,"href":"https:\/\/www.reiniku.edu.ee\/index.php\/wp-json\/wp\/v2\/users\/2"}],"replies":[{"embeddable":true,"href":"https:\/\/www.reiniku.edu.ee\/index.php\/wp-json\/wp\/v2\/comments?post=4812"}],"version-history":[{"count":11,"href":"https:\/\/www.reiniku.edu.ee\/index.php\/wp-json\/wp\/v2\/pages\/4812\/revisions"}],"predecessor-version":[{"id":7523,"href":"https:\/\/www.reiniku.edu.ee\/index.php\/wp-json\/wp\/v2\/pages\/4812\/revisions\/7523"}],"wp:attachment":[{"href":"https:\/\/www.reiniku.edu.ee\/index.php\/wp-json\/wp\/v2\/media?parent=4812"}],"curies":[{"name":"wp","href":"https:\/\/api.w.org\/{rel}","templated":true}]}}