{"id":527,"date":"2016-01-15T10:09:28","date_gmt":"2016-01-15T08:09:28","guid":{"rendered":"http:\/\/www.reiniku.edu.ee\/?page_id=527"},"modified":"2024-10-15T12:10:49","modified_gmt":"2024-10-15T09:10:49","slug":"sotsiaalained","status":"publish","type":"page","link":"https:\/\/www.reiniku.edu.ee\/index.php\/sotsiaalained\/","title":{"rendered":"Sotsiaalained"},"content":{"rendered":"<p><a href=\"https:\/\/www.reiniku.edu.ee\/wp-content\/uploads\/2024\/10\/I-PK-Ainevaldkond-Sotsiaalained-uldosa.pdf\">AINEVALDKONNAKAVA<\/a><\/p>\n<p><a href=\"https:\/\/www.reiniku.edu.ee\/wp-content\/uploads\/2024\/10\/inimeseopetus.pdf\">Inimese\u00f5petus 2. klass<\/a><a href=\"http:\/\/www.reiniku.edu.ee\/wp-content\/uploads\/2016\/01\/Inimese\u00f5petus-2.-3.-kl.doc\" target=\"_blank\" rel=\"noopener\"><br \/>\n<\/a><a href=\"https:\/\/www.reiniku.edu.ee\/wp-content\/uploads\/2024\/10\/InimeseopAINEKAVA.pdf\">Inimese\u00f5petus 3. klass<\/a><a href=\"http:\/\/www.reiniku.edu.ee\/wp-content\/uploads\/2016\/01\/Inimese\u00f5petus-2.-3.-kl.doc\" target=\"_blank\" rel=\"noopener\"><br \/>\n<\/a><a href=\"https:\/\/www.reiniku.edu.ee\/wp-content\/uploads\/2024\/10\/5.-klassi-inimeseopetuse-ainekava.pdf\">Inimese\u00f5petus 5. klass<\/a><a href=\"http:\/\/www.reiniku.edu.ee\/wp-content\/uploads\/2016\/01\/Inimese\u00f5petus-2.-3.-kl.doc\" target=\"_blank\" rel=\"noopener\"><br \/>\n<\/a><a href=\"https:\/\/www.reiniku.edu.ee\/wp-content\/uploads\/2024\/10\/6.-klassi-inimeseopetuse-ainekava.pdf\">Inimese\u00f5petus 6. klass<\/a><a href=\"http:\/\/www.reiniku.edu.ee\/wp-content\/uploads\/2016\/01\/Inimese\u00f5petus-2.-3.-kl.doc\" target=\"_blank\" rel=\"noopener\"><br \/>\n<\/a><a href=\"https:\/\/www.reiniku.edu.ee\/wp-content\/uploads\/2024\/10\/7.-klassi-inimeseopetuse-ainekava.pdf\" target=\"_blank\" rel=\"noopener\">Inimese\u00f5petus 7. klass<\/a><br \/>\n<a href=\"https:\/\/www.reiniku.edu.ee\/wp-content\/uploads\/2024\/10\/8.-klassi-inimeseopetuse-ainekava.pdf\">Inimese\u00f5petus 8. klass\u00a0<\/a><\/p>\n<p><a href=\"https:\/\/www.reiniku.edu.ee\/wp-content\/uploads\/2024\/10\/Ajalugu-5.-klass.pdf\">Ajalugu 5. klass<\/a><a href=\"http:\/\/www.reiniku.edu.ee\/wp-content\/uploads\/2016\/01\/Inimese\u00f5petus-2.-3.-kl.doc\" target=\"_blank\" rel=\"noopener\"><br \/>\n<\/a><a href=\"https:\/\/www.reiniku.edu.ee\/wp-content\/uploads\/2024\/10\/Ajalugu-6.-klass.pdf\" target=\"_blank\" rel=\"noopener\">Ajalugu 6. klass<\/a><a href=\"http:\/\/www.reiniku.edu.ee\/wp-content\/uploads\/2016\/01\/Inimese\u00f5petus-2.-3.-kl.doc\" rel=\"\"><br \/>\n<\/a><a href=\"https:\/\/www.reiniku.edu.ee\/wp-content\/uploads\/2024\/10\/Ajalugu-7.-klass.pdf\">Ajalugu 7. klass<\/a><a href=\"http:\/\/www.reiniku.edu.ee\/wp-content\/uploads\/2016\/01\/Ajalugu-7.klass_.docx\" target=\"_blank\" rel=\"noopener\"><br \/>\n<\/a><a href=\"https:\/\/www.reiniku.edu.ee\/wp-content\/uploads\/2024\/10\/Ajalugu-8.-klass.pdf\">Ajalugu 8. klass<\/a><a href=\"http:\/\/www.reiniku.edu.ee\/wp-content\/uploads\/2016\/01\/Ajalugu-8.-klass.docx\" target=\"_blank\" rel=\"noopener\"><br \/>\n<\/a><a href=\"https:\/\/www.reiniku.edu.ee\/wp-content\/uploads\/2024\/10\/Ajalugu-9.-klass.pdf\" target=\"_blank\" rel=\"noopener\">Ajalugu 9. klass<\/a><\/p>\n<p><a href=\"https:\/\/www.reiniku.edu.ee\/wp-content\/uploads\/2024\/10\/Uhiskonnaopetus-6.-klass.pdf\">\u00dchiskonna\u00f5petus 6. klass<\/a><a href=\"http:\/\/www.reiniku.edu.ee\/wp-content\/uploads\/2016\/01\/Ajalugu-9.-klass.doc\" rel=\"\"><br \/>\n<\/a><a href=\"https:\/\/www.reiniku.edu.ee\/wp-content\/uploads\/2024\/10\/Uhiskonnaopetus-9.-klass.pdf\" target=\"_blank\" rel=\"noopener\">\u00dchiskonna\u00f5petus 9. klass<\/a><a href=\"http:\/\/www.reiniku.edu.ee\/wp-content\/uploads\/2016\/01\/Ajalugu-8.-klass.docx\" rel=\"\"><br \/>\n<\/a><\/p>\n<p>&nbsp;<\/p>\n<p>&nbsp;<\/p>\n","protected":false},"excerpt":{"rendered":"<p>AINEVALDKONNAKAVA Inimese\u00f5petus 2. klass Inimese\u00f5petus 3. klass Inimese\u00f5petus 5. klass Inimese\u00f5petus 6. klass Inimese\u00f5petus 7. klass Inimese\u00f5petus 8. klass\u00a0 Ajalugu 5. klass Ajalugu 6. klass Ajalugu 7. klass Ajalugu 8. klass Ajalugu 9. klass \u00dchiskonna\u00f5petus 6. klass \u00dchiskonna\u00f5petus 9. klass &nbsp; &nbsp;<\/p>\n","protected":false},"author":2,"featured_media":0,"parent":0,"menu_order":0,"comment_status":"closed","ping_status":"closed","template":"","meta":{"footnotes":""},"class_list":["post-527","page","type-page","status-publish","hentry"],"_links":{"self":[{"href":"https:\/\/www.reiniku.edu.ee\/index.php\/wp-json\/wp\/v2\/pages\/527","targetHints":{"allow":["GET"]}}],"collection":[{"href":"https:\/\/www.reiniku.edu.ee\/index.php\/wp-json\/wp\/v2\/pages"}],"about":[{"href":"https:\/\/www.reiniku.edu.ee\/index.php\/wp-json\/wp\/v2\/types\/page"}],"author":[{"embeddable":true,"href":"https:\/\/www.reiniku.edu.ee\/index.php\/wp-json\/wp\/v2\/users\/2"}],"replies":[{"embeddable":true,"href":"https:\/\/www.reiniku.edu.ee\/index.php\/wp-json\/wp\/v2\/comments?post=527"}],"version-history":[{"count":15,"href":"https:\/\/www.reiniku.edu.ee\/index.php\/wp-json\/wp\/v2\/pages\/527\/revisions"}],"predecessor-version":[{"id":7038,"href":"https:\/\/www.reiniku.edu.ee\/index.php\/wp-json\/wp\/v2\/pages\/527\/revisions\/7038"}],"wp:attachment":[{"href":"https:\/\/www.reiniku.edu.ee\/index.php\/wp-json\/wp\/v2\/media?parent=527"}],"curies":[{"name":"wp","href":"https:\/\/api.w.org\/{rel}","templated":true}]}}