{"id":6878,"date":"2024-09-04T11:41:58","date_gmt":"2024-09-04T08:41:58","guid":{"rendered":"https:\/\/www.reiniku.edu.ee\/?page_id=6878"},"modified":"2024-09-04T11:47:54","modified_gmt":"2024-09-04T08:47:54","slug":"karjaariplaneerimine","status":"publish","type":"page","link":"https:\/\/www.reiniku.edu.ee\/index.php\/karjaariplaneerimine\/","title":{"rendered":"Karj\u00e4\u00e4riplaneerimine"},"content":{"rendered":"<h1><img loading=\"lazy\" decoding=\"async\" class=\"alignnone size-full wp-image-6885\" src=\"https:\/\/www.reiniku.edu.ee\/wp-content\/uploads\/2024\/09\/Banner_1170x102.png\" alt=\"\" width=\"1170\" height=\"102\" srcset=\"https:\/\/www.reiniku.edu.ee\/wp-content\/uploads\/2024\/09\/Banner_1170x102.png 1170w, https:\/\/www.reiniku.edu.ee\/wp-content\/uploads\/2024\/09\/Banner_1170x102-300x26.png 300w, https:\/\/www.reiniku.edu.ee\/wp-content\/uploads\/2024\/09\/Banner_1170x102-1024x89.png 1024w, https:\/\/www.reiniku.edu.ee\/wp-content\/uploads\/2024\/09\/Banner_1170x102-768x67.png 768w, https:\/\/www.reiniku.edu.ee\/wp-content\/uploads\/2024\/09\/Banner_1170x102-624x54.png 624w\" sizes=\"auto, (max-width: 1170px) 100vw, 1170px\" \/><\/h1>\n<p>Karj\u00e4\u00e4riplaneerimine on pidev protsess, millega saad tegeleda terve elu selle igas etapis. Pole olemas \u00fchte igavest plaani, vaid see muutub koos sinu eluga. Seet\u00f5ttu peaksid oma karj\u00e4\u00e4riteekonnal pidevalt silma peal hoidma. Aeg-ajalt v\u00f5iksid endalt k\u00fcsida, kas oled \u00f5igel teel. Kas see, millega tegeled, teeb sind \u00f5nnelikuks? Kas sinu eesm\u00e4rgid on endised v\u00f5i muutunud?<\/p>\n<p>Karj\u00e4\u00e4riplaan on tegevuskava, kuidas oma unistus v\u00f5i eesm\u00e4rk t\u00e4ide viia. Karj\u00e4\u00e4riplaani on hea teha n\u00e4iteks siis, kui:<\/p>\n<ul>\n<li>teed j\u00e4rgmiseid samme haridusteel;<\/li>\n<li>soovid minna v\u00e4lismaale \u00f5ppima v\u00f5i t\u00f6\u00f6le;<\/li>\n<li>otsid t\u00f6\u00f6d;<\/li>\n<li>tahad alustada ettev\u00f5tlust;<\/li>\n<li>sa ei tea, mis amet sulle sobiks.<\/li>\n<\/ul>\n<p>Karj\u00e4\u00e4riplaani koostamine on protsess, mis keskendub eri valikutele, mida pead tegema, et leida tasakaal oma (\u00f5ppe)t\u00f6\u00f6 ja eraelu vahel. Mida paremini sa ennast tunned ja tead, mida tahad, seda lihtsam on sul koostada karj\u00e4\u00e4riplaan, mis sobib sinu eesm\u00e4rkide ja elustiiliga. Kui oled hetkeolukorra v\u00e4lja selgitanud ja eesm\u00e4rgid paika pannud, siis j\u00e4rgmise sammuna tuleks koostada karj\u00e4\u00e4riplaan.<\/p>\n<h2>Kuidas teha karj\u00e4\u00e4riplaani?<\/h2>\n<p>Karj\u00e4\u00e4riplaan aitab sinu ideid ja m\u00f5tteid korrastada, et saaksid nende p\u00f5hjal koostada kindla tegevuskava.<\/p>\n<p><strong>Kus sa oled praegu?<\/strong><\/p>\n<ul>\n<li>Kirjelda hetkeolukorda, kus sa oma elus oled. Anal\u00fc\u00fcsi, kas oled sellega rahul v\u00f5i soovid seda muuta.<\/li>\n<\/ul>\n<p><strong>Kuhu tahad j\u00f5uda?<\/strong><\/p>\n<ul>\n<li>Kujutle oma tulevikku ja m\u00f5tle, kuhu soovid j\u00f5uda.<\/li>\n<li>Pane kirja konkreetsed eesm\u00e4rgid ja unistused. Need v\u00f5ivad olla nii l\u00fchi- kui ka pikaajalised sihid.<\/li>\n<\/ul>\n<p><strong>Kuidas sa sinna j\u00f5uad?<\/strong><\/p>\n<ul>\n<li>Pane paika konkreetsed tegevused ja ajakava eesm\u00e4rkide saavutamiseks.<\/li>\n<li>M\u00f5tle l\u00e4bi v\u00f5imalikud takistused ja see, kuidas need \u00fcletada.<\/li>\n<li>M\u00f5tle sellele, kes v\u00f5i mis saab sind toetada.<\/li>\n<\/ul>\n<p><strong>Hakka tegutsema<\/strong><\/p>\n<ul>\n<li>Tegutse, sest ainult nii saad oma plaani ellu viia.<\/li>\n<li>Koosta tegemist vajavate asjade loend ja kasuta meeldetuletusi.<\/li>\n<li>T\u00e4hista oma edusamme.<\/li>\n<\/ul>\n<p><strong>Vaata plaan uuesti \u00fcle<\/strong><\/p>\n<ul>\n<li>Kui vaja, muuda oma plaani.<\/li>\n<li>Ole valmis looma alternatiive ehk varuplaane.<\/li>\n<\/ul>\n<p>Karj\u00e4\u00e4riplaani v\u00f5id koostada ka vabas vormis, n\u00e4iteks joonistades, kollaa\u017ei tehes, kirjutades, arutledes l\u00e4hedasega v\u00f5i muul moel.<\/p>\n<h2>L\u00fchi- ja pikaajaline plaan<\/h2>\n<p>L\u00fchiajaline karj\u00e4\u00e4riplaneerimine t\u00e4hendab, et karj\u00e4\u00e4riplaani tegevuskava koostatakse \u00fche kuni kuue kuu vaates, pikaajaline plaan aga kolme kuni viie aasta vaates. L\u00fchiajaline karj\u00e4\u00e4riplaan toetab pikaajalist karj\u00e4\u00e4riplaani, sest l\u00fchiajalises karj\u00e4\u00e4riplaanis on eesm\u00e4rgid sageli realistlikumad ja k\u00e4ttesaadavamad. Kui oled m\u00f5ne eesm\u00e4rgi t\u00e4itnud, tekib hea tunne, mis aitab sul saavutada pikemaajalisi eesm\u00e4rke. L\u00fchiajalise karj\u00e4\u00e4riplaani eesm\u00e4rgid peavad n\u00f5udma sinult pingutust, kuid olema \u00fchtlasi j\u00f5ukohased, et suudaksid neid t\u00e4ita.<\/p>\n<p>Ei juhtu midagi, kui plaanid ei l\u00e4he ootusp\u00e4raselt. Sel juhul vaata vana plaan \u00fcle v\u00f5i koosta uus.<\/p>\n<p>Ainu\u00fcksi karj\u00e4\u00e4riplaani koostamine ei taga, et seatud eesm\u00e4rgid saavutad. Elus on palju tegureid, mis v\u00f5ivad eesm\u00e4rkide t\u00e4itmist m\u00f5jutada. Seega tuleta endale aeg-ajalt oma unistusi meelde ja naudi kogu teekonda. Karj\u00e4\u00e4riplaneerimisel on k\u00f5ige olulisem h\u00e4rjal sarvist haarata.<\/p>\n<p>Kui vajad abi karj\u00e4\u00e4riplaani koostamisel, siis v\u00f5ta \u00fchendust <a href=\"https:\/\/minukarjaar.ee\/et\/karjaarikeskused\">T\u00f6\u00f6tukassa karj\u00e4\u00e4rin\u00f5ustajaga<\/a> v\u00f5i vaata ringi karj\u00e4\u00e4riveebis <a href=\"http:\/\/www.minukarj\u00e4\u00e4r.ee\">www.minukarj\u00e4\u00e4r.ee<\/a><\/p>\n<p><a href=\"https:\/\/youtu.be\/7OIDyFsr5XE?si=z_9VOqVV0a-zB-Sq\">https:\/\/youtu.be\/7OIDyFsr5XE?si=z_9VOqVV0a-zB-Sq<\/a><\/p>\n","protected":false},"excerpt":{"rendered":"<p>Karj\u00e4\u00e4riplaneerimine on pidev protsess, millega saad tegeleda terve elu selle igas etapis. Pole olemas \u00fchte igavest plaani, vaid see muutub koos sinu eluga. Seet\u00f5ttu peaksid oma karj\u00e4\u00e4riteekonnal pidevalt silma peal hoidma. Aeg-ajalt v\u00f5iksid endalt k\u00fcsida, kas oled \u00f5igel teel. Kas see, millega tegeled, teeb sind \u00f5nnelikuks? Kas sinu eesm\u00e4rgid on endised v\u00f5i muutunud? Karj\u00e4\u00e4riplaan on [&hellip;]<\/p>\n","protected":false},"author":11,"featured_media":0,"parent":0,"menu_order":0,"comment_status":"closed","ping_status":"closed","template":"","meta":{"footnotes":""},"class_list":["post-6878","page","type-page","status-publish","hentry"],"_links":{"self":[{"href":"https:\/\/www.reiniku.edu.ee\/index.php\/wp-json\/wp\/v2\/pages\/6878","targetHints":{"allow":["GET"]}}],"collection":[{"href":"https:\/\/www.reiniku.edu.ee\/index.php\/wp-json\/wp\/v2\/pages"}],"about":[{"href":"https:\/\/www.reiniku.edu.ee\/index.php\/wp-json\/wp\/v2\/types\/page"}],"author":[{"embeddable":true,"href":"https:\/\/www.reiniku.edu.ee\/index.php\/wp-json\/wp\/v2\/users\/11"}],"replies":[{"embeddable":true,"href":"https:\/\/www.reiniku.edu.ee\/index.php\/wp-json\/wp\/v2\/comments?post=6878"}],"version-history":[{"count":5,"href":"https:\/\/www.reiniku.edu.ee\/index.php\/wp-json\/wp\/v2\/pages\/6878\/revisions"}],"predecessor-version":[{"id":6886,"href":"https:\/\/www.reiniku.edu.ee\/index.php\/wp-json\/wp\/v2\/pages\/6878\/revisions\/6886"}],"wp:attachment":[{"href":"https:\/\/www.reiniku.edu.ee\/index.php\/wp-json\/wp\/v2\/media?parent=6878"}],"curies":[{"name":"wp","href":"https:\/\/api.w.org\/{rel}","templated":true}]}}