{"id":7904,"date":"2026-01-30T10:08:13","date_gmt":"2026-01-30T08:08:13","guid":{"rendered":"https:\/\/www.reiniku.edu.ee\/?page_id=7904"},"modified":"2026-03-17T10:08:30","modified_gmt":"2026-03-17T08:08:30","slug":"vastuvott-muusikaklassi-2026-2027-oa","status":"publish","type":"page","link":"https:\/\/www.reiniku.edu.ee\/index.php\/vastuvott-muusikaklassi-2026-2027-oa\/","title":{"rendered":"Vastuv\u00f5tt muusikaklassi 2026\/2027 \u00f5a"},"content":{"rendered":"<p>Tartu Mart Reiniku Kool avab s\u00fcgisel koolitulevatele lastele\u00a0<strong>muusikaklassi.<\/strong><\/p>\n<p><strong>MUUSIKAKLASS<\/strong>\u00a0moodustatakse koolis toimuva vestluse ja musitseerimise alusel.<\/p>\n<p><strong>Vestlused 2026\/2027. \u00f5a 1. kl muusikaklassi soovijatele toimuvad<br \/>\n7. aprillil kell 14.30-18.00\u00a0<\/strong>ja<strong>\u00a09. aprillil kell 14.30-18.00\u00a0<\/strong>Vanemuine 48 \u00f5ppehoones.<\/p>\n<p><strong>Muusikaklassi soovijail palume broneerida eelnevalt vestluse aeg<\/strong>\u00a0(igale lapsele planeeritud 15 minutit)\u00a0<strong>telefonil 736 1960 v\u00f5i sekret\u00e4ri juures<\/strong>\u00a0(Vanemuise 48). Seda v\u00f5ib teha enne taotluse esitamist.<\/p>\n<p>L\u00fchivestlused toimuvad kahes osas:<\/p>\n<ul>\n<li>Klassi\u00f5petaja vestleb lapsega (soovi korral vanema juuresolekul).<\/li>\n<li>Muusika\u00f5petaja vestleb ja musitseerib koos lapsega: laps laulab ette omal valikul eelnevalt \u00f5pitud laulu, koputab j\u00e4rele r\u00fctme, kuulab helik\u00f5rgusi ja laulab j\u00e4rele. Muusika\u00f5petaja vestleb vanema(te)ga.<\/li>\n<\/ul>\n<p>Muusikaklassi klassijuhatajaks saab \u00f5petaja Merle Parv<br \/>\nMuusika\u00f5petajad on Imbi P\u00e4rtelpoeg ja Triin Saariste.<\/p>\n<p><strong>1A klassi klassi\u00f5petaja Merle Parve tervitus:<\/strong> <a href=\"https:\/\/youtube.com\/shorts\/j5Y1UXKO01w?si=bfYnBwQMu8qo8W_B\" target=\"_blank\" rel=\"noopener\">https:\/\/youtube.com\/shorts\/j5Y1UXKO01w?si=bfYnBwQMu8qo8W_B<\/a><\/p>\n<p><strong>Muusikaklassi tegemisi tutvustav video:\u00a0<\/strong><a href=\"https:\/\/www.youtube.com\/watch?v=WFIXp5fQq4E\">https:\/\/www.youtube.com\/watch?v=WFIXp5fQq4E<\/a><\/p>\n<p>Tulemuste teavitamine toimub individuaalselt e-posti teel aprillikuu jooksul. Muusikaklassi \u00f5pilaste nimekirja kodulehel ei avaldata.<\/p>\n<p>NB!\u00a0Ka muusikaklassi \u00f5pilastel on v\u00f5imalus 4. klassi l\u00f5pus soovi korral kandideerida reaalklassi.<\/p>\n<p>Esmased uute esimeste klasside nimekirjad saavad paika juunikuu esimese n\u00e4dala jooksul.<\/p>\n<p><strong>2026\/2027. \u00f5a 1. klasside klassi\u00f5petajad:<\/strong><br \/>\n<strong>1A<\/strong> (muusikaklass)- <strong>MERLE PARV<\/strong>;<br \/>\n<strong>1B<\/strong> (tavaklass)- <strong>AIVE K\u00c4\u00c4RIK<\/strong>;<br \/>\n<strong>1C<\/strong> klass (tavaklass)- <strong>LEA KIVI<\/strong>.<\/p>\n<p><strong>Uute 2026\/2027 \u00f5a 1. klasside tutvumis\u00fcritus\u00a0toimub\u00a011. juunil\u00a0(neljap\u00e4ev) kell 18.00 algklasside \u00f5ppehoones\u00a0<\/strong>(Riia 25)<strong>.<\/strong><\/p>\n","protected":false},"excerpt":{"rendered":"<p>Tartu Mart Reiniku Kool avab s\u00fcgisel koolitulevatele lastele\u00a0muusikaklassi. MUUSIKAKLASS\u00a0moodustatakse koolis toimuva vestluse ja musitseerimise alusel. Vestlused 2026\/2027. \u00f5a 1. kl muusikaklassi soovijatele toimuvad 7. aprillil kell 14.30-18.00\u00a0ja\u00a09. aprillil kell 14.30-18.00\u00a0Vanemuine 48 \u00f5ppehoones. Muusikaklassi soovijail palume broneerida eelnevalt vestluse aeg\u00a0(igale lapsele planeeritud 15 minutit)\u00a0telefonil 736 1960 v\u00f5i sekret\u00e4ri juures\u00a0(Vanemuise 48). Seda v\u00f5ib teha enne taotluse esitamist. [&hellip;]<\/p>\n","protected":false},"author":14,"featured_media":0,"parent":0,"menu_order":0,"comment_status":"closed","ping_status":"closed","template":"","meta":{"footnotes":""},"class_list":["post-7904","page","type-page","status-publish","hentry"],"_links":{"self":[{"href":"https:\/\/www.reiniku.edu.ee\/index.php\/wp-json\/wp\/v2\/pages\/7904","targetHints":{"allow":["GET"]}}],"collection":[{"href":"https:\/\/www.reiniku.edu.ee\/index.php\/wp-json\/wp\/v2\/pages"}],"about":[{"href":"https:\/\/www.reiniku.edu.ee\/index.php\/wp-json\/wp\/v2\/types\/page"}],"author":[{"embeddable":true,"href":"https:\/\/www.reiniku.edu.ee\/index.php\/wp-json\/wp\/v2\/users\/14"}],"replies":[{"embeddable":true,"href":"https:\/\/www.reiniku.edu.ee\/index.php\/wp-json\/wp\/v2\/comments?post=7904"}],"version-history":[{"count":13,"href":"https:\/\/www.reiniku.edu.ee\/index.php\/wp-json\/wp\/v2\/pages\/7904\/revisions"}],"predecessor-version":[{"id":8035,"href":"https:\/\/www.reiniku.edu.ee\/index.php\/wp-json\/wp\/v2\/pages\/7904\/revisions\/8035"}],"wp:attachment":[{"href":"https:\/\/www.reiniku.edu.ee\/index.php\/wp-json\/wp\/v2\/media?parent=7904"}],"curies":[{"name":"wp","href":"https:\/\/api.w.org\/{rel}","templated":true}]}}